{"id":10209,"date":"2026-01-15T07:41:46","date_gmt":"2026-01-15T06:41:46","guid":{"rendered":"https:\/\/www.fermelepavillon.com\/historien\/"},"modified":"2026-03-26T23:31:29","modified_gmt":"2026-03-26T22:31:29","slug":"om-os","status":"publish","type":"page","link":"https:\/\/www.fermelepavillon.com\/da\/om-os\/","title":{"rendered":"Historien"},"content":{"rendered":"<p>[vc_row simple_background_color=&#8221;#f7f8f9&#8243; css=&#8221;.vc_custom_1511187963893{padding-top: 130px !important;padding-bottom: 130px !important;}&#8221;][vc_column][vc_row_inner row_content_width=&#8221;grid&#8221;][vc_column_inner]<div class=\"eltd-elements-holder   eltd-two-columns  eltd-responsive-mode-768 \" ><div class=\"eltd-eh-item    \"  data-item-class=\"eltd-eh-custom-9174\">\n\t<div class=\"eltd-eh-item-inner\">\n\t\t<div class=\"eltd-eh-item-content eltd-eh-custom-9174\" style=\"padding: 0 0 0 0\">\n\t\t\t<div class=\"eltd-image-gallery  eltd-ig-slider-type eltd-large-space   eltd-custom-nav eltd-custom-nav-right eltd-hide-pagination\">\n\t<div class=\"eltd-ig-slider eltd-owl-slider\" data-number-of-items=\"1\" data-enable-loop=\"yes\" data-enable-autoplay=\"yes\" data-slider-speed=\"5000\" data-slider-speed-animation=\"600\" data-slider-padding=\"no\" data-enable-navigation=\"yes\" data-enable-custom-navigation=\"yes\" data-enable-pagination=\"yes\" data-slider-animate-out=\"fadeOut\">\n\t\t\t\t\t<div class=\"eltd-ig-image\">\n\t\t\t\t\t\t\t\t\t<img data-recalc-dims=\"1\" loading=\"lazy\" decoding=\"async\" src=\"https:\/\/i0.wp.com\/www.fermelepavillon.com\/wp-content\/uploads\/2025\/10\/IMG_8215_VSCO-1-scaled.jpeg?resize=1000%2C1000&#038;ssl=1\" alt=\"\" width=\"1000\" height=\"1000\" \/>\t\t\t\t\t\t\t<\/div>\n\t\t\t<\/div>\n<\/div>\t\t<\/div>\n\t<\/div>\n<\/div><div class=\"eltd-eh-item   eltd-horizontal-alignment-center \" style=\"background-color: #ffffff\" data-item-class=\"eltd-eh-custom-4661\" data-1280-1600=\"0 11% 0 11%\" data-1024-1280=\"0 11% 0 11%\" data-768-1024=\"0px 5% 0px 5%\" data-680-768=\"27% 14% 27% 14%\">\n\t<div class=\"eltd-eh-item-inner\">\n\t\t<div class=\"eltd-eh-item-content eltd-eh-custom-4661\" style=\"padding: 0 10% 0 10%\">\n\t\t\t<div class=\"eltd-section-title-holder   eltd-st-text-position-&#8221;&#8221;\" style=\"text-align: &#8221;&#8221;\">\n    <div class=\"eltd-section-title-inner\">\n                    <&#8221;&#8221; class=\"eltd-st-subtitle\" >\n                <span>&#8221;Bienvenue&#8221;<\/span>\n            <\/&#8221;&#8221;>\n                                    <p class=\"eltd-st-text\" style=\"font-size: 15px;line-height: 29px;font-weight: &#8221;&#8221;;margin: 30px 30px 0 30px\">&#8221;En<\/p>\n                    <\/div>\n<\/div>\t\t<\/div>\n\t<\/div>\n<\/div><\/div><div class=\"eltd-elements-holder   eltd-two-columns  eltd-responsive-mode-768 \" ><div class=\"eltd-eh-item   eltd-horizontal-alignment-center \" style=\"background-color: #ffffff\" data-item-class=\"eltd-eh-custom-5266\" data-1280-1600=\"0 11% 0 11%\" data-1024-1280=\"0 11% 0 11%\" data-768-1024=\"0px 5% 0px 5%\" data-680-768=\"27% 14% 27% 14%\">\n\t<div class=\"eltd-eh-item-inner\">\n\t\t<div class=\"eltd-eh-item-content eltd-eh-custom-5266\" style=\"padding: 0 17% 0 17%\">\n\t\t\t<div class=\"eltd-section-title-holder eltd-separator-disabled  \" >\n    <div class=\"eltd-section-title-inner\">\n                    <h5 class=\"eltd-st-subtitle\" >\n                <span>Chambre d&#039;h\u00f4tes<\/span>\n            <\/h5>\n                            <h2 class=\"eltd-st-title \" >\n                <span class=\"eltd-st-before\"><\/span>\n                <span>V\u00e6relser<\/span>\n            <\/h2>\n                            <p class=\"eltd-st-text\" style=\"font-size: 15px;line-height: 29px;margin: 30px 30px 0 30px\">Vi \u00f8nsker, at dit ophold p\u00e5 Ferme le Pavillon bliver en afslappende og sanselig oplevelse, hvor hver eneste detalje indbyder til at s\u00e6tte farten ned og nyde \u00f8jeblikket. Hvert rum er gennemt\u00e6nkt som en helhed: Farver, lys og rum harmonerer naturligt og blander det gamle med det moderne p\u00e5 en harmonisk m\u00e5de for at skabe ro og inspiration. Hovedhuset rummer fire dobbeltv\u00e6relser, der for nylig er blevet renoveret i en stil, der er b\u00e5de enkel og raffineret. Overfor ligger bergeriet med to store familiev\u00e6relser, det ene t\u00e6t p\u00e5 gr\u00e6spl\u00e6nen og det andet t\u00e6t p\u00e5 swimmingpoolen, i en mere rustik og autentisk stil, der respekterer den gamle g\u00e5rdbygning.<\/p>\n                    <\/div>\n<\/div>[vc_empty_space height=&#8221;40px&#8221;]<a itemprop=\"url\" href=\"https:\/\/www.fermelepavillon.com\/fr\/chambres\/\" target=\"_self\"  class=\"eltd-btn eltd-btn-medium eltd-btn-solid eltd-btn-line-left eltd-btn-animation-enabled\"  >\n    <span class=\"eltd-btn-text\">V\u00e6relser<\/span>\n\n        \t<span class=\"eltd-btn-hover-overlay\" ><\/span>\n    \n    <\/a>\t\t<\/div>\n\t<\/div>\n<\/div><div class=\"eltd-eh-item    \"  data-item-class=\"eltd-eh-custom-2513\">\n\t<div class=\"eltd-eh-item-inner\">\n\t\t<div class=\"eltd-eh-item-content eltd-eh-custom-2513\" style=\"padding: 0 0 0 0\">\n\t\t\t<div class=\"eltd-image-gallery  eltd-ig-slider-type eltd-large-space   eltd-custom-nav eltd-custom-nav-right eltd-hide-pagination\">\n\t<div class=\"eltd-ig-slider eltd-owl-slider\" data-number-of-items=\"1\" data-enable-loop=\"yes\" data-enable-autoplay=\"yes\" data-slider-speed=\"5000\" data-slider-speed-animation=\"600\" data-slider-padding=\"no\" data-enable-navigation=\"yes\" data-enable-custom-navigation=\"yes\" data-enable-pagination=\"yes\" data-slider-animate-out=\"fadeOut\">\n\t\t\t\t\t<div class=\"eltd-ig-image\">\n\t\t\t\t\t\t\t\t\t<img data-recalc-dims=\"1\" loading=\"lazy\" decoding=\"async\" src=\"https:\/\/i0.wp.com\/www.fermelepavillon.com\/wp-content\/uploads\/2025\/01\/Room-4-Ferme-Le-Pavillon-6-1.jpeg?resize=1000%2C1000&#038;ssl=1\" alt=\"\" width=\"1000\" height=\"1000\" \/>\t\t\t\t\t\t\t<\/div>\n\t\t\t\t\t<div class=\"eltd-ig-image\">\n\t\t\t\t\t\t\t\t\t<img data-recalc-dims=\"1\" loading=\"lazy\" decoding=\"async\" src=\"https:\/\/i0.wp.com\/www.fermelepavillon.com\/wp-content\/uploads\/2025\/10\/FullSizeRender_VSCO-9-2.jpeg?resize=1000%2C1000&#038;ssl=1\" alt=\"\" width=\"1000\" height=\"1000\" \/>\t\t\t\t\t\t\t<\/div>\n\t\t\t<\/div>\n<\/div>\t\t<\/div>\n\t<\/div>\n<\/div><\/div><div class=\"eltd-elements-holder   eltd-two-columns  eltd-responsive-mode-768 \" ><div class=\"eltd-eh-item    \"  data-item-class=\"eltd-eh-custom-6700\">\n\t<div class=\"eltd-eh-item-inner\">\n\t\t<div class=\"eltd-eh-item-content eltd-eh-custom-6700\" style=\"padding: 0 0 0 0\">\n\t\t\t<div class=\"eltd-image-gallery  eltd-ig-slider-type eltd-large-space   eltd-custom-nav eltd-custom-nav-right eltd-hide-pagination\">\n\t<div class=\"eltd-ig-slider eltd-owl-slider\" data-number-of-items=\"1\" data-enable-loop=\"yes\" data-enable-autoplay=\"yes\" data-slider-speed=\"5000\" data-slider-speed-animation=\"600\" data-slider-padding=\"no\" data-enable-navigation=\"yes\" data-enable-custom-navigation=\"yes\" data-enable-pagination=\"yes\" data-slider-animate-out=\"fadeOut\">\n\t\t\t\t\t<div class=\"eltd-ig-image\">\n\t\t\t\t\t\t\t\t\t<img data-recalc-dims=\"1\" loading=\"lazy\" decoding=\"async\" src=\"https:\/\/i0.wp.com\/www.fermelepavillon.com\/wp-content\/uploads\/2025\/10\/FullSizeRender_VSCO-scaled.jpeg?resize=1000%2C1000&#038;ssl=1\" alt=\"\" width=\"1000\" height=\"1000\" \/>\t\t\t\t\t\t\t<\/div>\n\t\t\t\t\t<div class=\"eltd-ig-image\">\n\t\t\t\t\t\t\t\t\t<img data-recalc-dims=\"1\" loading=\"lazy\" decoding=\"async\" src=\"https:\/\/i0.wp.com\/www.fermelepavillon.com\/wp-content\/uploads\/2025\/10\/FullSizeRender_VSCO-12-scaled.jpeg?resize=1000%2C1000&#038;ssl=1\" alt=\"\" width=\"1000\" height=\"1000\" \/>\t\t\t\t\t\t\t<\/div>\n\t\t\t\t\t<div class=\"eltd-ig-image\">\n\t\t\t\t\t\t\t\t\t<img data-recalc-dims=\"1\" loading=\"lazy\" decoding=\"async\" src=\"https:\/\/i0.wp.com\/www.fermelepavillon.com\/wp-content\/uploads\/2025\/10\/FullSizeRender_VSCO-6-scaled.jpeg?resize=1000%2C1000&#038;ssl=1\" alt=\"\" width=\"1000\" height=\"1000\" \/>\t\t\t\t\t\t\t<\/div>\n\t\t\t\t\t<div class=\"eltd-ig-image\">\n\t\t\t\t\t\t\t\t\t<img data-recalc-dims=\"1\" loading=\"lazy\" decoding=\"async\" src=\"https:\/\/i0.wp.com\/www.fermelepavillon.com\/wp-content\/uploads\/2025\/03\/img_about_food05.webp?resize=1000%2C1000&#038;ssl=1\" alt=\"\" width=\"1000\" height=\"1000\" \/>\t\t\t\t\t\t\t<\/div>\n\t\t\t<\/div>\n<\/div>\t\t<\/div>\n\t<\/div>\n<\/div><div class=\"eltd-eh-item   eltd-horizontal-alignment-center \" style=\"background-color: #ffffff\" data-item-class=\"eltd-eh-custom-7626\" data-1280-1600=\"0 11% 0 11%\" data-1024-1280=\"0 11% 0 11%\" data-768-1024=\"0px 5% 0px 5%\" data-680-768=\"27% 14% 27% 14%\">\n\t<div class=\"eltd-eh-item-inner\">\n\t\t<div class=\"eltd-eh-item-content eltd-eh-custom-7626\" style=\"padding: 0 17% 0 17%\">\n\t\t\t<div class=\"eltd-section-title-holder eltd-separator-disabled  \" >\n    <div class=\"eltd-section-title-inner\">\n                    <h5 class=\"eltd-st-subtitle\" >\n                <span>Restauration<\/span>\n            <\/h5>\n                            <h2 class=\"eltd-st-title \" >\n                <span class=\"eltd-st-before\"><\/span>\n                <span>K\u00f8kken filosofi<\/span>\n            <\/h2>\n                            <p class=\"eltd-st-text\" style=\"font-size: 15px;line-height: 29px;margin: 30px 30px 0 30px\">Vores gourmet restaurant tilbyder en rejse for sanserne mellem Provence&#039;s gyldne lys og Nordens rene linier. Hver ret hylder jorden, \u00e5rstiden og det rette h\u00e5ndelag i et k\u00f8kken, hvor enkelhed bliver til kunst, og hvor hver smag afsl\u00f8rer en autentisk f\u00f8lelse. Til frokost er menuen inspireret af markedet og \u00f8jeblikket, hvilket giver en hyggelig og spontan oplevelse pr\u00e6get af friskhed og gener\u00f8sitet. Til middag er der plads til en menu i flere retter, en \u00e6gte gastronomisk oplevelse, hvor kreativiteten udtrykkes med finesse og glans i en subtil dialog mellem natur, r\u00e5varer og f\u00f8lelser med valg mellem to menuer, en kort og en l\u00e6ngere. Her m\u00f8der sydens gener\u00f8sitet skandinavisk elegance i en lysende harmoni mellem design, smag og livsstil.<\/p>\n                    <\/div>\n<\/div>[vc_empty_space height=&#8221;40px&#8221;]<a itemprop=\"url\" href=\"https:\/\/www.fermelepavillon.com\/fr\/latable\/\" target=\"_self\"  class=\"eltd-btn eltd-btn-medium eltd-btn-solid eltd-btn-line-left eltd-btn-animation-enabled\"  >\n    <span class=\"eltd-btn-text\">L\u00e6s mere<\/span>\n\n        \t<span class=\"eltd-btn-hover-overlay\" ><\/span>\n    \n    <\/a>\t\t<\/div>\n\t<\/div>\n<\/div><\/div>[\/vc_column_inner][\/vc_row_inner][\/vc_column][\/vc_row]<\/p>\n","protected":false},"excerpt":{"rendered":"<p>[vc_row simple_background_color=&#8221;#f7f8f9&#8243; css=&#8221;.vc_custom_1511187963893{padding-top: 130px !important;padding-bottom: 130px !important;}&#8221;][vc_column][vc_row_inner row_content_width=&#8221;grid&#8221;][vc_column_inner][\/vc_column_inner][\/vc_row_inner][\/vc_column][\/vc_row]<\/p>\n","protected":false},"author":2,"featured_media":0,"parent":0,"menu_order":37,"comment_status":"closed","ping_status":"closed","template":"full-width.php","meta":{"om_disable_all_campaigns":false,"jetpack_post_was_ever_published":false,"footnotes":""},"class_list":["post-10209","page","type-page","status-publish","hentry"],"yoast_head":"<!-- This site is optimized with the Yoast SEO plugin v26.7 - https:\/\/yoast.com\/wordpress\/plugins\/seo\/ -->\n<title>Historien - fermelepavillon<\/title>\n<meta name=\"description\" content=\"Ferme le Pavillon is a quiet spot centrally placed in Provence, in France. We have four rooms, a family room and an apartment. Whether it&#039;s summertime by the pool or an Autumn trip to Provence, book your next vacation in the southern in France.\" \/>\n<meta name=\"robots\" content=\"index, follow, max-snippet:-1, max-image-preview:large, max-video-preview:-1\" \/>\n<link rel=\"canonical\" href=\"https:\/\/www.fermelepavillon.com\/da\/om-os\/\" \/>\n<meta property=\"og:locale\" content=\"da_DK\" \/>\n<meta property=\"og:type\" content=\"article\" \/>\n<meta property=\"og:title\" content=\"Historien - fermelepavillon\" \/>\n<meta property=\"og:description\" content=\"Ferme le Pavillon is a quiet spot centrally placed in Provence, in France. We have four rooms, a family room and an apartment. Whether it&#039;s summertime by the pool or an Autumn trip to Provence, book your next vacation in the southern in France.\" \/>\n<meta property=\"og:url\" content=\"https:\/\/www.fermelepavillon.com\/da\/om-os\/\" \/>\n<meta property=\"og:site_name\" content=\"fermelepavillon\" \/>\n<meta property=\"article:publisher\" content=\"https:\/\/www.facebook.com\/Ferme-le-Pavillon-511026409429922\/\" \/>\n<meta property=\"article:modified_time\" content=\"2026-03-26T22:31:29+00:00\" \/>\n<meta property=\"og:image\" content=\"https:\/\/i0.wp.com\/www.fermelepavillon.com\/wp-content\/uploads\/2025\/03\/Ferme-Le-Pavillon.webp?fit=710%2C512&ssl=1\" \/>\n\t<meta property=\"og:image:width\" content=\"710\" \/>\n\t<meta property=\"og:image:height\" content=\"512\" \/>\n\t<meta property=\"og:image:type\" content=\"image\/webp\" \/>\n<meta name=\"twitter:card\" content=\"summary_large_image\" \/>\n<meta name=\"twitter:label1\" content=\"Estimeret l\u00e6setid\" \/>\n\t<meta name=\"twitter:data1\" content=\"3 minutter\" \/>\n<script type=\"application\/ld+json\" class=\"yoast-schema-graph\">{\"@context\":\"https:\/\/schema.org\",\"@graph\":[{\"@type\":\"WebPage\",\"@id\":\"https:\/\/www.fermelepavillon.com\/da\/om-os\/\",\"url\":\"https:\/\/www.fermelepavillon.com\/da\/om-os\/\",\"name\":\"Historien - fermelepavillon\",\"isPartOf\":{\"@id\":\"https:\/\/www.fermelepavillon.com\/fr\/#website\"},\"datePublished\":\"2026-01-15T06:41:46+00:00\",\"dateModified\":\"2026-03-26T22:31:29+00:00\",\"description\":\"Ferme le Pavillon is a quiet spot centrally placed in Provence, in France. We have four rooms, a family room and an apartment. Whether it's summertime by the pool or an Autumn trip to Provence, book your next vacation in the southern in France.\",\"breadcrumb\":{\"@id\":\"https:\/\/www.fermelepavillon.com\/da\/om-os\/#breadcrumb\"},\"inLanguage\":\"da-DK\",\"potentialAction\":[{\"@type\":\"ReadAction\",\"target\":[\"https:\/\/www.fermelepavillon.com\/da\/om-os\/\"]}]},{\"@type\":\"BreadcrumbList\",\"@id\":\"https:\/\/www.fermelepavillon.com\/da\/om-os\/#breadcrumb\",\"itemListElement\":[{\"@type\":\"ListItem\",\"position\":1,\"name\":\"Accueil\",\"item\":\"https:\/\/www.fermelepavillon.com\/da\/velkommen-til-ferme-le-pavillon\/\"},{\"@type\":\"ListItem\",\"position\":2,\"name\":\"Historien\"}]},{\"@type\":\"WebSite\",\"@id\":\"https:\/\/www.fermelepavillon.com\/fr\/#website\",\"url\":\"https:\/\/www.fermelepavillon.com\/fr\/\",\"name\":\"Ferme Le Pavillon\",\"description\":\"Rooms &amp; Restaurant in the Southern France\",\"alternateName\":\"FLP\",\"potentialAction\":[{\"@type\":\"SearchAction\",\"target\":{\"@type\":\"EntryPoint\",\"urlTemplate\":\"https:\/\/www.fermelepavillon.com\/fr\/?s={search_term_string}\"},\"query-input\":{\"@type\":\"PropertyValueSpecification\",\"valueRequired\":true,\"valueName\":\"search_term_string\"}}],\"inLanguage\":\"da-DK\"}]}<\/script>\n<!-- \/ Yoast SEO plugin. -->","yoast_head_json":{"title":"Historien - fermelepavillon","description":"Ferme le Pavillon is a quiet spot centrally placed in Provence, in France. We have four rooms, a family room and an apartment. Whether it's summertime by the pool or an Autumn trip to Provence, book your next vacation in the southern in France.","robots":{"index":"index","follow":"follow","max-snippet":"max-snippet:-1","max-image-preview":"max-image-preview:large","max-video-preview":"max-video-preview:-1"},"canonical":"https:\/\/www.fermelepavillon.com\/da\/om-os\/","og_locale":"da_DK","og_type":"article","og_title":"Historien - fermelepavillon","og_description":"Ferme le Pavillon is a quiet spot centrally placed in Provence, in France. We have four rooms, a family room and an apartment. Whether it's summertime by the pool or an Autumn trip to Provence, book your next vacation in the southern in France.","og_url":"https:\/\/www.fermelepavillon.com\/da\/om-os\/","og_site_name":"fermelepavillon","article_publisher":"https:\/\/www.facebook.com\/Ferme-le-Pavillon-511026409429922\/","article_modified_time":"2026-03-26T22:31:29+00:00","og_image":[{"width":710,"height":512,"url":"https:\/\/i0.wp.com\/www.fermelepavillon.com\/wp-content\/uploads\/2025\/03\/Ferme-Le-Pavillon.webp?fit=710%2C512&ssl=1","type":"image\/webp"}],"twitter_card":"summary_large_image","twitter_misc":{"Estimeret l\u00e6setid":"3 minutter"},"schema":{"@context":"https:\/\/schema.org","@graph":[{"@type":"WebPage","@id":"https:\/\/www.fermelepavillon.com\/da\/om-os\/","url":"https:\/\/www.fermelepavillon.com\/da\/om-os\/","name":"Historien - fermelepavillon","isPartOf":{"@id":"https:\/\/www.fermelepavillon.com\/fr\/#website"},"datePublished":"2026-01-15T06:41:46+00:00","dateModified":"2026-03-26T22:31:29+00:00","description":"Ferme le Pavillon is a quiet spot centrally placed in Provence, in France. We have four rooms, a family room and an apartment. Whether it's summertime by the pool or an Autumn trip to Provence, book your next vacation in the southern in France.","breadcrumb":{"@id":"https:\/\/www.fermelepavillon.com\/da\/om-os\/#breadcrumb"},"inLanguage":"da-DK","potentialAction":[{"@type":"ReadAction","target":["https:\/\/www.fermelepavillon.com\/da\/om-os\/"]}]},{"@type":"BreadcrumbList","@id":"https:\/\/www.fermelepavillon.com\/da\/om-os\/#breadcrumb","itemListElement":[{"@type":"ListItem","position":1,"name":"Accueil","item":"https:\/\/www.fermelepavillon.com\/da\/velkommen-til-ferme-le-pavillon\/"},{"@type":"ListItem","position":2,"name":"Historien"}]},{"@type":"WebSite","@id":"https:\/\/www.fermelepavillon.com\/fr\/#website","url":"https:\/\/www.fermelepavillon.com\/fr\/","name":"Ferme Le Pavillon","description":"Rooms &amp; Restaurant in the Southern France","alternateName":"FLP","potentialAction":[{"@type":"SearchAction","target":{"@type":"EntryPoint","urlTemplate":"https:\/\/www.fermelepavillon.com\/fr\/?s={search_term_string}"},"query-input":{"@type":"PropertyValueSpecification","valueRequired":true,"valueName":"search_term_string"}}],"inLanguage":"da-DK"}]}},"jetpack_sharing_enabled":true,"jetpack_shortlink":"https:\/\/wp.me\/PaSCF6-2EF","jetpack-related-posts":[{"id":7695,"url":"https:\/\/www.fermelepavillon.com\/fr\/decouvrir\/","url_meta":{"origin":10209,"position":0},"title":"D\u00e9couvrir","author":"Christel Nellemann","date":"7 maj 2020","format":false,"excerpt":"[vc_row simple_background_color=\"#f7f8f9\" css=\".vc_custom_1511187963893{padding-top: 130px !important;padding-bottom: 130px !important;}\"][vc_column][vc_row_inner row_content_width=\"grid\"][vc_column_inner][\/vc_column_inner][\/vc_row_inner][\/vc_column][\/vc_row]","rel":"","context":"Similar post","block_context":{"text":"Similar post","link":""},"img":{"alt_text":"","src":"","width":0,"height":0},"classes":[]},{"id":6473,"url":"https:\/\/www.fermelepavillon.com\/en\/about\/","url_meta":{"origin":10209,"position":1},"title":"About","author":"Christel Nellemann","date":"19 februar 2019","format":false,"excerpt":"[vc_row simple_background_color=\"#f7f8f9\" css=\".vc_custom_1511187963893{padding-top: 130px !important;padding-bottom: 130px !important;}\"][vc_column][vc_row_inner row_content_width=\"grid\"][vc_column_inner][\/vc_column_inner][\/vc_row_inner][\/vc_column][\/vc_row]","rel":"","context":"Similar post","block_context":{"text":"Similar post","link":""},"img":{"alt_text":"","src":"","width":0,"height":0},"classes":[]},{"id":1089,"url":"https:\/\/www.fermelepavillon.com\/fr\/home-page\/","url_meta":{"origin":10209,"position":2},"title":"Ferme le Pavillon","author":"Christel Nellemann","date":"15 november 2017","format":false,"excerpt":"[vc_row][vc_column][\/vc_column][\/vc_row][vc_row row_content_width=\"grid\" css=\".vc_custom_1612519300178{padding-top: 40px !important;padding-bottom: 79px !important;}\"][vc_column width=\"1\/3\"][\/vc_column][vc_column width=\"2\/3\"][\/vc_column][\/vc_row][vc_row css=\".vc_custom_1511425817892{margin-right: 30px !important;margin-bottom: 30px !important;margin-left: 30px !important;background-color: #f8f6f8 !important;background-position: center !important;background-repeat: no-repeat !important;background-size: contain !important;}\"][vc_column][\/vc_column][\/vc_row][vc_row css=\".vc_custom_1511425817892{margin-right: 30px !important;margin-bottom: 30px !important;margin-left: 30px !important;background-color: #f8f6f8 !important;background-position: center !important;background-repeat: no-repeat !important;background-size: contain !important;}\"][vc_column][\/vc_column][\/vc_row][vc_row content_text_aligment=\"center\" parallax_background_image=\"6617\" css=\".vc_custom_1550679720952{margin-right: 30px !important;margin-bottom: 30px !important;margin-left: 30px !important;}\"][vc_column][\/vc_column][\/vc_row][vc_row][vc_column][vc_single_image image=\"8429\" img_size=\"full\"][\/vc_column][\/vc_row]","rel":"","context":"Similar post","block_context":{"text":"Similar post","link":""},"img":{"alt_text":"","src":"","width":0,"height":0},"classes":[]},{"id":7250,"url":"https:\/\/www.fermelepavillon.com\/da\/home-page-3-2\/","url_meta":{"origin":10209,"position":3},"title":"ancienne page home","author":"Christophe Vedel","date":"4 april 2019","format":false,"excerpt":"[vc_row][vc_column][\/vc_column][\/vc_row][vc_row css=\".vc_custom_1511425817892{margin-right: 30px !important;margin-bottom: 30px !important;margin-left: 30px !important;background-color: #f8f6f8 !important;background-position: center !important;background-repeat: no-repeat !important;background-size: contain !important;}\"][vc_column][\/vc_column][\/vc_row][vc_row content_text_aligment=\"center\" parallax_background_image=\"6617\" css=\".vc_custom_1550679720952{margin-right: 30px !important;margin-bottom: 30px !important;margin-left: 30px !important;}\"][vc_column][\/vc_column][\/vc_row][vc_row][vc_column][\/vc_column][\/vc_row]","rel":"","context":"Similar post","block_context":{"text":"Similar post","link":""},"img":{"alt_text":"","src":"","width":0,"height":0},"classes":[]},{"id":7773,"url":"https:\/\/www.fermelepavillon.com\/fr\/contact\/","url_meta":{"origin":10209,"position":4},"title":"Contact","author":"Christel Nellemann","date":"11 maj 2020","format":false,"excerpt":"[vc_row][vc_column][vc_empty_space height=\"50px\"][\/vc_column][\/vc_row][vc_row row_content_width=\"grid\" css=\".vc_custom_1511960062891{padding-top: 112px !important;padding-bottom: 140px !important;}\"][vc_column width=\"1\/2\" offset=\"vc_col-lg-6 vc_col-md-12\"][\/vc_column][vc_column width=\"1\/2\" offset=\"vc_col-lg-6 vc_col-md-12\"][vc_empty_space height=\"90px\"][vc_column_text]INSCRIPTION NEWSLETTER[\/vc_column_text][\/vc_column][\/vc_row][vc_row disable_element=\"yes\"][vc_column][\/vc_column][\/vc_row]","rel":"","context":"Similar post","block_context":{"text":"Similar post","link":""},"img":{"alt_text":"","src":"","width":0,"height":0},"classes":[]},{"id":7932,"url":"https:\/\/www.fermelepavillon.com\/da\/kontakt\/","url_meta":{"origin":10209,"position":5},"title":"Kontakt","author":"Christel Nellemann","date":"5 februar 2021","format":false,"excerpt":"[vc_row][vc_column][vc_empty_space height=\"50px\"][\/vc_column][\/vc_row][vc_row row_content_width=\"grid\" css=\".vc_custom_1511960062891{padding-top: 112px !important;padding-bottom: 140px !important;}\"][vc_column width=\"1\/2\" offset=\"vc_col-lg-6 vc_col-md-12\"][\/vc_column][vc_column width=\"1\/2\" offset=\"vc_col-lg-6 vc_col-md-12\"][vc_empty_space height=\"80px\"][vc_column_text]TILMELDING NYHEDSBREV[\/vc_column_text][\/vc_column][\/vc_row][vc_row disable_element=\"yes\"][vc_column][\/vc_column][\/vc_row]","rel":"","context":"Similar post","block_context":{"text":"Similar post","link":""},"img":{"alt_text":"","src":"","width":0,"height":0},"classes":[]}],"_links":{"self":[{"href":"https:\/\/www.fermelepavillon.com\/da\/wp-json\/wp\/v2\/pages\/10209","targetHints":{"allow":["GET"]}}],"collection":[{"href":"https:\/\/www.fermelepavillon.com\/da\/wp-json\/wp\/v2\/pages"}],"about":[{"href":"https:\/\/www.fermelepavillon.com\/da\/wp-json\/wp\/v2\/types\/page"}],"author":[{"embeddable":true,"href":"https:\/\/www.fermelepavillon.com\/da\/wp-json\/wp\/v2\/users\/2"}],"replies":[{"embeddable":true,"href":"https:\/\/www.fermelepavillon.com\/da\/wp-json\/wp\/v2\/comments?post=10209"}],"version-history":[{"count":7,"href":"https:\/\/www.fermelepavillon.com\/da\/wp-json\/wp\/v2\/pages\/10209\/revisions"}],"predecessor-version":[{"id":10264,"href":"https:\/\/www.fermelepavillon.com\/da\/wp-json\/wp\/v2\/pages\/10209\/revisions\/10264"}],"wp:attachment":[{"href":"https:\/\/www.fermelepavillon.com\/da\/wp-json\/wp\/v2\/media?parent=10209"}],"curies":[{"name":"wp","href":"https:\/\/api.w.org\/{rel}","templated":true}]}}