{"id":7928,"date":"2021-02-05T16:49:16","date_gmt":"2021-02-05T15:49:16","guid":{"rendered":"https:\/\/www.fermelepavillon.com\/?page_id=7928"},"modified":"2025-12-22T13:39:09","modified_gmt":"2025-12-22T12:39:09","slug":"praktiske-forhold","status":"publish","type":"page","link":"https:\/\/www.fermelepavillon.com\/da\/praktiske-forhold\/","title":{"rendered":"Information"},"content":{"rendered":"<p>[vc_row row_content_width=&#8221;grid&#8221;][vc_column css=&#8221;.vc_custom_1553869248858{padding-top: 150px !important;}&#8221;]<div class=\"eltd-elements-holder   eltd-one-column  eltd-responsive-mode-768 \" ><div class=\"eltd-eh-item  eltd-vertical-alignment-top  \"  data-item-class=\"eltd-eh-custom-4581\">\n\t<div class=\"eltd-eh-item-inner\">\n\t\t<div class=\"eltd-eh-item-content eltd-eh-custom-4581\" >\n\t\t\t[vc_column_text css=&#8221;.vc_custom_1588871117396{padding-bottom: 20px !important;}&#8221;]<\/p>\n<h3 style=\"margin-top: 0px; text-align: left;\">Information<\/h3>\n<p>[\/vc_column_text][vc_column_text el_class=&#8221;pl-lg-250px&#8221;]<\/p>\n<h4 style=\"margin-top: 0;\">Landsbyen<\/h4>\n<p>[\/vc_column_text][vc_column_text el_class=&#8221;pl-lg-250px&#8221;]<\/p>\n<p style=\"margin-top: 0;\">Bargemon er en charmerende, autentisk landsby i Provence. Der er flere restauranter, bager, supermarked og sm\u00e5 butikker. Nabobyerne Callas og Claviers er ogs\u00e5 bes\u00f8gsv\u00e6rdige til en kop kaffe eller marked. Ferme le Pavillon ligger 5-7 minutters k\u00f8rsel fra Bargemon og 15 minutter fra Callas og Claviers. Man kan g\u00e5 til Bargemon p\u00e5 en halv times tid ad et sti system, men man skal v\u00e6re klar p\u00e5 en stejl opstigning hjem.   <\/p>\n<p>[\/vc_column_text][vc_column_text css=&#8221;.vc_custom_1759755748118{padding-top: 30px !important;}&#8221; el_class=&#8221;pl-lg-250px&#8221;]<\/p>\n<h4 style=\"margin-top: 0;\">B\u00f8rn<\/h4>\n<p>[\/vc_column_text][vc_column_text el_class=&#8221;pl-lg-250px&#8221;]<\/p>\n<p class=\"p1\">Hvis du har b\u00f8rn stiller vi en babyseng til r\u00e5dighed for de sm\u00e5 og en sl\u00e5-ud seng til de st\u00f8rre. Vi har to babystole til m\u00e5ltiderne. En trampolin er til fri afbenyttelse p\u00e5 eget ansvar. Hele grunden p\u00e5 3 hektar er indhegnet, s\u00e5 de sm\u00e5 l\u00f8ber ingen steder, mens du sipper en drink ved poolen.   <\/p>\n<p>[\/vc_column_text][vc_column_text css=&#8221;.vc_custom_1759755728524{padding-top: 30px !important;}&#8221; el_class=&#8221;pl-lg-250px&#8221;]<\/p>\n<h4 style=\"margin-top: 0;\">Dyr<\/h4>\n<p>[\/vc_column_text][vc_column_text el_class=&#8221;pl-lg-250px&#8221;]<\/p>\n<div class=\"tlid-input input\">\n<div class=\"source-wrap\">\n<div class=\"input-full-height-wrapper tlid-input-full-height-wrapper\">\n<div class=\"source-input\">\n<div class=\"source-footer-wrap source-or-target-footer\">\n<div class=\"character-count tlid-character-count\"><\/div>\n<\/div>\n<\/div>\n<\/div>\n<\/div>\n<\/div>\n<div class=\"tlid-results-container results-container\">\n<div class=\"tlid-result result-dict-wrapper\">\n<div class=\"result tlid-copy-target\">\n<div class=\"text-wrap tlid-copy-target\">\n<div class=\"result-shield-container tlid-copy-target\" tabindex=\"0\"><span class=\"tlid-translation translation\" lang=\"fr\"><span title=\"\">Vi har to sorte, labrador hunde, to katte og 10 h\u00f8ns.<\/span> <span title=\"\">Vores hunde, Odette og Rulle, er en del af stedet og er meget elskelige og glade for b\u00f8rn.<\/span> <span class=\"\" title=\"\">Hvis du har husdyr er de velkomne, s\u00e5 l\u00e6nge de er sociale og rolige. Informer os venligst p\u00e5 forh\u00e5nd.<\/span><\/span><\/div>\n<\/div>\n<\/div>\n<\/div>\n<\/div>\n<p>[\/vc_column_text][vc_column_text css=&#8221;.vc_custom_1766405346846{padding-top: 30px !important;}&#8221; el_class=&#8221;pl-lg-250px&#8221;]<\/p>\n<h4 style=\"margin-top: 0;\">Leje af hele huset<\/h4>\n<p>[\/vc_column_text][vc_column_text el_class=&#8221;pl-lg-250px&#8221;]<\/p>\n<div class=\"tlid-input input\">\n<div class=\"source-wrap\">\n<div class=\"input-full-height-wrapper tlid-input-full-height-wrapper\">\n<div class=\"source-input\">\n<div class=\"source-footer-wrap source-or-target-footer\">\n<div class=\"character-count tlid-character-count\">Hvis du \u00f8nsker at leje hele huset med eksklusiv brugsret til haven, pool og 3 hektar indhegnet, privat grund, kan du sende os en mail med din foresp\u00f8rgsel, s\u00e5 laver vi et skr\u00e6ddersyet tilbud. Vi kan huse op til 20 personer, fordelt p\u00e5 6 v\u00e6relser med eget badev\u00e6relse. Tilbuddet indeholder overnatning, alle m\u00e5ltider frisklavet af privat kok, reng\u00f8ring samt 24h\/24 service.  <\/div>\n<\/div>\n<\/div>\n<\/div>\n<\/div>\n<\/div>\n<div class=\"tlid-results-container results-container\">\n<div class=\"tlid-result result-dict-wrapper\">\n<div class=\"result tlid-copy-target\">\n<div class=\"text-wrap tlid-copy-target\">\n<div class=\"result-shield-container tlid-copy-target\" tabindex=\"0\"><\/div>\n<\/div>\n<\/div>\n<\/div>\n<\/div>\n<p>[\/vc_column_text][vc_column_text css=&#8221;.vc_custom_1759755689697{padding-top: 30px !important;}&#8221; el_class=&#8221;pl-lg-250px&#8221;]<\/p>\n<h4>Handicapvenlig adgang<\/h4>\n<p>[\/vc_column_text][vc_column_text el_class=&#8221;pl-lg-250px&#8221;]Vi har bygget to v\u00e6relser med tanke p\u00e5 at tilbyde handicapvenlig adgang. V\u00e6relse 3 og 4 i stueetagen med bred adgang til brusebad. Vi har f\u00e5et meget tilfreds feedback p\u00e5 indretningen fra k\u00f8restolsbrugere, men v\u00e6r opm\u00e6rksom p\u00e5, at vi ikke er et handicap reglementeret hotel. Der er grus p\u00e5 parkeringspladsen og ingen asfalterede stier i haven. Skriv endelig hvis I har specifikke sp\u00f8rgsm\u00e5l.[\/vc_column_text][vc_column_text css=&#8221;.vc_custom_1759755705357{padding-top: 30px !important;}&#8221; el_class=&#8221;pl-lg-250px&#8221;]<\/p>\n<h4 style=\"margin-top: 0;\">Transport<\/h4>\n<p>[\/vc_column_text][vc_column_text el_class=&#8221;pl-lg-250px&#8221;]<\/p>\n<p class=\"p1\">Hvis du t\u00e6nker, du skal ligge ved poolen under det meste af dit ophold, kan vi hente dig i lufthavnen og bringe dig sikkert tilbage igen. Prisen er ca. 200\u20ac hver vej fra Nice lufthavn. Bestil venligst transport i god tid, s\u00e5 s\u00f8rger vi for chauff\u00f8ren. Du skal v\u00e6re opm\u00e6rksom p\u00e5 at Ferme le Pavillon ligger ude p\u00e5 landet og det er ikke altid muligt at f\u00e5 en taxi.   <\/p>\n<p>[\/vc_column_text]\t\t<\/div>\n\t<\/div>\n<\/div><\/div>[\/vc_column][\/vc_row]<\/p>\n","protected":false},"excerpt":{"rendered":"<p>[vc_row row_content_width=&#8221;grid&#8221;][vc_column css=&#8221;.vc_custom_1553869248858{padding-top: 150px !important;}&#8221;][\/vc_column][\/vc_row]<\/p>\n","protected":false},"author":2,"featured_media":0,"parent":0,"menu_order":61,"comment_status":"closed","ping_status":"closed","template":"full-width.php","meta":{"om_disable_all_campaigns":false,"jetpack_post_was_ever_published":false,"footnotes":""},"class_list":["post-7928","page","type-page","status-publish","hentry"],"yoast_head":"<!-- This site is optimized with the Yoast SEO plugin v26.7 - https:\/\/yoast.com\/wordpress\/plugins\/seo\/ -->\n<title>Information fermelepavillon<\/title>\n<meta name=\"description\" content=\"In the quiet backland of the C\u00f4te d&#039;Azur, on top of a small village, you find two old stonehouses surrounded by 3 hectares of green garden and forestry grounds. Our 6 rooms are beautifully designed and decorated to be comfortable, warm and eco-friendly.\" \/>\n<meta name=\"robots\" content=\"index, follow, max-snippet:-1, max-image-preview:large, max-video-preview:-1\" \/>\n<link rel=\"canonical\" href=\"https:\/\/www.fermelepavillon.com\/da\/praktiske-forhold\/\" \/>\n<meta property=\"og:locale\" content=\"da_DK\" \/>\n<meta property=\"og:type\" content=\"article\" \/>\n<meta property=\"og:title\" content=\"Information fermelepavillon\" \/>\n<meta property=\"og:description\" content=\"In the quiet backland of the C\u00f4te d&#039;Azur, on top of a small village, you find two old stonehouses surrounded by 3 hectares of green garden and forestry grounds. Our 6 rooms are beautifully designed and decorated to be comfortable, warm and eco-friendly.\" \/>\n<meta property=\"og:url\" content=\"https:\/\/www.fermelepavillon.com\/da\/praktiske-forhold\/\" \/>\n<meta property=\"og:site_name\" content=\"fermelepavillon\" \/>\n<meta property=\"article:publisher\" content=\"https:\/\/www.facebook.com\/Ferme-le-Pavillon-511026409429922\/\" \/>\n<meta property=\"article:modified_time\" content=\"2025-12-22T12:39:09+00:00\" \/>\n<meta property=\"og:image\" content=\"https:\/\/i0.wp.com\/www.fermelepavillon.com\/wp-content\/uploads\/2025\/03\/Ferme-Le-Pavillon.webp?fit=710%2C512&ssl=1\" \/>\n\t<meta property=\"og:image:width\" content=\"710\" \/>\n\t<meta property=\"og:image:height\" content=\"512\" \/>\n\t<meta property=\"og:image:type\" content=\"image\/webp\" \/>\n<meta name=\"twitter:card\" content=\"summary_large_image\" \/>\n<meta name=\"twitter:label1\" content=\"Estimeret l\u00e6setid\" \/>\n\t<meta name=\"twitter:data1\" content=\"3 minutter\" \/>\n<script type=\"application\/ld+json\" class=\"yoast-schema-graph\">{\"@context\":\"https:\/\/schema.org\",\"@graph\":[{\"@type\":\"WebPage\",\"@id\":\"https:\/\/www.fermelepavillon.com\/da\/praktiske-forhold\/\",\"url\":\"https:\/\/www.fermelepavillon.com\/da\/praktiske-forhold\/\",\"name\":\"Information fermelepavillon\",\"isPartOf\":{\"@id\":\"https:\/\/www.fermelepavillon.com\/fr\/#website\"},\"datePublished\":\"2021-02-05T15:49:16+00:00\",\"dateModified\":\"2025-12-22T12:39:09+00:00\",\"description\":\"In the quiet backland of the C\u00f4te d'Azur, on top of a small village, you find two old stonehouses surrounded by 3 hectares of green garden and forestry grounds. Our 6 rooms are beautifully designed and decorated to be comfortable, warm and eco-friendly.\",\"breadcrumb\":{\"@id\":\"https:\/\/www.fermelepavillon.com\/da\/praktiske-forhold\/#breadcrumb\"},\"inLanguage\":\"da-DK\",\"potentialAction\":[{\"@type\":\"ReadAction\",\"target\":[\"https:\/\/www.fermelepavillon.com\/da\/praktiske-forhold\/\"]}]},{\"@type\":\"BreadcrumbList\",\"@id\":\"https:\/\/www.fermelepavillon.com\/da\/praktiske-forhold\/#breadcrumb\",\"itemListElement\":[{\"@type\":\"ListItem\",\"position\":1,\"name\":\"Accueil\",\"item\":\"https:\/\/www.fermelepavillon.com\/da\/velkommen-til-ferme-le-pavillon\/\"},{\"@type\":\"ListItem\",\"position\":2,\"name\":\"Information\"}]},{\"@type\":\"WebSite\",\"@id\":\"https:\/\/www.fermelepavillon.com\/fr\/#website\",\"url\":\"https:\/\/www.fermelepavillon.com\/fr\/\",\"name\":\"Ferme Le Pavillon\",\"description\":\"Rooms &amp; Restaurant in the Southern France\",\"alternateName\":\"FLP\",\"potentialAction\":[{\"@type\":\"SearchAction\",\"target\":{\"@type\":\"EntryPoint\",\"urlTemplate\":\"https:\/\/www.fermelepavillon.com\/fr\/?s={search_term_string}\"},\"query-input\":{\"@type\":\"PropertyValueSpecification\",\"valueRequired\":true,\"valueName\":\"search_term_string\"}}],\"inLanguage\":\"da-DK\"}]}<\/script>\n<!-- \/ Yoast SEO plugin. -->","yoast_head_json":{"title":"Information fermelepavillon","description":"In the quiet backland of the C\u00f4te d'Azur, on top of a small village, you find two old stonehouses surrounded by 3 hectares of green garden and forestry grounds. Our 6 rooms are beautifully designed and decorated to be comfortable, warm and eco-friendly.","robots":{"index":"index","follow":"follow","max-snippet":"max-snippet:-1","max-image-preview":"max-image-preview:large","max-video-preview":"max-video-preview:-1"},"canonical":"https:\/\/www.fermelepavillon.com\/da\/praktiske-forhold\/","og_locale":"da_DK","og_type":"article","og_title":"Information fermelepavillon","og_description":"In the quiet backland of the C\u00f4te d'Azur, on top of a small village, you find two old stonehouses surrounded by 3 hectares of green garden and forestry grounds. Our 6 rooms are beautifully designed and decorated to be comfortable, warm and eco-friendly.","og_url":"https:\/\/www.fermelepavillon.com\/da\/praktiske-forhold\/","og_site_name":"fermelepavillon","article_publisher":"https:\/\/www.facebook.com\/Ferme-le-Pavillon-511026409429922\/","article_modified_time":"2025-12-22T12:39:09+00:00","og_image":[{"width":710,"height":512,"url":"https:\/\/i0.wp.com\/www.fermelepavillon.com\/wp-content\/uploads\/2025\/03\/Ferme-Le-Pavillon.webp?fit=710%2C512&ssl=1","type":"image\/webp"}],"twitter_card":"summary_large_image","twitter_misc":{"Estimeret l\u00e6setid":"3 minutter"},"schema":{"@context":"https:\/\/schema.org","@graph":[{"@type":"WebPage","@id":"https:\/\/www.fermelepavillon.com\/da\/praktiske-forhold\/","url":"https:\/\/www.fermelepavillon.com\/da\/praktiske-forhold\/","name":"Information fermelepavillon","isPartOf":{"@id":"https:\/\/www.fermelepavillon.com\/fr\/#website"},"datePublished":"2021-02-05T15:49:16+00:00","dateModified":"2025-12-22T12:39:09+00:00","description":"In the quiet backland of the C\u00f4te d'Azur, on top of a small village, you find two old stonehouses surrounded by 3 hectares of green garden and forestry grounds. Our 6 rooms are beautifully designed and decorated to be comfortable, warm and eco-friendly.","breadcrumb":{"@id":"https:\/\/www.fermelepavillon.com\/da\/praktiske-forhold\/#breadcrumb"},"inLanguage":"da-DK","potentialAction":[{"@type":"ReadAction","target":["https:\/\/www.fermelepavillon.com\/da\/praktiske-forhold\/"]}]},{"@type":"BreadcrumbList","@id":"https:\/\/www.fermelepavillon.com\/da\/praktiske-forhold\/#breadcrumb","itemListElement":[{"@type":"ListItem","position":1,"name":"Accueil","item":"https:\/\/www.fermelepavillon.com\/da\/velkommen-til-ferme-le-pavillon\/"},{"@type":"ListItem","position":2,"name":"Information"}]},{"@type":"WebSite","@id":"https:\/\/www.fermelepavillon.com\/fr\/#website","url":"https:\/\/www.fermelepavillon.com\/fr\/","name":"Ferme Le Pavillon","description":"Rooms &amp; Restaurant in the Southern France","alternateName":"FLP","potentialAction":[{"@type":"SearchAction","target":{"@type":"EntryPoint","urlTemplate":"https:\/\/www.fermelepavillon.com\/fr\/?s={search_term_string}"},"query-input":{"@type":"PropertyValueSpecification","valueRequired":true,"valueName":"search_term_string"}}],"inLanguage":"da-DK"}]}},"jetpack_sharing_enabled":true,"jetpack_shortlink":"https:\/\/wp.me\/PaSCF6-23S","jetpack-related-posts":[{"id":7942,"url":"https:\/\/www.fermelepavillon.com\/da\/vaerelser\/","url_meta":{"origin":7928,"position":0},"title":"V\u00e6relser","author":"Christel Nellemann","date":"7 maj 2020","format":false,"excerpt":"[vc_row row_content_width=\"grid\" css=\".vc_custom_1551977327232{padding-top: 92px !important;padding-bottom: 79px !important;}\"][vc_column width=\"1\/3\"][\/vc_column][vc_column width=\"2\/3\"][\/vc_column][\/vc_row][vc_row row_content_width=\"grid\" css=\".vc_custom_1511878612019{padding-right: 40px !important;padding-left: 40px !important;}\"][vc_column][\/vc_column][\/vc_row][vc_row][vc_column][\/vc_column][\/vc_row]","rel":"","context":"Similar post","block_context":{"text":"Similar post","link":""},"img":{"alt_text":"","src":"","width":0,"height":0},"classes":[]},{"id":7919,"url":"https:\/\/www.fermelepavillon.com\/da\/sommerpakke\/","url_meta":{"origin":7928,"position":1},"title":"Gourmet B&#038;B","author":"Christel Nellemann","date":"5 februar 2021","format":false,"excerpt":"[vc_row row_content_width=\"grid\" css=\".vc_custom_1553868737741{padding-right: 80px !important;padding-left: 80px !important;}\"][vc_column css=\".vc_custom_1553869248858{padding-top: 150px !important;}\"][vc_empty_space height=\"30px\"][\/vc_column][\/vc_row]","rel":"","context":"Similar post","block_context":{"text":"Similar post","link":""},"img":{"alt_text":"","src":"","width":0,"height":0},"classes":[]},{"id":10075,"url":"https:\/\/www.fermelepavillon.com\/da\/familierum-ved-poolen\/","url_meta":{"origin":7928,"position":2},"title":"Familierum ved poolen","author":"B\u00e9n\u00e9dicte DAGAN","date":"15 december 2025","format":false,"excerpt":"[vc_row content_placement=\"top\"][vc_column][vc_column_text] Familierum [\/vc_column_text][vc_column_text] ved poolen [\/vc_column_text][\/vc_column][\/vc_row][vc_row type=\"masonry\" item_type=\"\" number_of_columns=\"4\" space_between_items=\"normal\" number_of_items=\"-1\" image_proportions=\"full\" enable_fixed_proportions=\"yes\" enable_image_shadow=\"no\" orderby=\"date\" order=\"ASC\" item_style=\"gallery-overlay\" enable_title=\"yes\" title_tag=\"\" title_text_transform=\"\" enable_category=\"yes\" enable_count_images=\"no\" enable_excerpt=\"no\" pagination_type=\"no-pagination\" filter=\"no\" filter_order_by=\"name\" filter_text_transform=\"\" enable_article_animation=\"no\" category=\"rooms\" selected_projects=\"\" tag=\"\" excerpt_length=\"\" load_more_top_margin=\"\" filter_bottom_margin=\"\"][vc_column][vc_row_inner][vc_column_inner][vc_column_text] I familierummet ved poolen har du et sovev\u00e6relse med en queen size seng, et badev\u00e6relse\u2026","rel":"","context":"Similar post","block_context":{"text":"Similar post","link":""},"img":{"alt_text":"","src":"","width":0,"height":0},"classes":[]},{"id":10067,"url":"https:\/\/www.fermelepavillon.com\/da\/restauranten\/","url_meta":{"origin":7928,"position":3},"title":"Restaurant","author":"Christophe Vedel","date":"15 december 2025","format":false,"excerpt":"[vc_row content_placement=\"top\"][vc_column][vc_column_text] Restaurant Ferme le Pavillon [\/vc_column_text][vc_column_text][\/vc_column_text][\/vc_column][\/vc_row][vc_row type=\"masonry\" item_type=\"\" number_of_columns=\"4\" space_between_items=\"normal\" number_of_items=\"-1\" image_proportions=\"full\" enable_fixed_proportions=\"yes\" enable_image_shadow=\"no\" orderby=\"date\" order=\"ASC\" item_style=\"gallery-overlay\" enable_title=\"yes\" title_tag=\"\" title_text_transform=\"\" enable_category=\"yes\" enable_count_images=\"no\" enable_excerpt=\"no\" pagination_type=\"no-pagination\" filter=\"no\" filter_order_by=\"name\" filter_text_transform=\"\" enable_article_animation=\"no\" category=\"rooms\" selected_projects=\"\" tag=\"\" excerpt_length=\"\" load_more_top_margin=\"\" filter_bottom_margin=\"\"][vc_column][vc_row_inner][vc_column_inner][vc_column_text] Et nordisk k\u00f8kken i Provence af Jonas Dahl & Nicoline Dragsdal P\u00e5 Ferme le Pavillon\u2026","rel":"","context":"Similar post","block_context":{"text":"Similar post","link":""},"img":{"alt_text":"","src":"","width":0,"height":0},"classes":[]},{"id":9099,"url":"https:\/\/www.fermelepavillon.com\/da\/vaerelse-4\/","url_meta":{"origin":7928,"position":4},"title":"V\u00e6relse 4","author":"B\u00e9n\u00e9dicte DAGAN","date":"18 februar 2025","format":false,"excerpt":"[vc_row content_placement=\"top\"][vc_column][vc_column_text] V\u00e6relse [\/vc_column_text][vc_column_text] Fire [\/vc_column_text][\/vc_column][\/vc_row][vc_row type=\"masonry\" item_type=\"\" number_of_columns=\"4\" space_between_items=\"normal\" number_of_items=\"-1\" image_proportions=\"full\" enable_fixed_proportions=\"yes\" enable_image_shadow=\"no\" orderby=\"date\" order=\"ASC\" item_style=\"gallery-overlay\" enable_title=\"yes\" title_tag=\"\" title_text_transform=\"\" enable_category=\"yes\" enable_count_images=\"no\" enable_excerpt=\"no\" pagination_type=\"no-pagination\" filter=\"no\" filter_order_by=\"name\" filter_text_transform=\"\" enable_article_animation=\"no\" category=\"rooms\" selected_projects=\"\" tag=\"\" excerpt_length=\"\" load_more_top_margin=\"\" filter_bottom_margin=\"\"][vc_column][vc_row_inner][vc_column_inner][vc_column_text] Stueetagen Et lyst og behageligt rum, ideelt til et afslappende ophold: Privat terrasse med storsl\u00e5et udsigt,\u2026","rel":"","context":"Similar post","block_context":{"text":"Similar post","link":""},"img":{"alt_text":"","src":"","width":0,"height":0},"classes":[]},{"id":9052,"url":"https:\/\/www.fermelepavillon.com\/da\/familievaerelse-mod-haven\/","url_meta":{"origin":7928,"position":5},"title":"Familiev\u00e6relse mod haven","author":"B\u00e9n\u00e9dicte DAGAN","date":"18 februar 2025","format":false,"excerpt":"[vc_row content_placement=\"top\"][vc_column][vc_column_text] Familiev\u00e6relse [\/vc_column_text][vc_column_text] Mod haven [\/vc_column_text][\/vc_column][\/vc_row][vc_row type=\"masonry\" item_type=\"\" number_of_columns=\"4\" space_between_items=\"normal\" number_of_items=\"-1\" image_proportions=\"full\" enable_fixed_proportions=\"yes\" enable_image_shadow=\"no\" orderby=\"date\" order=\"ASC\" item_style=\"gallery-overlay\" enable_title=\"yes\" title_tag=\"\" title_text_transform=\"\" enable_category=\"yes\" enable_count_images=\"no\" enable_excerpt=\"no\" pagination_type=\"no-pagination\" filter=\"no\" filter_order_by=\"name\" filter_text_transform=\"\" enable_article_animation=\"no\" category=\"rooms\" selected_projects=\"\" tag=\"\" excerpt_length=\"\" load_more_top_margin=\"\" filter_bottom_margin=\"\"][vc_column][vc_row_inner][vc_column_inner][vc_column_text]Et ideelt rum for familier, der tilbyder komfort, privatliv og direkte adgang til naturen. V\u00e6relsesfunktioner: To\u2026","rel":"","context":"Similar post","block_context":{"text":"Similar post","link":""},"img":{"alt_text":"","src":"","width":0,"height":0},"classes":[]}],"_links":{"self":[{"href":"https:\/\/www.fermelepavillon.com\/da\/wp-json\/wp\/v2\/pages\/7928","targetHints":{"allow":["GET"]}}],"collection":[{"href":"https:\/\/www.fermelepavillon.com\/da\/wp-json\/wp\/v2\/pages"}],"about":[{"href":"https:\/\/www.fermelepavillon.com\/da\/wp-json\/wp\/v2\/types\/page"}],"author":[{"embeddable":true,"href":"https:\/\/www.fermelepavillon.com\/da\/wp-json\/wp\/v2\/users\/2"}],"replies":[{"embeddable":true,"href":"https:\/\/www.fermelepavillon.com\/da\/wp-json\/wp\/v2\/comments?post=7928"}],"version-history":[{"count":14,"href":"https:\/\/www.fermelepavillon.com\/da\/wp-json\/wp\/v2\/pages\/7928\/revisions"}],"predecessor-version":[{"id":10156,"href":"https:\/\/www.fermelepavillon.com\/da\/wp-json\/wp\/v2\/pages\/7928\/revisions\/10156"}],"wp:attachment":[{"href":"https:\/\/www.fermelepavillon.com\/da\/wp-json\/wp\/v2\/media?parent=7928"}],"curies":[{"name":"wp","href":"https:\/\/api.w.org\/{rel}","templated":true}]}}