{"id":9137,"date":"2025-02-18T15:22:01","date_gmt":"2025-02-18T14:22:01","guid":{"rendered":"https:\/\/www.fermelepavillon.com\/?page_id=9137"},"modified":"2026-01-16T08:33:11","modified_gmt":"2026-01-16T07:33:11","slug":"vaerelse-3","status":"publish","type":"page","link":"https:\/\/www.fermelepavillon.com\/da\/vaerelse-3\/","title":{"rendered":"V\u00e6relse 3"},"content":{"rendered":"<p>[vc_row content_placement=&#8221;top&#8221;][vc_column][vc_column_text]<\/p>\n<h3 style=\"font-weight: bold; margin-top: 0;\">V\u00e6relse<\/h3>\n<p>[\/vc_column_text][vc_column_text]<\/p>\n<h3 style=\"margin-top: 0;\">Tre<\/h3>\n<p>[\/vc_column_text][\/vc_column][\/vc_row][vc_row type=&#8221;masonry&#8221; item_type=&#8221;&#8221; number_of_columns=&#8221;4&#8243; space_between_items=&#8221;normal&#8221; number_of_items=&#8221;-1&#8243; image_proportions=&#8221;full&#8221; enable_fixed_proportions=&#8221;yes&#8221; enable_image_shadow=&#8221;no&#8221; orderby=&#8221;date&#8221; order=&#8221;ASC&#8221; item_style=&#8221;gallery-overlay&#8221; enable_title=&#8221;yes&#8221; title_tag=&#8221;&#8221; title_text_transform=&#8221;&#8221; enable_category=&#8221;yes&#8221; enable_count_images=&#8221;no&#8221; enable_excerpt=&#8221;no&#8221; pagination_type=&#8221;no-pagination&#8221; filter=&#8221;no&#8221; filter_order_by=&#8221;name&#8221; filter_text_transform=&#8221;&#8221; enable_article_animation=&#8221;no&#8221; category=&#8221;rooms&#8221; selected_projects=&#8221;&#8221; tag=&#8221;&#8221; excerpt_length=&#8221;&#8221; load_more_top_margin=&#8221;&#8221; filter_bottom_margin=&#8221;&#8221;][vc_column][vc_row_inner][vc_column_inner][vc_column_text]<strong>Sovev\u00e6relse i stueetagen med privat terrasse<\/strong><\/p>\n<p>Et behageligt, lyst rum, perfekt til et afslappende ophold.<\/p>\n<ul>\n<li><strong>Privat terrasse<\/strong> med betagende udsigt, adgang via to store franske vinduer.<\/li>\n<li><strong>Queen-size seng<\/strong> for optimal s\u00f8vn.<\/li>\n<li><strong>Moderne badev\u00e6relse<\/strong> med rummelig bruser.<\/li>\n<li><strong>Komfort \u00e5ret rundt<\/strong>: aircondition om sommeren og gulvvarme om vinteren.<\/li>\n<\/ul>\n<p>T<strong>ilg\u00e6ngelighed<\/strong>: Dette v\u00e6relse er velegnet til personer med nedsat mobilitet og er let tilg\u00e6ngeligt via en rampe fra parkeringspladsen og loungen.<\/p>\n<p>Y<strong>derligere muligheder<\/strong>: En barneseng kan tilf\u00f8jes efter anmodning for familier, der rejser med sm\u00e5 b\u00f8rn.<\/p>\n<p><strong>Maksimal kapacitet<\/strong>: 2 personer.<\/p>\n<p><strong>Priser<\/strong>: \u20ac176 til \u20ac350 pr. nat, afh\u00e6ngigt af s\u00e6sonen.[\/vc_column_text][vc_empty_space][vc_media_grid gap=&#8221;10&#8243; grid_id=&#8221;vc_gid:1739981628179-10de033d-234f-6&#8243; include=&#8221;9146,9149,9152,9155,9158,9161&#8243;][\/vc_column_inner][\/vc_row_inner][\/vc_column][\/vc_row][vc_row][vc_column]<div class=\"eltd-call-to-action-holder  eltd-simple-layout \">\n\t<div class=\"eltd-cta-inner \">\n\t\t<div class=\"eltd-cta-text-holder\">\n\t\t\t<div class=\"eltd-cta-text\"><\/div>\n\t\t<\/div>\n\t\t<div class=\"eltd-cta-button-holder\" >\n\t\t\t<div class=\"eltd-cta-button\"><a itemprop=\"url\" href=\"https:\/\/www.fermelepavillon.com\/fr\/book-directly\/\" target=\"_self\"  class=\"eltd-btn eltd-btn-medium eltd-btn-solid eltd-btn-line-left\"  >    <span class=\"eltd-btn-text\">at booke<\/span>        <\/a><\/div>\n\t\t<\/div>\n\t<\/div>\n<\/div>[vc_empty_space][\/vc_column][\/vc_row]<\/p>\n","protected":false},"excerpt":{"rendered":"<p>[vc_row content_placement=&#8221;top&#8221;][vc_column][vc_column_text] V\u00e6relse [\/vc_column_text][vc_column_text] Tre [\/vc_column_text][\/vc_column][\/vc_row][vc_row type=&#8221;masonry&#8221; item_type=&#8221;&#8221; number_of_columns=&#8221;4&#8243; space_between_items=&#8221;normal&#8221; number_of_items=&#8221;-1&#8243; image_proportions=&#8221;full&#8221; enable_fixed_proportions=&#8221;yes&#8221; enable_image_shadow=&#8221;no&#8221; orderby=&#8221;date&#8221; order=&#8221;ASC&#8221; item_style=&#8221;gallery-overlay&#8221; enable_title=&#8221;yes&#8221; title_tag=&#8221;&#8221; title_text_transform=&#8221;&#8221; enable_category=&#8221;yes&#8221; enable_count_images=&#8221;no&#8221; enable_excerpt=&#8221;no&#8221; pagination_type=&#8221;no-pagination&#8221; filter=&#8221;no&#8221; filter_order_by=&#8221;name&#8221; filter_text_transform=&#8221;&#8221; enable_article_animation=&#8221;no&#8221; category=&#8221;rooms&#8221; selected_projects=&#8221;&#8221; tag=&#8221;&#8221; excerpt_length=&#8221;&#8221; load_more_top_margin=&#8221;&#8221; filter_bottom_margin=&#8221;&#8221;][vc_column][vc_row_inner][vc_column_inner][vc_column_text]Sovev\u00e6relse i stueetagen med privat terrasse Et [&hellip;]<\/p>\n","protected":false},"author":5,"featured_media":0,"parent":0,"menu_order":22,"comment_status":"closed","ping_status":"closed","template":"","meta":{"om_disable_all_campaigns":false,"jetpack_post_was_ever_published":false,"footnotes":""},"class_list":["post-9137","page","type-page","status-publish","hentry"],"yoast_head":"<!-- This site is optimized with the Yoast SEO plugin v26.7 - https:\/\/yoast.com\/wordpress\/plugins\/seo\/ -->\n<title>V\u00e6relse 3 fermelepavillon<\/title>\n<meta name=\"robots\" content=\"index, follow, max-snippet:-1, max-image-preview:large, max-video-preview:-1\" \/>\n<link rel=\"canonical\" href=\"https:\/\/www.fermelepavillon.com\/da\/vaerelse-3\/\" \/>\n<meta property=\"og:locale\" content=\"da_DK\" \/>\n<meta property=\"og:type\" content=\"article\" \/>\n<meta property=\"og:title\" content=\"V\u00e6relse 3 fermelepavillon\" \/>\n<meta property=\"og:description\" content=\"[vc_row content_placement=&#8221;top&#8221;][vc_column][vc_column_text] V\u00e6relse [\/vc_column_text][vc_column_text] Tre [\/vc_column_text][\/vc_column][\/vc_row][vc_row type=&#8221;masonry&#8221; item_type=&#8221;&#8221; number_of_columns=&#8221;4&#8243; space_between_items=&#8221;normal&#8221; number_of_items=&#8221;-1&#8243; image_proportions=&#8221;full&#8221; enable_fixed_proportions=&#8221;yes&#8221; enable_image_shadow=&#8221;no&#8221; orderby=&#8221;date&#8221; order=&#8221;ASC&#8221; item_style=&#8221;gallery-overlay&#8221; enable_title=&#8221;yes&#8221; title_tag=&#8221;&#8221; title_text_transform=&#8221;&#8221; enable_category=&#8221;yes&#8221; enable_count_images=&#8221;no&#8221; enable_excerpt=&#8221;no&#8221; pagination_type=&#8221;no-pagination&#8221; filter=&#8221;no&#8221; filter_order_by=&#8221;name&#8221; filter_text_transform=&#8221;&#8221; enable_article_animation=&#8221;no&#8221; category=&#8221;rooms&#8221; selected_projects=&#8221;&#8221; tag=&#8221;&#8221; excerpt_length=&#8221;&#8221; load_more_top_margin=&#8221;&#8221; filter_bottom_margin=&#8221;&#8221;][vc_column][vc_row_inner][vc_column_inner][vc_column_text]Sovev\u00e6relse i stueetagen med privat terrasse Et [&hellip;]\" \/>\n<meta property=\"og:url\" content=\"https:\/\/www.fermelepavillon.com\/da\/vaerelse-3\/\" \/>\n<meta property=\"og:site_name\" content=\"fermelepavillon\" \/>\n<meta property=\"article:publisher\" content=\"https:\/\/www.facebook.com\/Ferme-le-Pavillon-511026409429922\/\" \/>\n<meta property=\"article:modified_time\" content=\"2026-01-16T07:33:11+00:00\" \/>\n<meta property=\"og:image\" content=\"https:\/\/i0.wp.com\/www.fermelepavillon.com\/wp-content\/uploads\/2025\/03\/Ferme-Le-Pavillon.webp?fit=710%2C512&ssl=1\" \/>\n\t<meta property=\"og:image:width\" content=\"710\" \/>\n\t<meta property=\"og:image:height\" content=\"512\" \/>\n\t<meta property=\"og:image:type\" content=\"image\/webp\" \/>\n<meta name=\"twitter:card\" content=\"summary_large_image\" \/>\n<meta name=\"twitter:label1\" content=\"Estimeret l\u00e6setid\" \/>\n\t<meta name=\"twitter:data1\" content=\"1 minut\" \/>\n<script type=\"application\/ld+json\" class=\"yoast-schema-graph\">{\"@context\":\"https:\/\/schema.org\",\"@graph\":[{\"@type\":\"WebPage\",\"@id\":\"https:\/\/www.fermelepavillon.com\/da\/vaerelse-3\/\",\"url\":\"https:\/\/www.fermelepavillon.com\/da\/vaerelse-3\/\",\"name\":\"V\u00e6relse 3 fermelepavillon\",\"isPartOf\":{\"@id\":\"https:\/\/www.fermelepavillon.com\/fr\/#website\"},\"datePublished\":\"2025-02-18T14:22:01+00:00\",\"dateModified\":\"2026-01-16T07:33:11+00:00\",\"breadcrumb\":{\"@id\":\"https:\/\/www.fermelepavillon.com\/da\/vaerelse-3\/#breadcrumb\"},\"inLanguage\":\"da-DK\",\"potentialAction\":[{\"@type\":\"ReadAction\",\"target\":[\"https:\/\/www.fermelepavillon.com\/da\/vaerelse-3\/\"]}]},{\"@type\":\"BreadcrumbList\",\"@id\":\"https:\/\/www.fermelepavillon.com\/da\/vaerelse-3\/#breadcrumb\",\"itemListElement\":[{\"@type\":\"ListItem\",\"position\":1,\"name\":\"Accueil\",\"item\":\"https:\/\/www.fermelepavillon.com\/da\/velkommen-til-ferme-le-pavillon\/\"},{\"@type\":\"ListItem\",\"position\":2,\"name\":\"V\u00e6relse 3\"}]},{\"@type\":\"WebSite\",\"@id\":\"https:\/\/www.fermelepavillon.com\/fr\/#website\",\"url\":\"https:\/\/www.fermelepavillon.com\/fr\/\",\"name\":\"Ferme Le Pavillon\",\"description\":\"Rooms &amp; Restaurant in the Southern France\",\"alternateName\":\"FLP\",\"potentialAction\":[{\"@type\":\"SearchAction\",\"target\":{\"@type\":\"EntryPoint\",\"urlTemplate\":\"https:\/\/www.fermelepavillon.com\/fr\/?s={search_term_string}\"},\"query-input\":{\"@type\":\"PropertyValueSpecification\",\"valueRequired\":true,\"valueName\":\"search_term_string\"}}],\"inLanguage\":\"da-DK\"}]}<\/script>\n<!-- \/ Yoast SEO plugin. -->","yoast_head_json":{"title":"V\u00e6relse 3 fermelepavillon","robots":{"index":"index","follow":"follow","max-snippet":"max-snippet:-1","max-image-preview":"max-image-preview:large","max-video-preview":"max-video-preview:-1"},"canonical":"https:\/\/www.fermelepavillon.com\/da\/vaerelse-3\/","og_locale":"da_DK","og_type":"article","og_title":"V\u00e6relse 3 fermelepavillon","og_description":"[vc_row content_placement=&#8221;top&#8221;][vc_column][vc_column_text] V\u00e6relse [\/vc_column_text][vc_column_text] Tre [\/vc_column_text][\/vc_column][\/vc_row][vc_row type=&#8221;masonry&#8221; item_type=&#8221;&#8221; number_of_columns=&#8221;4&#8243; space_between_items=&#8221;normal&#8221; number_of_items=&#8221;-1&#8243; image_proportions=&#8221;full&#8221; enable_fixed_proportions=&#8221;yes&#8221; enable_image_shadow=&#8221;no&#8221; orderby=&#8221;date&#8221; order=&#8221;ASC&#8221; item_style=&#8221;gallery-overlay&#8221; enable_title=&#8221;yes&#8221; title_tag=&#8221;&#8221; title_text_transform=&#8221;&#8221; enable_category=&#8221;yes&#8221; enable_count_images=&#8221;no&#8221; enable_excerpt=&#8221;no&#8221; pagination_type=&#8221;no-pagination&#8221; filter=&#8221;no&#8221; filter_order_by=&#8221;name&#8221; filter_text_transform=&#8221;&#8221; enable_article_animation=&#8221;no&#8221; category=&#8221;rooms&#8221; selected_projects=&#8221;&#8221; tag=&#8221;&#8221; excerpt_length=&#8221;&#8221; load_more_top_margin=&#8221;&#8221; filter_bottom_margin=&#8221;&#8221;][vc_column][vc_row_inner][vc_column_inner][vc_column_text]Sovev\u00e6relse i stueetagen med privat terrasse Et [&hellip;]","og_url":"https:\/\/www.fermelepavillon.com\/da\/vaerelse-3\/","og_site_name":"fermelepavillon","article_publisher":"https:\/\/www.facebook.com\/Ferme-le-Pavillon-511026409429922\/","article_modified_time":"2026-01-16T07:33:11+00:00","og_image":[{"width":710,"height":512,"url":"https:\/\/i0.wp.com\/www.fermelepavillon.com\/wp-content\/uploads\/2025\/03\/Ferme-Le-Pavillon.webp?fit=710%2C512&ssl=1","type":"image\/webp"}],"twitter_card":"summary_large_image","twitter_misc":{"Estimeret l\u00e6setid":"1 minut"},"schema":{"@context":"https:\/\/schema.org","@graph":[{"@type":"WebPage","@id":"https:\/\/www.fermelepavillon.com\/da\/vaerelse-3\/","url":"https:\/\/www.fermelepavillon.com\/da\/vaerelse-3\/","name":"V\u00e6relse 3 fermelepavillon","isPartOf":{"@id":"https:\/\/www.fermelepavillon.com\/fr\/#website"},"datePublished":"2025-02-18T14:22:01+00:00","dateModified":"2026-01-16T07:33:11+00:00","breadcrumb":{"@id":"https:\/\/www.fermelepavillon.com\/da\/vaerelse-3\/#breadcrumb"},"inLanguage":"da-DK","potentialAction":[{"@type":"ReadAction","target":["https:\/\/www.fermelepavillon.com\/da\/vaerelse-3\/"]}]},{"@type":"BreadcrumbList","@id":"https:\/\/www.fermelepavillon.com\/da\/vaerelse-3\/#breadcrumb","itemListElement":[{"@type":"ListItem","position":1,"name":"Accueil","item":"https:\/\/www.fermelepavillon.com\/da\/velkommen-til-ferme-le-pavillon\/"},{"@type":"ListItem","position":2,"name":"V\u00e6relse 3"}]},{"@type":"WebSite","@id":"https:\/\/www.fermelepavillon.com\/fr\/#website","url":"https:\/\/www.fermelepavillon.com\/fr\/","name":"Ferme Le Pavillon","description":"Rooms &amp; Restaurant in the Southern France","alternateName":"FLP","potentialAction":[{"@type":"SearchAction","target":{"@type":"EntryPoint","urlTemplate":"https:\/\/www.fermelepavillon.com\/fr\/?s={search_term_string}"},"query-input":{"@type":"PropertyValueSpecification","valueRequired":true,"valueName":"search_term_string"}}],"inLanguage":"da-DK"}]}},"jetpack_sharing_enabled":true,"jetpack_shortlink":"https:\/\/wp.me\/PaSCF6-2nn","jetpack-related-posts":[{"id":7695,"url":"https:\/\/www.fermelepavillon.com\/fr\/decouvrir\/","url_meta":{"origin":9137,"position":0},"title":"D\u00e9couvrir","author":"Christel Nellemann","date":"7 maj 2020","format":false,"excerpt":"[vc_row simple_background_color=\"#f7f8f9\" css=\".vc_custom_1511187963893{padding-top: 130px !important;padding-bottom: 130px !important;}\"][vc_column][vc_row_inner row_content_width=\"grid\"][vc_column_inner][\/vc_column_inner][\/vc_row_inner][\/vc_column][\/vc_row]","rel":"","context":"Similar post","block_context":{"text":"Similar post","link":""},"img":{"alt_text":"","src":"","width":0,"height":0},"classes":[]},{"id":6473,"url":"https:\/\/www.fermelepavillon.com\/en\/about\/","url_meta":{"origin":9137,"position":1},"title":"About","author":"Christel Nellemann","date":"19 februar 2019","format":false,"excerpt":"[vc_row simple_background_color=\"#f7f8f9\" css=\".vc_custom_1511187963893{padding-top: 130px !important;padding-bottom: 130px !important;}\"][vc_column][vc_row_inner row_content_width=\"grid\"][vc_column_inner][\/vc_column_inner][\/vc_row_inner][\/vc_column][\/vc_row]","rel":"","context":"Similar post","block_context":{"text":"Similar post","link":""},"img":{"alt_text":"","src":"","width":0,"height":0},"classes":[]},{"id":7942,"url":"https:\/\/www.fermelepavillon.com\/da\/vaerelser\/","url_meta":{"origin":9137,"position":2},"title":"V\u00e6relser","author":"Christel Nellemann","date":"7 maj 2020","format":false,"excerpt":"[vc_row row_content_width=\"grid\" css=\".vc_custom_1551977327232{padding-top: 92px !important;padding-bottom: 79px !important;}\"][vc_column width=\"1\/3\"][\/vc_column][vc_column width=\"2\/3\"][\/vc_column][\/vc_row][vc_row row_content_width=\"grid\" css=\".vc_custom_1511878612019{padding-right: 40px !important;padding-left: 40px !important;}\"][vc_column][\/vc_column][\/vc_row][vc_row][vc_column][\/vc_column][\/vc_row]","rel":"","context":"Similar post","block_context":{"text":"Similar post","link":""},"img":{"alt_text":"","src":"","width":0,"height":0},"classes":[]},{"id":1089,"url":"https:\/\/www.fermelepavillon.com\/fr\/home-page\/","url_meta":{"origin":9137,"position":3},"title":"Ferme le Pavillon","author":"Christel Nellemann","date":"15 november 2017","format":false,"excerpt":"[vc_row][vc_column][\/vc_column][\/vc_row][vc_row row_content_width=\"grid\" css=\".vc_custom_1612519300178{padding-top: 40px !important;padding-bottom: 79px !important;}\"][vc_column width=\"1\/3\"][\/vc_column][vc_column width=\"2\/3\"][\/vc_column][\/vc_row][vc_row css=\".vc_custom_1511425817892{margin-right: 30px !important;margin-bottom: 30px !important;margin-left: 30px !important;background-color: #f8f6f8 !important;background-position: center !important;background-repeat: no-repeat !important;background-size: contain !important;}\"][vc_column][\/vc_column][\/vc_row][vc_row css=\".vc_custom_1511425817892{margin-right: 30px !important;margin-bottom: 30px !important;margin-left: 30px !important;background-color: #f8f6f8 !important;background-position: center !important;background-repeat: no-repeat !important;background-size: contain !important;}\"][vc_column][\/vc_column][\/vc_row][vc_row content_text_aligment=\"center\" parallax_background_image=\"6617\" css=\".vc_custom_1550679720952{margin-right: 30px !important;margin-bottom: 30px !important;margin-left: 30px !important;}\"][vc_column][\/vc_column][\/vc_row][vc_row][vc_column][vc_single_image image=\"8429\" img_size=\"full\"][\/vc_column][\/vc_row]","rel":"","context":"Similar post","block_context":{"text":"Similar post","link":""},"img":{"alt_text":"","src":"","width":0,"height":0},"classes":[]},{"id":7250,"url":"https:\/\/www.fermelepavillon.com\/da\/home-page-3-2\/","url_meta":{"origin":9137,"position":4},"title":"ancienne page home","author":"Christophe Vedel","date":"4 april 2019","format":false,"excerpt":"[vc_row][vc_column][\/vc_column][\/vc_row][vc_row css=\".vc_custom_1511425817892{margin-right: 30px !important;margin-bottom: 30px !important;margin-left: 30px !important;background-color: #f8f6f8 !important;background-position: center !important;background-repeat: no-repeat !important;background-size: contain !important;}\"][vc_column][\/vc_column][\/vc_row][vc_row content_text_aligment=\"center\" parallax_background_image=\"6617\" css=\".vc_custom_1550679720952{margin-right: 30px !important;margin-bottom: 30px !important;margin-left: 30px !important;}\"][vc_column][\/vc_column][\/vc_row][vc_row][vc_column][\/vc_column][\/vc_row]","rel":"","context":"Similar post","block_context":{"text":"Similar post","link":""},"img":{"alt_text":"","src":"","width":0,"height":0},"classes":[]},{"id":7740,"url":"https:\/\/www.fermelepavillon.com\/fr\/chambres\/","url_meta":{"origin":9137,"position":5},"title":"Chambres","author":"Christel Nellemann","date":"7 maj 2020","format":false,"excerpt":"[vc_row row_content_width=\"grid\" css=\".vc_custom_1734002230538{padding-top: 92px !important;padding-bottom: 79px !important;}\"][vc_column width=\"1\/3\"][\/vc_column][vc_column width=\"2\/3\"][\/vc_column][\/vc_row][vc_row row_content_width=\"grid\" css=\".vc_custom_1511878612019{padding-right: 40px !important;padding-left: 40px !important;}\"][vc_column][\/vc_column][\/vc_row][vc_row][vc_column][\/vc_column][\/vc_row]","rel":"","context":"Similar post","block_context":{"text":"Similar post","link":""},"img":{"alt_text":"","src":"","width":0,"height":0},"classes":[]}],"_links":{"self":[{"href":"https:\/\/www.fermelepavillon.com\/da\/wp-json\/wp\/v2\/pages\/9137","targetHints":{"allow":["GET"]}}],"collection":[{"href":"https:\/\/www.fermelepavillon.com\/da\/wp-json\/wp\/v2\/pages"}],"about":[{"href":"https:\/\/www.fermelepavillon.com\/da\/wp-json\/wp\/v2\/types\/page"}],"author":[{"embeddable":true,"href":"https:\/\/www.fermelepavillon.com\/da\/wp-json\/wp\/v2\/users\/5"}],"replies":[{"embeddable":true,"href":"https:\/\/www.fermelepavillon.com\/da\/wp-json\/wp\/v2\/comments?post=9137"}],"version-history":[{"count":9,"href":"https:\/\/www.fermelepavillon.com\/da\/wp-json\/wp\/v2\/pages\/9137\/revisions"}],"predecessor-version":[{"id":9378,"href":"https:\/\/www.fermelepavillon.com\/da\/wp-json\/wp\/v2\/pages\/9137\/revisions\/9378"}],"wp:attachment":[{"href":"https:\/\/www.fermelepavillon.com\/da\/wp-json\/wp\/v2\/media?parent=9137"}],"curies":[{"name":"wp","href":"https:\/\/api.w.org\/{rel}","templated":true}]}}