{"id":9198,"date":"2025-02-18T15:22:01","date_gmt":"2025-02-18T14:22:01","guid":{"rendered":"https:\/\/www.fermelepavillon.com\/?page_id=9198"},"modified":"2026-01-16T08:32:18","modified_gmt":"2026-01-16T07:32:18","slug":"vaerelse-1","status":"publish","type":"page","link":"https:\/\/www.fermelepavillon.com\/da\/vaerelse-1\/","title":{"rendered":"V\u00e6relse 1"},"content":{"rendered":"<p>[vc_row content_placement=&#8221;top&#8221;][vc_column][vc_column_text]<\/p>\n<h3 style=\"font-weight: bold; margin-top: 0;\">V\u00e6relse<\/h3>\n<p>[\/vc_column_text][vc_column_text]<\/p>\n<h3 style=\"margin-top: 0;\">1<\/h3>\n<p>[\/vc_column_text][\/vc_column][\/vc_row][vc_row type=&#8221;masonry&#8221; item_type=&#8221;&#8221; number_of_columns=&#8221;4&#8243; space_between_items=&#8221;normal&#8221; number_of_items=&#8221;-1&#8243; image_proportions=&#8221;full&#8221; enable_fixed_proportions=&#8221;yes&#8221; enable_image_shadow=&#8221;no&#8221; orderby=&#8221;date&#8221; order=&#8221;ASC&#8221; item_style=&#8221;gallery-overlay&#8221; enable_title=&#8221;yes&#8221; title_tag=&#8221;&#8221; title_text_transform=&#8221;&#8221; enable_category=&#8221;yes&#8221; enable_count_images=&#8221;no&#8221; enable_excerpt=&#8221;no&#8221; pagination_type=&#8221;no-pagination&#8221; filter=&#8221;no&#8221; filter_order_by=&#8221;name&#8221; filter_text_transform=&#8221;&#8221; enable_article_animation=&#8221;no&#8221; category=&#8221;rooms&#8221; selected_projects=&#8221;&#8221; tag=&#8221;&#8221; excerpt_length=&#8221;&#8221; load_more_top_margin=&#8221;&#8221; filter_bottom_margin=&#8221;&#8221;][vc_column][vc_row_inner][vc_column_inner][vc_column_text]Dette rummelige, lyse v\u00e6relse ligger p\u00e5 f\u00f8rste sal i hovedhuset og byder p\u00e5 absolut komfort og en beroligende atmosf\u00e6re.<\/p>\n<p><strong>Funktioner :<\/strong><\/p>\n<ul>\n<li><strong>Sydvendt<\/strong>: Badet i naturligt lys hele dagen med en fantastisk udsigt over poolen og de gr\u00f8nne bakker.<\/li>\n<li><strong>Elegant dekoration<\/strong>: Lyse, bl\u00f8de farver giver en varm, raffineret atmosf\u00e6re.<\/li>\n<li><strong>Kingsize-seng<\/strong>: Kan omdannes til to separate senge p\u00e5 anmodning, alt efter dine behov.<\/li>\n<li><strong>Moderne badev\u00e6relse<\/strong>: med badekar og bruser for optimal komfort.<\/li>\n<li><strong>Aircondition<\/strong>: For et behageligt ophold uanset \u00e5rstid.<\/li>\n<\/ul>\n<p>Y<strong>derligere muligheder:<\/strong> En ekstra seng eller barneseng kan installeres efter anmodning, s\u00e5 der er plads til op til tre personer.<\/p>\n<p><strong>Maksimal kapacitet<\/strong>: 3 personer.<\/p>\n<p><strong>Priser<\/strong>: \u20ac184 til \u20ac360 pr. nat, afh\u00e6ngigt af s\u00e6sonen.[\/vc_column_text][vc_empty_space][vc_media_grid gap=&#8221;10&#8243; grid_id=&#8221;vc_gid:1739888758388-66ad9653-902c-3&#8243; include=&#8221;9207,9210,9213,9216,9219,9222&#8243;][\/vc_column_inner][\/vc_row_inner][\/vc_column][\/vc_row][vc_row][vc_column]<div class=\"eltd-call-to-action-holder  eltd-simple-layout \">\n\t<div class=\"eltd-cta-inner \">\n\t\t<div class=\"eltd-cta-text-holder\">\n\t\t\t<div class=\"eltd-cta-text\"><\/div>\n\t\t<\/div>\n\t\t<div class=\"eltd-cta-button-holder\" >\n\t\t\t<div class=\"eltd-cta-button\"><a itemprop=\"url\" href=\"https:\/\/www.fermelepavillon.com\/da\/book-directly\/\" target=\"_self\"  class=\"eltd-btn eltd-btn-medium eltd-btn-solid eltd-btn-line-left\"  >    <span class=\"eltd-btn-text\">R\u00e9server<\/span>        <\/a><\/div>\n\t\t<\/div>\n\t<\/div>\n<\/div>[vc_empty_space][\/vc_column][\/vc_row]<\/p>\n","protected":false},"excerpt":{"rendered":"<p>[vc_row content_placement=&#8221;top&#8221;][vc_column][vc_column_text] V\u00e6relse [\/vc_column_text][vc_column_text] 1 [\/vc_column_text][\/vc_column][\/vc_row][vc_row type=&#8221;masonry&#8221; item_type=&#8221;&#8221; number_of_columns=&#8221;4&#8243; space_between_items=&#8221;normal&#8221; number_of_items=&#8221;-1&#8243; image_proportions=&#8221;full&#8221; enable_fixed_proportions=&#8221;yes&#8221; enable_image_shadow=&#8221;no&#8221; orderby=&#8221;date&#8221; order=&#8221;ASC&#8221; item_style=&#8221;gallery-overlay&#8221; enable_title=&#8221;yes&#8221; title_tag=&#8221;&#8221; title_text_transform=&#8221;&#8221; enable_category=&#8221;yes&#8221; enable_count_images=&#8221;no&#8221; enable_excerpt=&#8221;no&#8221; pagination_type=&#8221;no-pagination&#8221; filter=&#8221;no&#8221; filter_order_by=&#8221;name&#8221; filter_text_transform=&#8221;&#8221; enable_article_animation=&#8221;no&#8221; category=&#8221;rooms&#8221; selected_projects=&#8221;&#8221; tag=&#8221;&#8221; excerpt_length=&#8221;&#8221; load_more_top_margin=&#8221;&#8221; filter_bottom_margin=&#8221;&#8221;][vc_column][vc_row_inner][vc_column_inner][vc_column_text]Dette rummelige, lyse v\u00e6relse ligger p\u00e5 f\u00f8rste [&hellip;]<\/p>\n","protected":false},"author":5,"featured_media":0,"parent":0,"menu_order":15,"comment_status":"closed","ping_status":"closed","template":"","meta":{"om_disable_all_campaigns":false,"jetpack_post_was_ever_published":false,"footnotes":""},"class_list":["post-9198","page","type-page","status-publish","hentry"],"yoast_head":"<!-- This site is optimized with the Yoast SEO plugin v26.7 - https:\/\/yoast.com\/wordpress\/plugins\/seo\/ -->\n<title>V\u00e6relse 1 fermelepavillon<\/title>\n<meta name=\"robots\" content=\"index, follow, max-snippet:-1, max-image-preview:large, max-video-preview:-1\" \/>\n<link rel=\"canonical\" href=\"https:\/\/www.fermelepavillon.com\/da\/vaerelse-1\/\" \/>\n<meta property=\"og:locale\" content=\"da_DK\" \/>\n<meta property=\"og:type\" content=\"article\" \/>\n<meta property=\"og:title\" content=\"V\u00e6relse 1 fermelepavillon\" \/>\n<meta property=\"og:description\" content=\"[vc_row content_placement=&#8221;top&#8221;][vc_column][vc_column_text] V\u00e6relse [\/vc_column_text][vc_column_text] 1 [\/vc_column_text][\/vc_column][\/vc_row][vc_row type=&#8221;masonry&#8221; item_type=&#8221;&#8221; number_of_columns=&#8221;4&#8243; space_between_items=&#8221;normal&#8221; number_of_items=&#8221;-1&#8243; image_proportions=&#8221;full&#8221; enable_fixed_proportions=&#8221;yes&#8221; enable_image_shadow=&#8221;no&#8221; orderby=&#8221;date&#8221; order=&#8221;ASC&#8221; item_style=&#8221;gallery-overlay&#8221; enable_title=&#8221;yes&#8221; title_tag=&#8221;&#8221; title_text_transform=&#8221;&#8221; enable_category=&#8221;yes&#8221; enable_count_images=&#8221;no&#8221; enable_excerpt=&#8221;no&#8221; pagination_type=&#8221;no-pagination&#8221; filter=&#8221;no&#8221; filter_order_by=&#8221;name&#8221; filter_text_transform=&#8221;&#8221; enable_article_animation=&#8221;no&#8221; category=&#8221;rooms&#8221; selected_projects=&#8221;&#8221; tag=&#8221;&#8221; excerpt_length=&#8221;&#8221; load_more_top_margin=&#8221;&#8221; filter_bottom_margin=&#8221;&#8221;][vc_column][vc_row_inner][vc_column_inner][vc_column_text]Dette rummelige, lyse v\u00e6relse ligger p\u00e5 f\u00f8rste [&hellip;]\" \/>\n<meta property=\"og:url\" content=\"https:\/\/www.fermelepavillon.com\/da\/vaerelse-1\/\" \/>\n<meta property=\"og:site_name\" content=\"fermelepavillon\" \/>\n<meta property=\"article:publisher\" content=\"https:\/\/www.facebook.com\/Ferme-le-Pavillon-511026409429922\/\" \/>\n<meta property=\"article:modified_time\" content=\"2026-01-16T07:32:18+00:00\" \/>\n<meta property=\"og:image\" content=\"https:\/\/i0.wp.com\/www.fermelepavillon.com\/wp-content\/uploads\/2025\/03\/Ferme-Le-Pavillon.webp?fit=710%2C512&ssl=1\" \/>\n\t<meta property=\"og:image:width\" content=\"710\" \/>\n\t<meta property=\"og:image:height\" content=\"512\" \/>\n\t<meta property=\"og:image:type\" content=\"image\/webp\" \/>\n<meta name=\"twitter:card\" content=\"summary_large_image\" \/>\n<meta name=\"twitter:label1\" content=\"Estimeret l\u00e6setid\" \/>\n\t<meta name=\"twitter:data1\" content=\"1 minut\" \/>\n<script type=\"application\/ld+json\" class=\"yoast-schema-graph\">{\"@context\":\"https:\/\/schema.org\",\"@graph\":[{\"@type\":\"WebPage\",\"@id\":\"https:\/\/www.fermelepavillon.com\/da\/vaerelse-1\/\",\"url\":\"https:\/\/www.fermelepavillon.com\/da\/vaerelse-1\/\",\"name\":\"V\u00e6relse 1 fermelepavillon\",\"isPartOf\":{\"@id\":\"https:\/\/www.fermelepavillon.com\/fr\/#website\"},\"datePublished\":\"2025-02-18T14:22:01+00:00\",\"dateModified\":\"2026-01-16T07:32:18+00:00\",\"breadcrumb\":{\"@id\":\"https:\/\/www.fermelepavillon.com\/da\/vaerelse-1\/#breadcrumb\"},\"inLanguage\":\"da-DK\",\"potentialAction\":[{\"@type\":\"ReadAction\",\"target\":[\"https:\/\/www.fermelepavillon.com\/da\/vaerelse-1\/\"]}]},{\"@type\":\"BreadcrumbList\",\"@id\":\"https:\/\/www.fermelepavillon.com\/da\/vaerelse-1\/#breadcrumb\",\"itemListElement\":[{\"@type\":\"ListItem\",\"position\":1,\"name\":\"Accueil\",\"item\":\"https:\/\/www.fermelepavillon.com\/da\/velkommen-til-ferme-le-pavillon\/\"},{\"@type\":\"ListItem\",\"position\":2,\"name\":\"V\u00e6relse 1\"}]},{\"@type\":\"WebSite\",\"@id\":\"https:\/\/www.fermelepavillon.com\/fr\/#website\",\"url\":\"https:\/\/www.fermelepavillon.com\/fr\/\",\"name\":\"Ferme Le Pavillon\",\"description\":\"Rooms &amp; Restaurant in the Southern France\",\"alternateName\":\"FLP\",\"potentialAction\":[{\"@type\":\"SearchAction\",\"target\":{\"@type\":\"EntryPoint\",\"urlTemplate\":\"https:\/\/www.fermelepavillon.com\/fr\/?s={search_term_string}\"},\"query-input\":{\"@type\":\"PropertyValueSpecification\",\"valueRequired\":true,\"valueName\":\"search_term_string\"}}],\"inLanguage\":\"da-DK\"}]}<\/script>\n<!-- \/ Yoast SEO plugin. -->","yoast_head_json":{"title":"V\u00e6relse 1 fermelepavillon","robots":{"index":"index","follow":"follow","max-snippet":"max-snippet:-1","max-image-preview":"max-image-preview:large","max-video-preview":"max-video-preview:-1"},"canonical":"https:\/\/www.fermelepavillon.com\/da\/vaerelse-1\/","og_locale":"da_DK","og_type":"article","og_title":"V\u00e6relse 1 fermelepavillon","og_description":"[vc_row content_placement=&#8221;top&#8221;][vc_column][vc_column_text] V\u00e6relse [\/vc_column_text][vc_column_text] 1 [\/vc_column_text][\/vc_column][\/vc_row][vc_row type=&#8221;masonry&#8221; item_type=&#8221;&#8221; number_of_columns=&#8221;4&#8243; space_between_items=&#8221;normal&#8221; number_of_items=&#8221;-1&#8243; image_proportions=&#8221;full&#8221; enable_fixed_proportions=&#8221;yes&#8221; enable_image_shadow=&#8221;no&#8221; orderby=&#8221;date&#8221; order=&#8221;ASC&#8221; item_style=&#8221;gallery-overlay&#8221; enable_title=&#8221;yes&#8221; title_tag=&#8221;&#8221; title_text_transform=&#8221;&#8221; enable_category=&#8221;yes&#8221; enable_count_images=&#8221;no&#8221; enable_excerpt=&#8221;no&#8221; pagination_type=&#8221;no-pagination&#8221; filter=&#8221;no&#8221; filter_order_by=&#8221;name&#8221; filter_text_transform=&#8221;&#8221; enable_article_animation=&#8221;no&#8221; category=&#8221;rooms&#8221; selected_projects=&#8221;&#8221; tag=&#8221;&#8221; excerpt_length=&#8221;&#8221; load_more_top_margin=&#8221;&#8221; filter_bottom_margin=&#8221;&#8221;][vc_column][vc_row_inner][vc_column_inner][vc_column_text]Dette rummelige, lyse v\u00e6relse ligger p\u00e5 f\u00f8rste [&hellip;]","og_url":"https:\/\/www.fermelepavillon.com\/da\/vaerelse-1\/","og_site_name":"fermelepavillon","article_publisher":"https:\/\/www.facebook.com\/Ferme-le-Pavillon-511026409429922\/","article_modified_time":"2026-01-16T07:32:18+00:00","og_image":[{"width":710,"height":512,"url":"https:\/\/i0.wp.com\/www.fermelepavillon.com\/wp-content\/uploads\/2025\/03\/Ferme-Le-Pavillon.webp?fit=710%2C512&ssl=1","type":"image\/webp"}],"twitter_card":"summary_large_image","twitter_misc":{"Estimeret l\u00e6setid":"1 minut"},"schema":{"@context":"https:\/\/schema.org","@graph":[{"@type":"WebPage","@id":"https:\/\/www.fermelepavillon.com\/da\/vaerelse-1\/","url":"https:\/\/www.fermelepavillon.com\/da\/vaerelse-1\/","name":"V\u00e6relse 1 fermelepavillon","isPartOf":{"@id":"https:\/\/www.fermelepavillon.com\/fr\/#website"},"datePublished":"2025-02-18T14:22:01+00:00","dateModified":"2026-01-16T07:32:18+00:00","breadcrumb":{"@id":"https:\/\/www.fermelepavillon.com\/da\/vaerelse-1\/#breadcrumb"},"inLanguage":"da-DK","potentialAction":[{"@type":"ReadAction","target":["https:\/\/www.fermelepavillon.com\/da\/vaerelse-1\/"]}]},{"@type":"BreadcrumbList","@id":"https:\/\/www.fermelepavillon.com\/da\/vaerelse-1\/#breadcrumb","itemListElement":[{"@type":"ListItem","position":1,"name":"Accueil","item":"https:\/\/www.fermelepavillon.com\/da\/velkommen-til-ferme-le-pavillon\/"},{"@type":"ListItem","position":2,"name":"V\u00e6relse 1"}]},{"@type":"WebSite","@id":"https:\/\/www.fermelepavillon.com\/fr\/#website","url":"https:\/\/www.fermelepavillon.com\/fr\/","name":"Ferme Le Pavillon","description":"Rooms &amp; Restaurant in the Southern France","alternateName":"FLP","potentialAction":[{"@type":"SearchAction","target":{"@type":"EntryPoint","urlTemplate":"https:\/\/www.fermelepavillon.com\/fr\/?s={search_term_string}"},"query-input":{"@type":"PropertyValueSpecification","valueRequired":true,"valueName":"search_term_string"}}],"inLanguage":"da-DK"}]}},"jetpack_sharing_enabled":true,"jetpack_shortlink":"https:\/\/wp.me\/PaSCF6-2om","jetpack-related-posts":[{"id":7942,"url":"https:\/\/www.fermelepavillon.com\/da\/vaerelser\/","url_meta":{"origin":9198,"position":0},"title":"V\u00e6relser","author":"Christel Nellemann","date":"7 maj 2020","format":false,"excerpt":"[vc_row row_content_width=\"grid\" css=\".vc_custom_1551977327232{padding-top: 92px !important;padding-bottom: 79px !important;}\"][vc_column width=\"1\/3\"][\/vc_column][vc_column width=\"2\/3\"][\/vc_column][\/vc_row][vc_row row_content_width=\"grid\" css=\".vc_custom_1511878612019{padding-right: 40px !important;padding-left: 40px !important;}\"][vc_column][\/vc_column][\/vc_row][vc_row][vc_column][\/vc_column][\/vc_row]","rel":"","context":"Similar post","block_context":{"text":"Similar post","link":""},"img":{"alt_text":"","src":"","width":0,"height":0},"classes":[]},{"id":9166,"url":"https:\/\/www.fermelepavillon.com\/da\/vaerelse-2\/","url_meta":{"origin":9198,"position":1},"title":"V\u00e6relse 2","author":"B\u00e9n\u00e9dicte DAGAN","date":"18 februar 2025","format":false,"excerpt":"[vc_row content_placement=\"top\"][vc_column][vc_column_text] V\u00e6relse 2 [\/vc_column_text][vc_column_text] 2 [\/vc_column_text][\/vc_column][\/vc_row][vc_row type=\"masonry\" item_type=\"\" number_of_columns=\"4\" space_between_items=\"normal\" number_of_items=\"-1\" image_proportions=\"full\" enable_fixed_proportions=\"yes\" enable_image_shadow=\"no\" orderby=\"date\" order=\"ASC\" item_style=\"gallery-overlay\" enable_title=\"yes\" title_tag=\"\" title_text_transform=\"\" enable_category=\"yes\" enable_count_images=\"no\" enable_excerpt=\"no\" pagination_type=\"no-pagination\" filter=\"no\" filter_order_by=\"name\" filter_text_transform=\"\" enable_article_animation=\"no\" category=\"rooms\" selected_projects=\"\" tag=\"\" excerpt_length=\"\" load_more_top_margin=\"\" filter_bottom_margin=\"\"][vc_column][vc_row_inner][vc_column_inner][vc_column_text]V\u00e6relse 2 er et smukt, lyst og rummeligt v\u00e6relse med stor privat tagterrasse. Sovev\u00e6relset er placeret\u2026","rel":"","context":"Similar post","block_context":{"text":"Similar post","link":""},"img":{"alt_text":"","src":"","width":0,"height":0},"classes":[]},{"id":7928,"url":"https:\/\/www.fermelepavillon.com\/da\/praktiske-forhold\/","url_meta":{"origin":9198,"position":2},"title":"Information","author":"Christel Nellemann","date":"5 februar 2021","format":false,"excerpt":"[vc_row row_content_width=\"grid\"][vc_column css=\".vc_custom_1553869248858{padding-top: 150px !important;}\"][\/vc_column][\/vc_row]","rel":"","context":"Similar post","block_context":{"text":"Similar post","link":""},"img":{"alt_text":"","src":"","width":0,"height":0},"classes":[]},{"id":7695,"url":"https:\/\/www.fermelepavillon.com\/fr\/decouvrir\/","url_meta":{"origin":9198,"position":3},"title":"D\u00e9couvrir","author":"Christel Nellemann","date":"7 maj 2020","format":false,"excerpt":"[vc_row simple_background_color=\"#f7f8f9\" css=\".vc_custom_1511187963893{padding-top: 130px !important;padding-bottom: 130px !important;}\"][vc_column][vc_row_inner row_content_width=\"grid\"][vc_column_inner][\/vc_column_inner][\/vc_row_inner][\/vc_column][\/vc_row]","rel":"","context":"Similar post","block_context":{"text":"Similar post","link":""},"img":{"alt_text":"","src":"","width":0,"height":0},"classes":[]},{"id":6473,"url":"https:\/\/www.fermelepavillon.com\/en\/about\/","url_meta":{"origin":9198,"position":4},"title":"About","author":"Christel Nellemann","date":"19 februar 2019","format":false,"excerpt":"[vc_row simple_background_color=\"#f7f8f9\" css=\".vc_custom_1511187963893{padding-top: 130px !important;padding-bottom: 130px !important;}\"][vc_column][vc_row_inner row_content_width=\"grid\"][vc_column_inner][\/vc_column_inner][\/vc_row_inner][\/vc_column][\/vc_row]","rel":"","context":"Similar post","block_context":{"text":"Similar post","link":""},"img":{"alt_text":"","src":"","width":0,"height":0},"classes":[]},{"id":9099,"url":"https:\/\/www.fermelepavillon.com\/da\/vaerelse-4\/","url_meta":{"origin":9198,"position":5},"title":"V\u00e6relse 4","author":"B\u00e9n\u00e9dicte DAGAN","date":"18 februar 2025","format":false,"excerpt":"[vc_row content_placement=\"top\"][vc_column][vc_column_text] V\u00e6relse [\/vc_column_text][vc_column_text] Fire [\/vc_column_text][\/vc_column][\/vc_row][vc_row type=\"masonry\" item_type=\"\" number_of_columns=\"4\" space_between_items=\"normal\" number_of_items=\"-1\" image_proportions=\"full\" enable_fixed_proportions=\"yes\" enable_image_shadow=\"no\" orderby=\"date\" order=\"ASC\" item_style=\"gallery-overlay\" enable_title=\"yes\" title_tag=\"\" title_text_transform=\"\" enable_category=\"yes\" enable_count_images=\"no\" enable_excerpt=\"no\" pagination_type=\"no-pagination\" filter=\"no\" filter_order_by=\"name\" filter_text_transform=\"\" enable_article_animation=\"no\" category=\"rooms\" selected_projects=\"\" tag=\"\" excerpt_length=\"\" load_more_top_margin=\"\" filter_bottom_margin=\"\"][vc_column][vc_row_inner][vc_column_inner][vc_column_text] Stueetagen Et lyst og behageligt rum, ideelt til et afslappende ophold: Privat terrasse med storsl\u00e5et udsigt,\u2026","rel":"","context":"Similar post","block_context":{"text":"Similar post","link":""},"img":{"alt_text":"","src":"","width":0,"height":0},"classes":[]}],"_links":{"self":[{"href":"https:\/\/www.fermelepavillon.com\/da\/wp-json\/wp\/v2\/pages\/9198","targetHints":{"allow":["GET"]}}],"collection":[{"href":"https:\/\/www.fermelepavillon.com\/da\/wp-json\/wp\/v2\/pages"}],"about":[{"href":"https:\/\/www.fermelepavillon.com\/da\/wp-json\/wp\/v2\/types\/page"}],"author":[{"embeddable":true,"href":"https:\/\/www.fermelepavillon.com\/da\/wp-json\/wp\/v2\/users\/5"}],"replies":[{"embeddable":true,"href":"https:\/\/www.fermelepavillon.com\/da\/wp-json\/wp\/v2\/comments?post=9198"}],"version-history":[{"count":15,"href":"https:\/\/www.fermelepavillon.com\/da\/wp-json\/wp\/v2\/pages\/9198\/revisions"}],"predecessor-version":[{"id":9320,"href":"https:\/\/www.fermelepavillon.com\/da\/wp-json\/wp\/v2\/pages\/9198\/revisions\/9320"}],"wp:attachment":[{"href":"https:\/\/www.fermelepavillon.com\/da\/wp-json\/wp\/v2\/media?parent=9198"}],"curies":[{"name":"wp","href":"https:\/\/api.w.org\/{rel}","templated":true}]}}