{"id":7830,"date":"2021-01-15T15:13:29","date_gmt":"2021-01-15T14:13:29","guid":{"rendered":"https:\/\/www.fermelepavillon.com\/?page_id=7830"},"modified":"2023-10-27T17:25:37","modified_gmt":"2023-10-27T15:25:37","slug":"book","status":"publish","type":"page","link":"https:\/\/www.fermelepavillon.com\/en\/book\/","title":{"rendered":"Book"},"content":{"rendered":"<p>[vc_row][vc_column][vc_raw_html]JTVCc2lydm95JTIwZm9ybS1pZCUzRCUyMmE0N2NjNDhkZTI4MzA0ZDIlMjIlNUQ=[\/vc_raw_html][\/vc_column][\/vc_row]<\/p>\n","protected":false},"excerpt":{"rendered":"<p>[vc_row][vc_column][vc_raw_html]JTVCc2lydm95JTIwZm9ybS1pZCUzRCUyMmE0N2NjNDhkZTI4MzA0ZDIlMjIlNUQ=[\/vc_raw_html][\/vc_column][\/vc_row]<\/p>\n","protected":false},"author":2,"featured_media":0,"parent":0,"menu_order":30,"comment_status":"closed","ping_status":"closed","template":"","meta":{"om_disable_all_campaigns":false,"jetpack_post_was_ever_published":false,"footnotes":""},"class_list":["post-7830","page","type-page","status-publish","hentry"],"yoast_head":"<!-- This site is optimized with the Yoast SEO plugin v26.7 - https:\/\/yoast.com\/wordpress\/plugins\/seo\/ -->\n<title>Book fermelepavillon<\/title>\n<meta name=\"description\" content=\"Surrounded by beautiful nature, Ferme le Pavillon is a quiet place to relax and enjoy good food. It is family owned and known for it&#039;s personal touch and &#039;hygge&#039;. Book your next stay here.\" \/>\n<meta name=\"robots\" content=\"index, follow, max-snippet:-1, max-image-preview:large, max-video-preview:-1\" \/>\n<link rel=\"canonical\" href=\"https:\/\/www.fermelepavillon.com\/en\/book\/\" \/>\n<meta property=\"og:locale\" content=\"en_US\" \/>\n<meta property=\"og:type\" content=\"article\" \/>\n<meta property=\"og:title\" content=\"Book fermelepavillon\" \/>\n<meta property=\"og:description\" content=\"Surrounded by beautiful nature, Ferme le Pavillon is a quiet place to relax and enjoy good food. It is family owned and known for it&#039;s personal touch and &#039;hygge&#039;. Book your next stay here.\" \/>\n<meta property=\"og:url\" content=\"https:\/\/www.fermelepavillon.com\/en\/book\/\" \/>\n<meta property=\"og:site_name\" content=\"fermelepavillon\" \/>\n<meta property=\"article:publisher\" content=\"https:\/\/www.facebook.com\/Ferme-le-Pavillon-511026409429922\/\" \/>\n<meta property=\"article:modified_time\" content=\"2023-10-27T15:25:37+00:00\" \/>\n<meta property=\"og:image\" content=\"https:\/\/i0.wp.com\/www.fermelepavillon.com\/wp-content\/uploads\/2025\/03\/Ferme-Le-Pavillon.webp?fit=710%2C512&ssl=1\" \/>\n\t<meta property=\"og:image:width\" content=\"710\" \/>\n\t<meta property=\"og:image:height\" content=\"512\" \/>\n\t<meta property=\"og:image:type\" content=\"image\/webp\" \/>\n<meta name=\"twitter:card\" content=\"summary_large_image\" \/>\n<meta name=\"twitter:label1\" content=\"Est. reading time\" \/>\n\t<meta name=\"twitter:data1\" content=\"1 minute\" \/>\n<script type=\"application\/ld+json\" class=\"yoast-schema-graph\">{\"@context\":\"https:\/\/schema.org\",\"@graph\":[{\"@type\":\"WebPage\",\"@id\":\"https:\/\/www.fermelepavillon.com\/en\/book\/\",\"url\":\"https:\/\/www.fermelepavillon.com\/en\/book\/\",\"name\":\"Book fermelepavillon\",\"isPartOf\":{\"@id\":\"https:\/\/www.fermelepavillon.com\/fr\/#website\"},\"datePublished\":\"2021-01-15T14:13:29+00:00\",\"dateModified\":\"2023-10-27T15:25:37+00:00\",\"description\":\"Surrounded by beautiful nature, Ferme le Pavillon is a quiet place to relax and enjoy good food. It is family owned and known for it's personal touch and 'hygge'. Book your next stay here.\",\"breadcrumb\":{\"@id\":\"https:\/\/www.fermelepavillon.com\/en\/book\/#breadcrumb\"},\"inLanguage\":\"en-US\",\"potentialAction\":[{\"@type\":\"ReadAction\",\"target\":[\"https:\/\/www.fermelepavillon.com\/en\/book\/\"]}]},{\"@type\":\"BreadcrumbList\",\"@id\":\"https:\/\/www.fermelepavillon.com\/en\/book\/#breadcrumb\",\"itemListElement\":[{\"@type\":\"ListItem\",\"position\":1,\"name\":\"Accueil\",\"item\":\"https:\/\/www.fermelepavillon.com\/en\/welcome-at-ferme-le-pavillon-2\/\"},{\"@type\":\"ListItem\",\"position\":2,\"name\":\"Book\"}]},{\"@type\":\"WebSite\",\"@id\":\"https:\/\/www.fermelepavillon.com\/fr\/#website\",\"url\":\"https:\/\/www.fermelepavillon.com\/fr\/\",\"name\":\"Ferme Le Pavillon\",\"description\":\"Rooms &amp; Restaurant in the Southern France\",\"alternateName\":\"FLP\",\"potentialAction\":[{\"@type\":\"SearchAction\",\"target\":{\"@type\":\"EntryPoint\",\"urlTemplate\":\"https:\/\/www.fermelepavillon.com\/fr\/?s={search_term_string}\"},\"query-input\":{\"@type\":\"PropertyValueSpecification\",\"valueRequired\":true,\"valueName\":\"search_term_string\"}}],\"inLanguage\":\"en-US\"}]}<\/script>\n<!-- \/ Yoast SEO plugin. -->","yoast_head_json":{"title":"Book fermelepavillon","description":"Surrounded by beautiful nature, Ferme le Pavillon is a quiet place to relax and enjoy good food. It is family owned and known for it's personal touch and 'hygge'. Book your next stay here.","robots":{"index":"index","follow":"follow","max-snippet":"max-snippet:-1","max-image-preview":"max-image-preview:large","max-video-preview":"max-video-preview:-1"},"canonical":"https:\/\/www.fermelepavillon.com\/en\/book\/","og_locale":"en_US","og_type":"article","og_title":"Book fermelepavillon","og_description":"Surrounded by beautiful nature, Ferme le Pavillon is a quiet place to relax and enjoy good food. It is family owned and known for it's personal touch and 'hygge'. Book your next stay here.","og_url":"https:\/\/www.fermelepavillon.com\/en\/book\/","og_site_name":"fermelepavillon","article_publisher":"https:\/\/www.facebook.com\/Ferme-le-Pavillon-511026409429922\/","article_modified_time":"2023-10-27T15:25:37+00:00","og_image":[{"width":710,"height":512,"url":"https:\/\/i0.wp.com\/www.fermelepavillon.com\/wp-content\/uploads\/2025\/03\/Ferme-Le-Pavillon.webp?fit=710%2C512&ssl=1","type":"image\/webp"}],"twitter_card":"summary_large_image","twitter_misc":{"Est. reading time":"1 minute"},"schema":{"@context":"https:\/\/schema.org","@graph":[{"@type":"WebPage","@id":"https:\/\/www.fermelepavillon.com\/en\/book\/","url":"https:\/\/www.fermelepavillon.com\/en\/book\/","name":"Book fermelepavillon","isPartOf":{"@id":"https:\/\/www.fermelepavillon.com\/fr\/#website"},"datePublished":"2021-01-15T14:13:29+00:00","dateModified":"2023-10-27T15:25:37+00:00","description":"Surrounded by beautiful nature, Ferme le Pavillon is a quiet place to relax and enjoy good food. It is family owned and known for it's personal touch and 'hygge'. Book your next stay here.","breadcrumb":{"@id":"https:\/\/www.fermelepavillon.com\/en\/book\/#breadcrumb"},"inLanguage":"en-US","potentialAction":[{"@type":"ReadAction","target":["https:\/\/www.fermelepavillon.com\/en\/book\/"]}]},{"@type":"BreadcrumbList","@id":"https:\/\/www.fermelepavillon.com\/en\/book\/#breadcrumb","itemListElement":[{"@type":"ListItem","position":1,"name":"Accueil","item":"https:\/\/www.fermelepavillon.com\/en\/welcome-at-ferme-le-pavillon-2\/"},{"@type":"ListItem","position":2,"name":"Book"}]},{"@type":"WebSite","@id":"https:\/\/www.fermelepavillon.com\/fr\/#website","url":"https:\/\/www.fermelepavillon.com\/fr\/","name":"Ferme Le Pavillon","description":"Rooms &amp; Restaurant in the Southern France","alternateName":"FLP","potentialAction":[{"@type":"SearchAction","target":{"@type":"EntryPoint","urlTemplate":"https:\/\/www.fermelepavillon.com\/fr\/?s={search_term_string}"},"query-input":{"@type":"PropertyValueSpecification","valueRequired":true,"valueName":"search_term_string"}}],"inLanguage":"en-US"}]}},"jetpack_sharing_enabled":true,"jetpack_shortlink":"https:\/\/wp.me\/PaSCF6-22i","jetpack-related-posts":[{"id":7487,"url":"https:\/\/www.fermelepavillon.com\/fr\/book-directly\/","url_meta":{"origin":7830,"position":0},"title":"Reserver","author":"Christel Nellemann","date":"21 December 2019","format":false,"excerpt":"[vc_row][vc_column][vc_raw_html]JTVCc2lydm95JTIwZm9ybS1pZCUzRCUyMmE0N2NjNDhkZTI4MzA0ZDIlMjIlNUQ=[\/vc_raw_html][\/vc_column][\/vc_row]","rel":"","context":"Similar post","block_context":{"text":"Similar post","link":""},"img":{"alt_text":"","src":"","width":0,"height":0},"classes":[]},{"id":7934,"url":"https:\/\/www.fermelepavillon.com\/da\/reservere\/","url_meta":{"origin":7830,"position":1},"title":"Book","author":"Christel Nellemann","date":"5 February 2021","format":false,"excerpt":"[vc_row][vc_column][vc_raw_html]JTVCc2lydm95JTIwZm9ybS1pZCUzRCUyMmE0N2NjNDhkZTI4MzA0ZDIlMjIlNUQ=[\/vc_raw_html][\/vc_column][\/vc_row]","rel":"","context":"Similar post","block_context":{"text":"Similar post","link":""},"img":{"alt_text":"","src":"","width":0,"height":0},"classes":[]},{"id":9100,"url":"https:\/\/www.fermelepavillon.com\/en\/room-four\/","url_meta":{"origin":7830,"position":2},"title":"Room four","author":"B\u00e9n\u00e9dicte DAGAN","date":"21 February 2025","format":false,"excerpt":"[vc_row content_placement=\"top\"][vc_column][vc_column_text] Room [\/vc_column_text][vc_column_text] Four [\/vc_column_text][\/vc_column][\/vc_row][vc_row type=\"masonry\" item_type=\"\" number_of_columns=\"4\" space_between_items=\"normal\" number_of_items=\"-1\" image_proportions=\"full\" enable_fixed_proportions=\"yes\" enable_image_shadow=\"no\" orderby=\"date\" order=\"ASC\" item_style=\"gallery-overlay\" enable_title=\"yes\" title_tag=\"\" title_text_transform=\"\" enable_category=\"yes\" enable_count_images=\"no\" enable_excerpt=\"no\" pagination_type=\"no-pagination\" filter=\"no\" filter_order_by=\"name\" filter_text_transform=\"\" enable_article_animation=\"no\" category=\"rooms\" selected_projects=\"\" tag=\"\" excerpt_length=\"\" load_more_top_margin=\"\" filter_bottom_margin=\"\"][vc_column][vc_row_inner][vc_column_inner][vc_column_text] First floor A bright and comfortable space, ideal for a relaxing stay: Private terrace with magnificent\u2026","rel":"","context":"Similar post","block_context":{"text":"Similar post","link":""},"img":{"alt_text":"","src":"","width":0,"height":0},"classes":[]},{"id":9099,"url":"https:\/\/www.fermelepavillon.com\/da\/vaerelse-4\/","url_meta":{"origin":7830,"position":3},"title":"V\u00e6relse 4","author":"B\u00e9n\u00e9dicte DAGAN","date":"18 February 2025","format":false,"excerpt":"[vc_row content_placement=\"top\"][vc_column][vc_column_text] V\u00e6relse [\/vc_column_text][vc_column_text] Fire [\/vc_column_text][\/vc_column][\/vc_row][vc_row type=\"masonry\" item_type=\"\" number_of_columns=\"4\" space_between_items=\"normal\" number_of_items=\"-1\" image_proportions=\"full\" enable_fixed_proportions=\"yes\" enable_image_shadow=\"no\" orderby=\"date\" order=\"ASC\" item_style=\"gallery-overlay\" enable_title=\"yes\" title_tag=\"\" title_text_transform=\"\" enable_category=\"yes\" enable_count_images=\"no\" enable_excerpt=\"no\" pagination_type=\"no-pagination\" filter=\"no\" filter_order_by=\"name\" filter_text_transform=\"\" enable_article_animation=\"no\" category=\"rooms\" selected_projects=\"\" tag=\"\" excerpt_length=\"\" load_more_top_margin=\"\" filter_bottom_margin=\"\"][vc_column][vc_row_inner][vc_column_inner][vc_column_text] Stueetagen Et lyst og behageligt rum, ideelt til et afslappende ophold: Privat terrasse med storsl\u00e5et udsigt,\u2026","rel":"","context":"Similar post","block_context":{"text":"Similar post","link":""},"img":{"alt_text":"","src":"","width":0,"height":0},"classes":[]},{"id":9166,"url":"https:\/\/www.fermelepavillon.com\/da\/vaerelse-2\/","url_meta":{"origin":7830,"position":4},"title":"V\u00e6relse 2","author":"B\u00e9n\u00e9dicte DAGAN","date":"18 February 2025","format":false,"excerpt":"[vc_row content_placement=\"top\"][vc_column][vc_column_text] V\u00e6relse 2 [\/vc_column_text][vc_column_text] 2 [\/vc_column_text][\/vc_column][\/vc_row][vc_row type=\"masonry\" item_type=\"\" number_of_columns=\"4\" space_between_items=\"normal\" number_of_items=\"-1\" image_proportions=\"full\" enable_fixed_proportions=\"yes\" enable_image_shadow=\"no\" orderby=\"date\" order=\"ASC\" item_style=\"gallery-overlay\" enable_title=\"yes\" title_tag=\"\" title_text_transform=\"\" enable_category=\"yes\" enable_count_images=\"no\" enable_excerpt=\"no\" pagination_type=\"no-pagination\" filter=\"no\" filter_order_by=\"name\" filter_text_transform=\"\" enable_article_animation=\"no\" category=\"rooms\" selected_projects=\"\" tag=\"\" excerpt_length=\"\" load_more_top_margin=\"\" filter_bottom_margin=\"\"][vc_column][vc_row_inner][vc_column_inner][vc_column_text]V\u00e6relse 2 er et smukt, lyst og rummeligt v\u00e6relse med stor privat tagterrasse. Sovev\u00e6relset er placeret\u2026","rel":"","context":"Similar post","block_context":{"text":"Similar post","link":""},"img":{"alt_text":"","src":"","width":0,"height":0},"classes":[]},{"id":9138,"url":"https:\/\/www.fermelepavillon.com\/en\/room-three\/","url_meta":{"origin":7830,"position":5},"title":"Room three","author":"B\u00e9n\u00e9dicte DAGAN","date":"18 February 2025","format":false,"excerpt":"[vc_row content_placement=\"top\"][vc_column][vc_column_text] Room [\/vc_column_text][vc_column_text] Three [\/vc_column_text][\/vc_column][\/vc_row][vc_row type=\"masonry\" item_type=\"\" number_of_columns=\"4\" space_between_items=\"normal\" number_of_items=\"-1\" image_proportions=\"full\" enable_fixed_proportions=\"yes\" enable_image_shadow=\"no\" orderby=\"date\" order=\"ASC\" item_style=\"gallery-overlay\" enable_title=\"yes\" title_tag=\"\" title_text_transform=\"\" enable_category=\"yes\" enable_count_images=\"no\" enable_excerpt=\"no\" pagination_type=\"no-pagination\" filter=\"no\" filter_order_by=\"name\" filter_text_transform=\"\" enable_article_animation=\"no\" category=\"rooms\" selected_projects=\"\" tag=\"\" excerpt_length=\"\" load_more_top_margin=\"\" filter_bottom_margin=\"\"][vc_column][vc_row_inner][vc_column_inner][vc_column_text]Ground-floor room with private terrace A bright, comfortable space, perfect for a relaxing stay. Private terrace with\u2026","rel":"","context":"Similar post","block_context":{"text":"Similar post","link":""},"img":{"alt_text":"","src":"","width":0,"height":0},"classes":[]}],"_links":{"self":[{"href":"https:\/\/www.fermelepavillon.com\/en\/wp-json\/wp\/v2\/pages\/7830","targetHints":{"allow":["GET"]}}],"collection":[{"href":"https:\/\/www.fermelepavillon.com\/en\/wp-json\/wp\/v2\/pages"}],"about":[{"href":"https:\/\/www.fermelepavillon.com\/en\/wp-json\/wp\/v2\/types\/page"}],"author":[{"embeddable":true,"href":"https:\/\/www.fermelepavillon.com\/en\/wp-json\/wp\/v2\/users\/2"}],"replies":[{"embeddable":true,"href":"https:\/\/www.fermelepavillon.com\/en\/wp-json\/wp\/v2\/comments?post=7830"}],"version-history":[{"count":4,"href":"https:\/\/www.fermelepavillon.com\/en\/wp-json\/wp\/v2\/pages\/7830\/revisions"}],"predecessor-version":[{"id":8528,"href":"https:\/\/www.fermelepavillon.com\/en\/wp-json\/wp\/v2\/pages\/7830\/revisions\/8528"}],"wp:attachment":[{"href":"https:\/\/www.fermelepavillon.com\/en\/wp-json\/wp\/v2\/media?parent=7830"}],"curies":[{"name":"wp","href":"https:\/\/api.w.org\/{rel}","templated":true}]}}