{"id":7487,"date":"2019-12-21T14:49:37","date_gmt":"2019-12-21T13:49:37","guid":{"rendered":"https:\/\/www.fermelepavillon.com\/?page_id=7487"},"modified":"2023-10-27T17:13:59","modified_gmt":"2023-10-27T15:13:59","slug":"book-directly","status":"publish","type":"page","link":"https:\/\/www.fermelepavillon.com\/fr\/book-directly\/","title":{"rendered":"Reserver"},"content":{"rendered":"<p>[vc_row][vc_column][vc_raw_html]JTVCc2lydm95JTIwZm9ybS1pZCUzRCUyMmE0N2NjNDhkZTI4MzA0ZDIlMjIlNUQ=[\/vc_raw_html][\/vc_column][\/vc_row]<\/p>\n","protected":false},"excerpt":{"rendered":"<p>[vc_row][vc_column][vc_raw_html]JTVCc2lydm95JTIwZm9ybS1pZCUzRCUyMmE0N2NjNDhkZTI4MzA0ZDIlMjIlNUQ=[\/vc_raw_html][\/vc_column][\/vc_row]<\/p>\n","protected":false},"author":2,"featured_media":0,"parent":0,"menu_order":29,"comment_status":"closed","ping_status":"closed","template":"","meta":{"om_disable_all_campaigns":false,"jetpack_post_was_ever_published":false,"footnotes":""},"class_list":["post-7487","page","type-page","status-publish","hentry"],"yoast_head":"<!-- This site is optimized with the Yoast SEO plugin v26.7 - https:\/\/yoast.com\/wordpress\/plugins\/seo\/ -->\n<title>Reserver fermelepavillon<\/title>\n<meta name=\"description\" content=\"Surrounded by nature, Ferme le Pavillon is a calm and personal bed and breakfast where you can relax and enjoy good food and beautiful interior. Book your stay at Ferme le Pavillon now.\" \/>\n<meta name=\"robots\" content=\"index, follow, max-snippet:-1, max-image-preview:large, max-video-preview:-1\" \/>\n<link rel=\"canonical\" href=\"https:\/\/www.fermelepavillon.com\/fr\/book-directly\/\" \/>\n<meta property=\"og:locale\" content=\"fr_FR\" \/>\n<meta property=\"og:type\" content=\"article\" \/>\n<meta property=\"og:title\" content=\"Reserver fermelepavillon\" \/>\n<meta property=\"og:description\" content=\"Surrounded by nature, Ferme le Pavillon is a calm and personal bed and breakfast where you can relax and enjoy good food and beautiful interior. Book your stay at Ferme le Pavillon now.\" \/>\n<meta property=\"og:url\" content=\"https:\/\/www.fermelepavillon.com\/fr\/book-directly\/\" \/>\n<meta property=\"og:site_name\" content=\"fermelepavillon\" \/>\n<meta property=\"article:publisher\" content=\"https:\/\/www.facebook.com\/Ferme-le-Pavillon-511026409429922\/\" \/>\n<meta property=\"article:modified_time\" content=\"2023-10-27T15:13:59+00:00\" \/>\n<meta property=\"og:image\" content=\"https:\/\/i0.wp.com\/www.fermelepavillon.com\/wp-content\/uploads\/2025\/03\/Ferme-Le-Pavillon.webp?fit=710%2C512&ssl=1\" \/>\n\t<meta property=\"og:image:width\" content=\"710\" \/>\n\t<meta property=\"og:image:height\" content=\"512\" \/>\n\t<meta property=\"og:image:type\" content=\"image\/webp\" \/>\n<meta name=\"twitter:card\" content=\"summary_large_image\" \/>\n<meta name=\"twitter:label1\" content=\"Dur\u00e9e de lecture estim\u00e9e\" \/>\n\t<meta name=\"twitter:data1\" content=\"1 minute\" \/>\n<script type=\"application\/ld+json\" class=\"yoast-schema-graph\">{\"@context\":\"https:\/\/schema.org\",\"@graph\":[{\"@type\":\"WebPage\",\"@id\":\"https:\/\/www.fermelepavillon.com\/fr\/book-directly\/\",\"url\":\"https:\/\/www.fermelepavillon.com\/fr\/book-directly\/\",\"name\":\"Reserver fermelepavillon\",\"isPartOf\":{\"@id\":\"https:\/\/www.fermelepavillon.com\/fr\/#website\"},\"datePublished\":\"2019-12-21T13:49:37+00:00\",\"dateModified\":\"2023-10-27T15:13:59+00:00\",\"description\":\"Surrounded by nature, Ferme le Pavillon is a calm and personal bed and breakfast where you can relax and enjoy good food and beautiful interior. Book your stay at Ferme le Pavillon now.\",\"breadcrumb\":{\"@id\":\"https:\/\/www.fermelepavillon.com\/fr\/book-directly\/#breadcrumb\"},\"inLanguage\":\"fr-FR\",\"potentialAction\":[{\"@type\":\"ReadAction\",\"target\":[\"https:\/\/www.fermelepavillon.com\/fr\/book-directly\/\"]}]},{\"@type\":\"BreadcrumbList\",\"@id\":\"https:\/\/www.fermelepavillon.com\/fr\/book-directly\/#breadcrumb\",\"itemListElement\":[{\"@type\":\"ListItem\",\"position\":1,\"name\":\"Accueil\",\"item\":\"https:\/\/www.fermelepavillon.com\/fr\/home\/\"},{\"@type\":\"ListItem\",\"position\":2,\"name\":\"Reserver\"}]},{\"@type\":\"WebSite\",\"@id\":\"https:\/\/www.fermelepavillon.com\/fr\/#website\",\"url\":\"https:\/\/www.fermelepavillon.com\/fr\/\",\"name\":\"Ferme Le Pavillon\",\"description\":\"Rooms &amp; Restaurant in the Southern France\",\"alternateName\":\"FLP\",\"potentialAction\":[{\"@type\":\"SearchAction\",\"target\":{\"@type\":\"EntryPoint\",\"urlTemplate\":\"https:\/\/www.fermelepavillon.com\/fr\/?s={search_term_string}\"},\"query-input\":{\"@type\":\"PropertyValueSpecification\",\"valueRequired\":true,\"valueName\":\"search_term_string\"}}],\"inLanguage\":\"fr-FR\"}]}<\/script>\n<!-- \/ Yoast SEO plugin. -->","yoast_head_json":{"title":"Reserver fermelepavillon","description":"Surrounded by nature, Ferme le Pavillon is a calm and personal bed and breakfast where you can relax and enjoy good food and beautiful interior. Book your stay at Ferme le Pavillon now.","robots":{"index":"index","follow":"follow","max-snippet":"max-snippet:-1","max-image-preview":"max-image-preview:large","max-video-preview":"max-video-preview:-1"},"canonical":"https:\/\/www.fermelepavillon.com\/fr\/book-directly\/","og_locale":"fr_FR","og_type":"article","og_title":"Reserver fermelepavillon","og_description":"Surrounded by nature, Ferme le Pavillon is a calm and personal bed and breakfast where you can relax and enjoy good food and beautiful interior. Book your stay at Ferme le Pavillon now.","og_url":"https:\/\/www.fermelepavillon.com\/fr\/book-directly\/","og_site_name":"fermelepavillon","article_publisher":"https:\/\/www.facebook.com\/Ferme-le-Pavillon-511026409429922\/","article_modified_time":"2023-10-27T15:13:59+00:00","og_image":[{"width":710,"height":512,"url":"https:\/\/i0.wp.com\/www.fermelepavillon.com\/wp-content\/uploads\/2025\/03\/Ferme-Le-Pavillon.webp?fit=710%2C512&ssl=1","type":"image\/webp"}],"twitter_card":"summary_large_image","twitter_misc":{"Dur\u00e9e de lecture estim\u00e9e":"1 minute"},"schema":{"@context":"https:\/\/schema.org","@graph":[{"@type":"WebPage","@id":"https:\/\/www.fermelepavillon.com\/fr\/book-directly\/","url":"https:\/\/www.fermelepavillon.com\/fr\/book-directly\/","name":"Reserver fermelepavillon","isPartOf":{"@id":"https:\/\/www.fermelepavillon.com\/fr\/#website"},"datePublished":"2019-12-21T13:49:37+00:00","dateModified":"2023-10-27T15:13:59+00:00","description":"Surrounded by nature, Ferme le Pavillon is a calm and personal bed and breakfast where you can relax and enjoy good food and beautiful interior. Book your stay at Ferme le Pavillon now.","breadcrumb":{"@id":"https:\/\/www.fermelepavillon.com\/fr\/book-directly\/#breadcrumb"},"inLanguage":"fr-FR","potentialAction":[{"@type":"ReadAction","target":["https:\/\/www.fermelepavillon.com\/fr\/book-directly\/"]}]},{"@type":"BreadcrumbList","@id":"https:\/\/www.fermelepavillon.com\/fr\/book-directly\/#breadcrumb","itemListElement":[{"@type":"ListItem","position":1,"name":"Accueil","item":"https:\/\/www.fermelepavillon.com\/fr\/home\/"},{"@type":"ListItem","position":2,"name":"Reserver"}]},{"@type":"WebSite","@id":"https:\/\/www.fermelepavillon.com\/fr\/#website","url":"https:\/\/www.fermelepavillon.com\/fr\/","name":"Ferme Le Pavillon","description":"Rooms &amp; Restaurant in the Southern France","alternateName":"FLP","potentialAction":[{"@type":"SearchAction","target":{"@type":"EntryPoint","urlTemplate":"https:\/\/www.fermelepavillon.com\/fr\/?s={search_term_string}"},"query-input":{"@type":"PropertyValueSpecification","valueRequired":true,"valueName":"search_term_string"}}],"inLanguage":"fr-FR"}]}},"jetpack_sharing_enabled":true,"jetpack_shortlink":"https:\/\/wp.me\/PaSCF6-1WL","jetpack-related-posts":[{"id":7934,"url":"https:\/\/www.fermelepavillon.com\/da\/reservere\/","url_meta":{"origin":7487,"position":0},"title":"Book","author":"Christel Nellemann","date":"5 f\u00e9vrier 2021","format":false,"excerpt":"[vc_row][vc_column][vc_raw_html]JTVCc2lydm95JTIwZm9ybS1pZCUzRCUyMmE0N2NjNDhkZTI4MzA0ZDIlMjIlNUQ=[\/vc_raw_html][\/vc_column][\/vc_row]","rel":"","context":"Article similaire","block_context":{"text":"Article similaire","link":""},"img":{"alt_text":"","src":"","width":0,"height":0},"classes":[]},{"id":8744,"url":"https:\/\/www.fermelepavillon.com\/fr\/","url_meta":{"origin":7487,"position":1},"title":"Bienvenue \u00e0 Ferme Le Pavillon","author":"Christel Nellemann","date":"16 d\u00e9cembre 2024","format":false,"excerpt":"[vc_section][vc_row type=\"masonry\" item_type=\"\" number_of_columns=\"4\" space_between_items=\"normal\" number_of_items=\"-1\" image_proportions=\"full\" enable_fixed_proportions=\"yes\" enable_image_shadow=\"no\" orderby=\"date\" order=\"ASC\" item_style=\"gallery-overlay\" enable_title=\"yes\" title_tag=\"\" title_text_transform=\"\" enable_category=\"yes\" enable_count_images=\"no\" enable_excerpt=\"no\" pagination_type=\"no-pagination\" filter=\"no\" filter_order_by=\"name\" filter_text_transform=\"\" enable_article_animation=\"no\" category=\"rooms\" selected_projects=\"\" tag=\"\" excerpt_length=\"\" load_more_top_margin=\"\" filter_bottom_margin=\"\"][vc_column][vc_row_inner][vc_column_inner][vc_column_text] Chambres d'h\u00f4tes et Restaurant gastronomique en Provence [\/vc_column_text][\/vc_column_inner][\/vc_row_inner][vc_empty_space height=\"50px\"][\/vc_column][\/vc_row][vc_row][vc_column width=\"1\/2\"][vc_single_image image=\"10166\" img_size=\"full\" onclick=\"custom_link\" css_animation=\"fadeIn\" link=\"https:\/\/www.fermelepavillon.com\/fr\/book-directly\/\"][vc_column_text] Les chambres [\/vc_column_text][\/vc_column][vc_column width=\"1\/2\"][vc_single_image image=\"10173\" img_size=\"full\"\u2026","rel":"","context":"Article similaire","block_context":{"text":"Article similaire","link":""},"img":{"alt_text":"","src":"","width":0,"height":0},"classes":[]},{"id":10051,"url":"https:\/\/www.fermelepavillon.com\/en\/welcome-at-ferme-le-pavillon-2\/","url_meta":{"origin":7487,"position":2},"title":"Welcome to Ferme le Pavillon","author":"Christel Nellemann","date":"15 d\u00e9cembre 2025","format":false,"excerpt":"[vc_section][vc_row type=\"masonry\" item_type=\"\" number_of_columns=\"4\" space_between_items=\"normal\" number_of_items=\"-1\" image_proportions=\"full\" enable_fixed_proportions=\"yes\" enable_image_shadow=\"no\" orderby=\"date\" order=\"ASC\" item_style=\"gallery-overlay\" enable_title=\"yes\" title_tag=\"\" title_text_transform=\"\" enable_category=\"yes\" enable_count_images=\"no\" enable_excerpt=\"no\" pagination_type=\"no-pagination\" filter=\"no\" filter_order_by=\"name\" filter_text_transform=\"\" enable_article_animation=\"no\" category=\"rooms\" selected_projects=\"\" tag=\"\" excerpt_length=\"\" load_more_top_margin=\"\" filter_bottom_margin=\"\"][vc_column][vc_row_inner][vc_column_inner][vc_column_text] Boutique hotel and gourmet restaurant in Provence [\/vc_column_text][\/vc_column_inner][\/vc_row_inner][vc_empty_space height=\"50px\"][\/vc_column][\/vc_row][vc_row][vc_column width=\"1\/2\"][vc_single_image image=\"10168\" img_size=\"full\" onclick=\"custom_link\" css_animation=\"fadeIn\" link=\"https:\/\/www.fermelepavillon.com\/en\/book\/\"][vc_column_text] The Rooms [\/vc_column_text][\/vc_column][vc_column width=\"1\/2\"][vc_single_image image=\"10175\" img_size=\"full\"\u2026","rel":"","context":"Article similaire","block_context":{"text":"Article similaire","link":""},"img":{"alt_text":"","src":"","width":0,"height":0},"classes":[]},{"id":8821,"url":"https:\/\/www.fermelepavillon.com\/fr\/chambre-familiale-cote-piscine\/","url_meta":{"origin":7487,"position":3},"title":"Chambre familiale c\u00f4t\u00e9 piscine","author":"B\u00e9n\u00e9dicte DAGAN","date":"17 d\u00e9cembre 2024","format":false,"excerpt":"[vc_row content_placement=\"top\"][vc_column][vc_column_text] Chambre familiale [\/vc_column_text][vc_column_text] C\u00f4t\u00e9 piscine [\/vc_column_text][\/vc_column][\/vc_row][vc_row type=\"masonry\" item_type=\"\" number_of_columns=\"4\" space_between_items=\"normal\" number_of_items=\"-1\" image_proportions=\"full\" enable_fixed_proportions=\"yes\" enable_image_shadow=\"no\" orderby=\"date\" order=\"ASC\" item_style=\"gallery-overlay\" enable_title=\"yes\" title_tag=\"\" title_text_transform=\"\" enable_category=\"yes\" enable_count_images=\"no\" enable_excerpt=\"no\" pagination_type=\"no-pagination\" filter=\"no\" filter_order_by=\"name\" filter_text_transform=\"\" enable_article_animation=\"no\" category=\"rooms\" selected_projects=\"\" tag=\"\" excerpt_length=\"\" load_more_top_margin=\"\" filter_bottom_margin=\"\"][vc_column][vc_row_inner][vc_column_inner][vc_column_text] Dans la chambre familiale c\u00f4t\u00e9 piscine, vous trouverez : Une chambre \u00e9quip\u00e9e d\u2019un lit\u2026","rel":"","context":"Article similaire","block_context":{"text":"Article similaire","link":""},"img":{"alt_text":"","src":"","width":0,"height":0},"classes":[]},{"id":9051,"url":"https:\/\/www.fermelepavillon.com\/fr\/chambre-familiale-cote-jardin\/","url_meta":{"origin":7487,"position":4},"title":"Chambre familiale c\u00f4t\u00e9 jardin","author":"B\u00e9n\u00e9dicte DAGAN","date":"21 f\u00e9vrier 2025","format":false,"excerpt":"[vc_row content_placement=\"top\"][vc_column][vc_column_text] Chambre familiale [\/vc_column_text][vc_column_text] C\u00f4t\u00e9 jardin [\/vc_column_text][\/vc_column][\/vc_row][vc_row type=\"masonry\" item_type=\"\" number_of_columns=\"4\" space_between_items=\"normal\" number_of_items=\"-1\" image_proportions=\"full\" enable_fixed_proportions=\"yes\" enable_image_shadow=\"no\" orderby=\"date\" order=\"ASC\" item_style=\"gallery-overlay\" enable_title=\"yes\" title_tag=\"\" title_text_transform=\"\" enable_category=\"yes\" enable_count_images=\"no\" enable_excerpt=\"no\" pagination_type=\"no-pagination\" filter=\"no\" filter_order_by=\"name\" filter_text_transform=\"\" enable_article_animation=\"no\" category=\"rooms\" selected_projects=\"\" tag=\"\" excerpt_length=\"\" load_more_top_margin=\"\" filter_bottom_margin=\"\"][vc_column][vc_row_inner][vc_column_inner][vc_column_text]Un espace id\u00e9al pour les familles, offrant confort, intimit\u00e9 et acc\u00e8s direct \u00e0 la nature.\u2026","rel":"","context":"Article similaire","block_context":{"text":"Article similaire","link":""},"img":{"alt_text":"","src":"","width":0,"height":0},"classes":[]},{"id":9907,"url":"https:\/\/www.fermelepavillon.com\/fr\/le-restaurant\/","url_meta":{"origin":7487,"position":5},"title":"Le restaurant","author":"Christophe Vedel","date":"11 d\u00e9cembre 2025","format":false,"excerpt":"[vc_row content_placement=\"top\"][vc_column][vc_column_text] Restaurant Ferme le Pavillon [\/vc_column_text][vc_column_text][\/vc_column_text][\/vc_column][\/vc_row][vc_row type=\"masonry\" item_type=\"\" number_of_columns=\"4\" space_between_items=\"normal\" number_of_items=\"-1\" image_proportions=\"full\" enable_fixed_proportions=\"yes\" enable_image_shadow=\"no\" orderby=\"date\" order=\"ASC\" item_style=\"gallery-overlay\" enable_title=\"yes\" title_tag=\"\" title_text_transform=\"\" enable_category=\"yes\" enable_count_images=\"no\" enable_excerpt=\"no\" pagination_type=\"no-pagination\" filter=\"no\" filter_order_by=\"name\" filter_text_transform=\"\" enable_article_animation=\"no\" category=\"rooms\" selected_projects=\"\" tag=\"\" excerpt_length=\"\" load_more_top_margin=\"\" filter_bottom_margin=\"\"][vc_column][vc_row_inner][vc_column_inner][vc_column_text] Une cuisine d\u2019auteur alliant le terroir proven\u00e7al et l\u2019audace scandinavepar les chefs Jonas Dahl &\u2026","rel":"","context":"Article similaire","block_context":{"text":"Article similaire","link":""},"img":{"alt_text":"","src":"","width":0,"height":0},"classes":[]}],"_links":{"self":[{"href":"https:\/\/www.fermelepavillon.com\/fr\/wp-json\/wp\/v2\/pages\/7487","targetHints":{"allow":["GET"]}}],"collection":[{"href":"https:\/\/www.fermelepavillon.com\/fr\/wp-json\/wp\/v2\/pages"}],"about":[{"href":"https:\/\/www.fermelepavillon.com\/fr\/wp-json\/wp\/v2\/types\/page"}],"author":[{"embeddable":true,"href":"https:\/\/www.fermelepavillon.com\/fr\/wp-json\/wp\/v2\/users\/2"}],"replies":[{"embeddable":true,"href":"https:\/\/www.fermelepavillon.com\/fr\/wp-json\/wp\/v2\/comments?post=7487"}],"version-history":[{"count":12,"href":"https:\/\/www.fermelepavillon.com\/fr\/wp-json\/wp\/v2\/pages\/7487\/revisions"}],"predecessor-version":[{"id":8525,"href":"https:\/\/www.fermelepavillon.com\/fr\/wp-json\/wp\/v2\/pages\/7487\/revisions\/8525"}],"wp:attachment":[{"href":"https:\/\/www.fermelepavillon.com\/fr\/wp-json\/wp\/v2\/media?parent=7487"}],"curies":[{"name":"wp","href":"https:\/\/api.w.org\/{rel}","templated":true}]}}