{"id":9051,"date":"2025-02-21T15:19:59","date_gmt":"2025-02-21T14:19:59","guid":{"rendered":"https:\/\/www.fermelepavillon.com\/?page_id=9051"},"modified":"2026-01-16T07:58:42","modified_gmt":"2026-01-16T06:58:42","slug":"chambre-familiale-cote-jardin","status":"publish","type":"page","link":"https:\/\/www.fermelepavillon.com\/fr\/chambre-familiale-cote-jardin\/","title":{"rendered":"Chambre familiale c\u00f4t\u00e9 jardin"},"content":{"rendered":"<p>[vc_row content_placement=\u00a0\u00bbtop\u00a0\u00bb][vc_column][vc_column_text]<\/p>\n<h3 style=\"font-weight: bold; margin-top: 0;\">Chambre familiale<\/h3>\n<p>[\/vc_column_text][vc_column_text]<\/p>\n<h3 style=\"margin-top: 0;\">C\u00f4t\u00e9 jardin<\/h3>\n<p>[\/vc_column_text][\/vc_column][\/vc_row][vc_row type=\u00a0\u00bbmasonry\u00a0\u00bb item_type=\u00a0\u00bb\u00a0\u00bb number_of_columns=\u00a0\u00bb4&Prime; space_between_items=\u00a0\u00bbnormal\u00a0\u00bb number_of_items=\u00a0\u00bb-1&Prime; image_proportions=\u00a0\u00bbfull\u00a0\u00bb enable_fixed_proportions=\u00a0\u00bbyes\u00a0\u00bb enable_image_shadow=\u00a0\u00bbno\u00a0\u00bb orderby=\u00a0\u00bbdate\u00a0\u00bb order=\u00a0\u00bbASC\u00a0\u00bb item_style=\u00a0\u00bbgallery-overlay\u00a0\u00bb enable_title=\u00a0\u00bbyes\u00a0\u00bb title_tag=\u00a0\u00bb\u00a0\u00bb title_text_transform=\u00a0\u00bb\u00a0\u00bb enable_category=\u00a0\u00bbyes\u00a0\u00bb enable_count_images=\u00a0\u00bbno\u00a0\u00bb enable_excerpt=\u00a0\u00bbno\u00a0\u00bb pagination_type=\u00a0\u00bbno-pagination\u00a0\u00bb filter=\u00a0\u00bbno\u00a0\u00bb filter_order_by=\u00a0\u00bbname\u00a0\u00bb filter_text_transform=\u00a0\u00bb\u00a0\u00bb enable_article_animation=\u00a0\u00bbno\u00a0\u00bb category=\u00a0\u00bbrooms\u00a0\u00bb selected_projects=\u00a0\u00bb\u00a0\u00bb tag=\u00a0\u00bb\u00a0\u00bb excerpt_length=\u00a0\u00bb\u00a0\u00bb load_more_top_margin=\u00a0\u00bb\u00a0\u00bb filter_bottom_margin=\u00a0\u00bb\u00a0\u00bb][vc_column][vc_row_inner][vc_column_inner][vc_column_text]Un espace id\u00e9al pour les familles, offrant confort, intimit\u00e9 et acc\u00e8s direct \u00e0 la nature.<\/p>\n<p><strong>Caract\u00e9ristiques de la chambre :<\/strong><\/p>\n<ul>\n<li>Deux pi\u00e8ces distinctes et une grande salle de bain \u00e9quip\u00e9e d\u2019une baignoire.<\/li>\n<li><strong>Acc\u00e8s direct au jardin<\/strong> : profitez de la pelouse et d\u2019un coin salon devant votre porte.<\/li>\n<\/ul>\n<p><strong>Agencement :<\/strong><\/p>\n<ul>\n<li><strong>Premi\u00e8re pi\u00e8ce<\/strong> : spacieuse et lumineuse, avec un coin salon, un lit double queen size, un petit r\u00e9frig\u00e9rateur et une machine \u00e0 caf\u00e9.<\/li>\n<li><strong>Deuxi\u00e8me pi\u00e8ce<\/strong> : accessible via deux marches, avec deux lits simples, parfaite pour les enfants ou des invit\u00e9s suppl\u00e9mentaires.<\/li>\n<li>La grande chambre est climatis\u00e9e, tandis que l\u2019autre, orient\u00e9e au nord, reste naturellement fra\u00eeche en \u00e9t\u00e9.<\/li>\n<\/ul>\n<p><strong>Options suppl\u00e9mentaires :<\/strong><br \/>\nUn lit suppl\u00e9mentaire ou un lit b\u00e9b\u00e9 peut \u00eatre install\u00e9 sur demande.<\/p>\n<p><strong>Conditions de r\u00e9servation en \u00e9t\u00e9 :<\/strong><br \/>\nLa chambre familiale est disponible uniquement \u00e0 la semaine, <strong>du samedi au samedi<\/strong>, entre mi-juin et mi-septembre.<\/p>\n<p><strong>Tarifs et pr\u00e9cisions :<\/strong><\/p>\n<div class=\"wpb_text_column wpb_content_element \">\n<div class=\"wpb_wrapper\">\n<p><strong>240\u20ac \u2013 540\u20ac par nuit<\/strong><\/p>\n<\/div>\n<\/div>\n<p>Le prix de base inclut deux adultes et deux enfants de moins de 12 ans. Merci de nous pr\u00e9ciser si vous voyagez avec des enfants de plus de 12 ans ou si la chambre est partag\u00e9e par <strong>3 \u00e0 4 adultes<\/strong>, pour ajuster le tarif en cons\u00e9quence.[\/vc_column_text][vc_empty_space][vc_media_grid gap=\u00a0\u00bb10&Prime; grid_id=\u00a0\u00bbvc_gid:1739886124692-5d693c87-0b30-10&Prime; include=\u00a0\u00bb9088,9091,9094,9085,8360,8357&Prime;][\/vc_column_inner][\/vc_row_inner][\/vc_column][\/vc_row][vc_row][vc_column]<div class=\"eltd-call-to-action-holder  eltd-simple-layout \">\n\t<div class=\"eltd-cta-inner \">\n\t\t<div class=\"eltd-cta-text-holder\">\n\t\t\t<div class=\"eltd-cta-text\"><\/div>\n\t\t<\/div>\n\t\t<div class=\"eltd-cta-button-holder\" >\n\t\t\t<div class=\"eltd-cta-button\"><a itemprop=\"url\" href=\"https:\/\/www.fermelepavillon.com\/fr\/book-directly\/\" target=\"_self\"  class=\"eltd-btn eltd-btn-medium eltd-btn-solid eltd-btn-line-left\"  >    <span class=\"eltd-btn-text\">R\u00e9server<\/span>        <\/a><\/div>\n\t\t<\/div>\n\t<\/div>\n<\/div>[vc_empty_space][\/vc_column][\/vc_row]<\/p>\n","protected":false},"excerpt":{"rendered":"<p>[vc_row content_placement=\u00a0\u00bbtop\u00a0\u00bb][vc_column][vc_column_text] Chambre familiale [\/vc_column_text][vc_column_text] C\u00f4t\u00e9 jardin [\/vc_column_text][\/vc_column][\/vc_row][vc_row type=\u00a0\u00bbmasonry\u00a0\u00bb item_type=\u00a0\u00bb\u00a0\u00bb number_of_columns=\u00a0\u00bb4&Prime; space_between_items=\u00a0\u00bbnormal\u00a0\u00bb number_of_items=\u00a0\u00bb-1&Prime; image_proportions=\u00a0\u00bbfull\u00a0\u00bb enable_fixed_proportions=\u00a0\u00bbyes\u00a0\u00bb enable_image_shadow=\u00a0\u00bbno\u00a0\u00bb orderby=\u00a0\u00bbdate\u00a0\u00bb order=\u00a0\u00bbASC\u00a0\u00bb item_style=\u00a0\u00bbgallery-overlay\u00a0\u00bb enable_title=\u00a0\u00bbyes\u00a0\u00bb title_tag=\u00a0\u00bb\u00a0\u00bb title_text_transform=\u00a0\u00bb\u00a0\u00bb enable_category=\u00a0\u00bbyes\u00a0\u00bb enable_count_images=\u00a0\u00bbno\u00a0\u00bb enable_excerpt=\u00a0\u00bbno\u00a0\u00bb pagination_type=\u00a0\u00bbno-pagination\u00a0\u00bb filter=\u00a0\u00bbno\u00a0\u00bb filter_order_by=\u00a0\u00bbname\u00a0\u00bb filter_text_transform=\u00a0\u00bb\u00a0\u00bb enable_article_animation=\u00a0\u00bbno\u00a0\u00bb category=\u00a0\u00bbrooms\u00a0\u00bb selected_projects=\u00a0\u00bb\u00a0\u00bb tag=\u00a0\u00bb\u00a0\u00bb excerpt_length=\u00a0\u00bb\u00a0\u00bb load_more_top_margin=\u00a0\u00bb\u00a0\u00bb filter_bottom_margin=\u00a0\u00bb\u00a0\u00bb][vc_column][vc_row_inner][vc_column_inner][vc_column_text]Un espace id\u00e9al pour les [&hellip;]<\/p>\n","protected":false},"author":5,"featured_media":0,"parent":0,"menu_order":28,"comment_status":"closed","ping_status":"closed","template":"","meta":{"om_disable_all_campaigns":false,"jetpack_post_was_ever_published":false,"footnotes":""},"class_list":["post-9051","page","type-page","status-publish","hentry"],"yoast_head":"<!-- This site is optimized with the Yoast SEO plugin v26.7 - https:\/\/yoast.com\/wordpress\/plugins\/seo\/ -->\n<title>Chambre familiale c\u00f4t\u00e9 jardin fermelepavillon<\/title>\n<meta name=\"robots\" content=\"index, follow, max-snippet:-1, max-image-preview:large, max-video-preview:-1\" \/>\n<link rel=\"canonical\" href=\"https:\/\/www.fermelepavillon.com\/fr\/chambre-familiale-cote-jardin\/\" \/>\n<meta property=\"og:locale\" content=\"fr_FR\" \/>\n<meta property=\"og:type\" content=\"article\" \/>\n<meta property=\"og:title\" content=\"Chambre familiale c\u00f4t\u00e9 jardin fermelepavillon\" \/>\n<meta property=\"og:description\" content=\"[vc_row content_placement=\u00a0\u00bbtop\u00a0\u00bb][vc_column][vc_column_text] Chambre familiale [\/vc_column_text][vc_column_text] C\u00f4t\u00e9 jardin [\/vc_column_text][\/vc_column][\/vc_row][vc_row type=\u00a0\u00bbmasonry\u00a0\u00bb item_type=\u00a0\u00bb\u00a0\u00bb number_of_columns=\u00a0\u00bb4&Prime; space_between_items=\u00a0\u00bbnormal\u00a0\u00bb number_of_items=\u00a0\u00bb-1&Prime; image_proportions=\u00a0\u00bbfull\u00a0\u00bb enable_fixed_proportions=\u00a0\u00bbyes\u00a0\u00bb enable_image_shadow=\u00a0\u00bbno\u00a0\u00bb orderby=\u00a0\u00bbdate\u00a0\u00bb order=\u00a0\u00bbASC\u00a0\u00bb item_style=\u00a0\u00bbgallery-overlay\u00a0\u00bb enable_title=\u00a0\u00bbyes\u00a0\u00bb title_tag=\u00a0\u00bb\u00a0\u00bb title_text_transform=\u00a0\u00bb\u00a0\u00bb enable_category=\u00a0\u00bbyes\u00a0\u00bb enable_count_images=\u00a0\u00bbno\u00a0\u00bb enable_excerpt=\u00a0\u00bbno\u00a0\u00bb pagination_type=\u00a0\u00bbno-pagination\u00a0\u00bb filter=\u00a0\u00bbno\u00a0\u00bb filter_order_by=\u00a0\u00bbname\u00a0\u00bb filter_text_transform=\u00a0\u00bb\u00a0\u00bb enable_article_animation=\u00a0\u00bbno\u00a0\u00bb category=\u00a0\u00bbrooms\u00a0\u00bb selected_projects=\u00a0\u00bb\u00a0\u00bb tag=\u00a0\u00bb\u00a0\u00bb excerpt_length=\u00a0\u00bb\u00a0\u00bb load_more_top_margin=\u00a0\u00bb\u00a0\u00bb filter_bottom_margin=\u00a0\u00bb\u00a0\u00bb][vc_column][vc_row_inner][vc_column_inner][vc_column_text]Un espace id\u00e9al pour les [&hellip;]\" \/>\n<meta property=\"og:url\" content=\"https:\/\/www.fermelepavillon.com\/fr\/chambre-familiale-cote-jardin\/\" \/>\n<meta property=\"og:site_name\" content=\"fermelepavillon\" \/>\n<meta property=\"article:publisher\" content=\"https:\/\/www.facebook.com\/Ferme-le-Pavillon-511026409429922\/\" \/>\n<meta property=\"article:modified_time\" content=\"2026-01-16T06:58:42+00:00\" \/>\n<meta property=\"og:image\" content=\"https:\/\/i0.wp.com\/www.fermelepavillon.com\/wp-content\/uploads\/2025\/03\/Ferme-Le-Pavillon.webp?fit=710%2C512&ssl=1\" \/>\n\t<meta property=\"og:image:width\" content=\"710\" \/>\n\t<meta property=\"og:image:height\" content=\"512\" \/>\n\t<meta property=\"og:image:type\" content=\"image\/webp\" \/>\n<meta name=\"twitter:card\" content=\"summary_large_image\" \/>\n<meta name=\"twitter:label1\" content=\"Dur\u00e9e de lecture estim\u00e9e\" \/>\n\t<meta name=\"twitter:data1\" content=\"2 minutes\" \/>\n<script type=\"application\/ld+json\" class=\"yoast-schema-graph\">{\"@context\":\"https:\/\/schema.org\",\"@graph\":[{\"@type\":\"WebPage\",\"@id\":\"https:\/\/www.fermelepavillon.com\/fr\/chambre-familiale-cote-jardin\/\",\"url\":\"https:\/\/www.fermelepavillon.com\/fr\/chambre-familiale-cote-jardin\/\",\"name\":\"Chambre familiale c\u00f4t\u00e9 jardin fermelepavillon\",\"isPartOf\":{\"@id\":\"https:\/\/www.fermelepavillon.com\/fr\/#website\"},\"datePublished\":\"2025-02-21T14:19:59+00:00\",\"dateModified\":\"2026-01-16T06:58:42+00:00\",\"breadcrumb\":{\"@id\":\"https:\/\/www.fermelepavillon.com\/fr\/chambre-familiale-cote-jardin\/#breadcrumb\"},\"inLanguage\":\"fr-FR\",\"potentialAction\":[{\"@type\":\"ReadAction\",\"target\":[\"https:\/\/www.fermelepavillon.com\/fr\/chambre-familiale-cote-jardin\/\"]}]},{\"@type\":\"BreadcrumbList\",\"@id\":\"https:\/\/www.fermelepavillon.com\/fr\/chambre-familiale-cote-jardin\/#breadcrumb\",\"itemListElement\":[{\"@type\":\"ListItem\",\"position\":1,\"name\":\"Accueil\",\"item\":\"https:\/\/www.fermelepavillon.com\/fr\/home\/\"},{\"@type\":\"ListItem\",\"position\":2,\"name\":\"Chambre familiale c\u00f4t\u00e9 jardin\"}]},{\"@type\":\"WebSite\",\"@id\":\"https:\/\/www.fermelepavillon.com\/fr\/#website\",\"url\":\"https:\/\/www.fermelepavillon.com\/fr\/\",\"name\":\"Ferme Le Pavillon\",\"description\":\"Rooms &amp; Restaurant in the Southern France\",\"alternateName\":\"FLP\",\"potentialAction\":[{\"@type\":\"SearchAction\",\"target\":{\"@type\":\"EntryPoint\",\"urlTemplate\":\"https:\/\/www.fermelepavillon.com\/fr\/?s={search_term_string}\"},\"query-input\":{\"@type\":\"PropertyValueSpecification\",\"valueRequired\":true,\"valueName\":\"search_term_string\"}}],\"inLanguage\":\"fr-FR\"}]}<\/script>\n<!-- \/ Yoast SEO plugin. -->","yoast_head_json":{"title":"Chambre familiale c\u00f4t\u00e9 jardin fermelepavillon","robots":{"index":"index","follow":"follow","max-snippet":"max-snippet:-1","max-image-preview":"max-image-preview:large","max-video-preview":"max-video-preview:-1"},"canonical":"https:\/\/www.fermelepavillon.com\/fr\/chambre-familiale-cote-jardin\/","og_locale":"fr_FR","og_type":"article","og_title":"Chambre familiale c\u00f4t\u00e9 jardin fermelepavillon","og_description":"[vc_row content_placement=\u00a0\u00bbtop\u00a0\u00bb][vc_column][vc_column_text] Chambre familiale [\/vc_column_text][vc_column_text] C\u00f4t\u00e9 jardin [\/vc_column_text][\/vc_column][\/vc_row][vc_row type=\u00a0\u00bbmasonry\u00a0\u00bb item_type=\u00a0\u00bb\u00a0\u00bb number_of_columns=\u00a0\u00bb4&Prime; space_between_items=\u00a0\u00bbnormal\u00a0\u00bb number_of_items=\u00a0\u00bb-1&Prime; image_proportions=\u00a0\u00bbfull\u00a0\u00bb enable_fixed_proportions=\u00a0\u00bbyes\u00a0\u00bb enable_image_shadow=\u00a0\u00bbno\u00a0\u00bb orderby=\u00a0\u00bbdate\u00a0\u00bb order=\u00a0\u00bbASC\u00a0\u00bb item_style=\u00a0\u00bbgallery-overlay\u00a0\u00bb enable_title=\u00a0\u00bbyes\u00a0\u00bb title_tag=\u00a0\u00bb\u00a0\u00bb title_text_transform=\u00a0\u00bb\u00a0\u00bb enable_category=\u00a0\u00bbyes\u00a0\u00bb enable_count_images=\u00a0\u00bbno\u00a0\u00bb enable_excerpt=\u00a0\u00bbno\u00a0\u00bb pagination_type=\u00a0\u00bbno-pagination\u00a0\u00bb filter=\u00a0\u00bbno\u00a0\u00bb filter_order_by=\u00a0\u00bbname\u00a0\u00bb filter_text_transform=\u00a0\u00bb\u00a0\u00bb enable_article_animation=\u00a0\u00bbno\u00a0\u00bb category=\u00a0\u00bbrooms\u00a0\u00bb selected_projects=\u00a0\u00bb\u00a0\u00bb tag=\u00a0\u00bb\u00a0\u00bb excerpt_length=\u00a0\u00bb\u00a0\u00bb load_more_top_margin=\u00a0\u00bb\u00a0\u00bb filter_bottom_margin=\u00a0\u00bb\u00a0\u00bb][vc_column][vc_row_inner][vc_column_inner][vc_column_text]Un espace id\u00e9al pour les [&hellip;]","og_url":"https:\/\/www.fermelepavillon.com\/fr\/chambre-familiale-cote-jardin\/","og_site_name":"fermelepavillon","article_publisher":"https:\/\/www.facebook.com\/Ferme-le-Pavillon-511026409429922\/","article_modified_time":"2026-01-16T06:58:42+00:00","og_image":[{"width":710,"height":512,"url":"https:\/\/i0.wp.com\/www.fermelepavillon.com\/wp-content\/uploads\/2025\/03\/Ferme-Le-Pavillon.webp?fit=710%2C512&ssl=1","type":"image\/webp"}],"twitter_card":"summary_large_image","twitter_misc":{"Dur\u00e9e de lecture estim\u00e9e":"2 minutes"},"schema":{"@context":"https:\/\/schema.org","@graph":[{"@type":"WebPage","@id":"https:\/\/www.fermelepavillon.com\/fr\/chambre-familiale-cote-jardin\/","url":"https:\/\/www.fermelepavillon.com\/fr\/chambre-familiale-cote-jardin\/","name":"Chambre familiale c\u00f4t\u00e9 jardin fermelepavillon","isPartOf":{"@id":"https:\/\/www.fermelepavillon.com\/fr\/#website"},"datePublished":"2025-02-21T14:19:59+00:00","dateModified":"2026-01-16T06:58:42+00:00","breadcrumb":{"@id":"https:\/\/www.fermelepavillon.com\/fr\/chambre-familiale-cote-jardin\/#breadcrumb"},"inLanguage":"fr-FR","potentialAction":[{"@type":"ReadAction","target":["https:\/\/www.fermelepavillon.com\/fr\/chambre-familiale-cote-jardin\/"]}]},{"@type":"BreadcrumbList","@id":"https:\/\/www.fermelepavillon.com\/fr\/chambre-familiale-cote-jardin\/#breadcrumb","itemListElement":[{"@type":"ListItem","position":1,"name":"Accueil","item":"https:\/\/www.fermelepavillon.com\/fr\/home\/"},{"@type":"ListItem","position":2,"name":"Chambre familiale c\u00f4t\u00e9 jardin"}]},{"@type":"WebSite","@id":"https:\/\/www.fermelepavillon.com\/fr\/#website","url":"https:\/\/www.fermelepavillon.com\/fr\/","name":"Ferme Le Pavillon","description":"Rooms &amp; Restaurant in the Southern France","alternateName":"FLP","potentialAction":[{"@type":"SearchAction","target":{"@type":"EntryPoint","urlTemplate":"https:\/\/www.fermelepavillon.com\/fr\/?s={search_term_string}"},"query-input":{"@type":"PropertyValueSpecification","valueRequired":true,"valueName":"search_term_string"}}],"inLanguage":"fr-FR"}]}},"jetpack_sharing_enabled":true,"jetpack_shortlink":"https:\/\/wp.me\/PaSCF6-2lZ","jetpack-related-posts":[{"id":7695,"url":"https:\/\/www.fermelepavillon.com\/fr\/decouvrir\/","url_meta":{"origin":9051,"position":0},"title":"D\u00e9couvrir","author":"Christel Nellemann","date":"7 mai 2020","format":false,"excerpt":"[vc_row simple_background_color=\"#f7f8f9\" css=\".vc_custom_1511187963893{padding-top: 130px !important;padding-bottom: 130px !important;}\"][vc_column][vc_row_inner row_content_width=\"grid\"][vc_column_inner][\/vc_column_inner][\/vc_row_inner][\/vc_column][\/vc_row]","rel":"","context":"Article similaire","block_context":{"text":"Article similaire","link":""},"img":{"alt_text":"","src":"","width":0,"height":0},"classes":[]},{"id":6473,"url":"https:\/\/www.fermelepavillon.com\/en\/about\/","url_meta":{"origin":9051,"position":1},"title":"About","author":"Christel Nellemann","date":"19 f\u00e9vrier 2019","format":false,"excerpt":"[vc_row simple_background_color=\"#f7f8f9\" css=\".vc_custom_1511187963893{padding-top: 130px !important;padding-bottom: 130px !important;}\"][vc_column][vc_row_inner row_content_width=\"grid\"][vc_column_inner][\/vc_column_inner][\/vc_row_inner][\/vc_column][\/vc_row]","rel":"","context":"Article similaire","block_context":{"text":"Article similaire","link":""},"img":{"alt_text":"","src":"","width":0,"height":0},"classes":[]},{"id":1089,"url":"https:\/\/www.fermelepavillon.com\/fr\/home-page\/","url_meta":{"origin":9051,"position":2},"title":"Ferme le Pavillon","author":"Christel Nellemann","date":"15 novembre 2017","format":false,"excerpt":"[vc_row][vc_column][\/vc_column][\/vc_row][vc_row row_content_width=\"grid\" css=\".vc_custom_1612519300178{padding-top: 40px !important;padding-bottom: 79px !important;}\"][vc_column width=\"1\/3\"][\/vc_column][vc_column width=\"2\/3\"][\/vc_column][\/vc_row][vc_row css=\".vc_custom_1511425817892{margin-right: 30px !important;margin-bottom: 30px !important;margin-left: 30px !important;background-color: #f8f6f8 !important;background-position: center !important;background-repeat: no-repeat !important;background-size: contain !important;}\"][vc_column][\/vc_column][\/vc_row][vc_row css=\".vc_custom_1511425817892{margin-right: 30px !important;margin-bottom: 30px !important;margin-left: 30px !important;background-color: #f8f6f8 !important;background-position: center !important;background-repeat: no-repeat !important;background-size: contain !important;}\"][vc_column][\/vc_column][\/vc_row][vc_row content_text_aligment=\"center\" parallax_background_image=\"6617\" css=\".vc_custom_1550679720952{margin-right: 30px !important;margin-bottom: 30px !important;margin-left: 30px !important;}\"][vc_column][\/vc_column][\/vc_row][vc_row][vc_column][vc_single_image image=\"8429\" img_size=\"full\"][\/vc_column][\/vc_row]","rel":"","context":"Article similaire","block_context":{"text":"Article similaire","link":""},"img":{"alt_text":"","src":"","width":0,"height":0},"classes":[]},{"id":7740,"url":"https:\/\/www.fermelepavillon.com\/fr\/chambres\/","url_meta":{"origin":9051,"position":3},"title":"Chambres","author":"Christel Nellemann","date":"7 mai 2020","format":false,"excerpt":"[vc_row row_content_width=\"grid\" css=\".vc_custom_1734002230538{padding-top: 92px !important;padding-bottom: 79px !important;}\"][vc_column width=\"1\/3\"][\/vc_column][vc_column width=\"2\/3\"][\/vc_column][\/vc_row][vc_row row_content_width=\"grid\" css=\".vc_custom_1511878612019{padding-right: 40px !important;padding-left: 40px !important;}\"][vc_column][\/vc_column][\/vc_row][vc_row][vc_column][\/vc_column][\/vc_row]","rel":"","context":"Article similaire","block_context":{"text":"Article similaire","link":""},"img":{"alt_text":"","src":"","width":0,"height":0},"classes":[]},{"id":8821,"url":"https:\/\/www.fermelepavillon.com\/fr\/chambre-familiale-cote-piscine\/","url_meta":{"origin":9051,"position":4},"title":"Chambre familiale c\u00f4t\u00e9 piscine","author":"B\u00e9n\u00e9dicte DAGAN","date":"17 d\u00e9cembre 2024","format":false,"excerpt":"[vc_row content_placement=\"top\"][vc_column][vc_column_text] Chambre familiale [\/vc_column_text][vc_column_text] C\u00f4t\u00e9 piscine [\/vc_column_text][\/vc_column][\/vc_row][vc_row type=\"masonry\" item_type=\"\" number_of_columns=\"4\" space_between_items=\"normal\" number_of_items=\"-1\" image_proportions=\"full\" enable_fixed_proportions=\"yes\" enable_image_shadow=\"no\" orderby=\"date\" order=\"ASC\" item_style=\"gallery-overlay\" enable_title=\"yes\" title_tag=\"\" title_text_transform=\"\" enable_category=\"yes\" enable_count_images=\"no\" enable_excerpt=\"no\" pagination_type=\"no-pagination\" filter=\"no\" filter_order_by=\"name\" filter_text_transform=\"\" enable_article_animation=\"no\" category=\"rooms\" selected_projects=\"\" tag=\"\" excerpt_length=\"\" load_more_top_margin=\"\" filter_bottom_margin=\"\"][vc_column][vc_row_inner][vc_column_inner][vc_column_text] Dans la chambre familiale c\u00f4t\u00e9 piscine, vous trouverez : Une chambre \u00e9quip\u00e9e d\u2019un lit\u2026","rel":"","context":"Article similaire","block_context":{"text":"Article similaire","link":""},"img":{"alt_text":"","src":"","width":0,"height":0},"classes":[]},{"id":7250,"url":"https:\/\/www.fermelepavillon.com\/da\/home-page-3-2\/","url_meta":{"origin":9051,"position":5},"title":"ancienne page home","author":"Christophe Vedel","date":"4 avril 2019","format":false,"excerpt":"[vc_row][vc_column][\/vc_column][\/vc_row][vc_row css=\".vc_custom_1511425817892{margin-right: 30px !important;margin-bottom: 30px !important;margin-left: 30px !important;background-color: #f8f6f8 !important;background-position: center !important;background-repeat: no-repeat !important;background-size: contain !important;}\"][vc_column][\/vc_column][\/vc_row][vc_row content_text_aligment=\"center\" parallax_background_image=\"6617\" css=\".vc_custom_1550679720952{margin-right: 30px !important;margin-bottom: 30px !important;margin-left: 30px !important;}\"][vc_column][\/vc_column][\/vc_row][vc_row][vc_column][\/vc_column][\/vc_row]","rel":"","context":"Article similaire","block_context":{"text":"Article similaire","link":""},"img":{"alt_text":"","src":"","width":0,"height":0},"classes":[]}],"_links":{"self":[{"href":"https:\/\/www.fermelepavillon.com\/fr\/wp-json\/wp\/v2\/pages\/9051","targetHints":{"allow":["GET"]}}],"collection":[{"href":"https:\/\/www.fermelepavillon.com\/fr\/wp-json\/wp\/v2\/pages"}],"about":[{"href":"https:\/\/www.fermelepavillon.com\/fr\/wp-json\/wp\/v2\/types\/page"}],"author":[{"embeddable":true,"href":"https:\/\/www.fermelepavillon.com\/fr\/wp-json\/wp\/v2\/users\/5"}],"replies":[{"embeddable":true,"href":"https:\/\/www.fermelepavillon.com\/fr\/wp-json\/wp\/v2\/comments?post=9051"}],"version-history":[{"count":4,"href":"https:\/\/www.fermelepavillon.com\/fr\/wp-json\/wp\/v2\/pages\/9051\/revisions"}],"predecessor-version":[{"id":9262,"href":"https:\/\/www.fermelepavillon.com\/fr\/wp-json\/wp\/v2\/pages\/9051\/revisions\/9262"}],"wp:attachment":[{"href":"https:\/\/www.fermelepavillon.com\/fr\/wp-json\/wp\/v2\/media?parent=9051"}],"curies":[{"name":"wp","href":"https:\/\/api.w.org\/{rel}","templated":true}]}}