{"id":9197,"date":"2025-02-21T15:16:29","date_gmt":"2025-02-21T14:16:29","guid":{"rendered":"https:\/\/www.fermelepavillon.com\/?page_id=9197"},"modified":"2026-01-16T07:54:45","modified_gmt":"2026-01-16T06:54:45","slug":"chambre-une","status":"publish","type":"page","link":"https:\/\/www.fermelepavillon.com\/fr\/chambre-une\/","title":{"rendered":"Chambre une"},"content":{"rendered":"<p>[vc_row content_placement=\u00a0\u00bbtop\u00a0\u00bb][vc_column][vc_column_text]<\/p>\n<h3 style=\"font-weight: bold; margin-top: 0;\">Chambre<\/h3>\n<p>[\/vc_column_text][vc_column_text]<\/p>\n<h3 style=\"margin-top: 0;\">Une<\/h3>\n<p>[\/vc_column_text][\/vc_column][\/vc_row][vc_row type=\u00a0\u00bbmasonry\u00a0\u00bb item_type=\u00a0\u00bb\u00a0\u00bb number_of_columns=\u00a0\u00bb4&Prime; space_between_items=\u00a0\u00bbnormal\u00a0\u00bb number_of_items=\u00a0\u00bb-1&Prime; image_proportions=\u00a0\u00bbfull\u00a0\u00bb enable_fixed_proportions=\u00a0\u00bbyes\u00a0\u00bb enable_image_shadow=\u00a0\u00bbno\u00a0\u00bb orderby=\u00a0\u00bbdate\u00a0\u00bb order=\u00a0\u00bbASC\u00a0\u00bb item_style=\u00a0\u00bbgallery-overlay\u00a0\u00bb enable_title=\u00a0\u00bbyes\u00a0\u00bb title_tag=\u00a0\u00bb\u00a0\u00bb title_text_transform=\u00a0\u00bb\u00a0\u00bb enable_category=\u00a0\u00bbyes\u00a0\u00bb enable_count_images=\u00a0\u00bbno\u00a0\u00bb enable_excerpt=\u00a0\u00bbno\u00a0\u00bb pagination_type=\u00a0\u00bbno-pagination\u00a0\u00bb filter=\u00a0\u00bbno\u00a0\u00bb filter_order_by=\u00a0\u00bbname\u00a0\u00bb filter_text_transform=\u00a0\u00bb\u00a0\u00bb enable_article_animation=\u00a0\u00bbno\u00a0\u00bb category=\u00a0\u00bbrooms\u00a0\u00bb selected_projects=\u00a0\u00bb\u00a0\u00bb tag=\u00a0\u00bb\u00a0\u00bb excerpt_length=\u00a0\u00bb\u00a0\u00bb load_more_top_margin=\u00a0\u00bb\u00a0\u00bb filter_bottom_margin=\u00a0\u00bb\u00a0\u00bb][vc_column][vc_row_inner][vc_column_inner][vc_column_text]Situ\u00e9e au premier \u00e9tage de la maison principale, cette chambre spacieuse et lumineuse offre un confort absolu et une ambiance apaisante.<\/p>\n<p><strong>Caract\u00e9ristiques :<\/strong><\/p>\n<ul>\n<li><strong>Orientation sud<\/strong> : Baign\u00e9e de lumi\u00e8re naturelle tout au long de la journ\u00e9e, avec une vue splendide sur la piscine et les collines verdoyantes.<\/li>\n<li><strong>D\u00e9coration \u00e9l\u00e9gante<\/strong> : Des teintes claires et douces pour une atmosph\u00e8re chaleureuse et raffin\u00e9e.<\/li>\n<li><strong>Lit king-size<\/strong> : Transformable en deux lits s\u00e9par\u00e9s sur demande, selon vos besoins.<\/li>\n<li><strong>Salle de bain moderne<\/strong> : Dot\u00e9e d\u2019une baignoire et d\u2019une douche pour un confort optimal.<\/li>\n<li><strong>Climatisation<\/strong> : Pour un s\u00e9jour agr\u00e9able en toute saison.<\/li>\n<\/ul>\n<p><strong>Options suppl\u00e9mentaires :<\/strong><br \/>\nUn lit suppl\u00e9mentaire ou un lit b\u00e9b\u00e9 peut \u00eatre install\u00e9 sur demande pour accueillir jusqu\u2019\u00e0 trois personnes.<\/p>\n<p><strong>Capacit\u00e9 maximale<\/strong> : 3 personnes.<\/p>\n<p><strong>Tarifs<\/strong> : 184 \u00e0 360\u20ac par nuit selon la saison.[\/vc_column_text][vc_empty_space][vc_media_grid gap=\u00a0\u00bb10&Prime; grid_id=\u00a0\u00bbvc_gid:1739888758388-66ad9653-902c-3&Prime; include=\u00a0\u00bb9206,9209,9212,9215,9218,9221&Prime;][\/vc_column_inner][\/vc_row_inner][\/vc_column][\/vc_row][vc_row][vc_column]<div class=\"eltd-call-to-action-holder  eltd-simple-layout \">\n\t<div class=\"eltd-cta-inner \">\n\t\t<div class=\"eltd-cta-text-holder\">\n\t\t\t<div class=\"eltd-cta-text\"><\/div>\n\t\t<\/div>\n\t\t<div class=\"eltd-cta-button-holder\" >\n\t\t\t<div class=\"eltd-cta-button\"><a itemprop=\"url\" href=\"https:\/\/www.fermelepavillon.com\/fr\/book-directly\/\" target=\"_self\"  class=\"eltd-btn eltd-btn-medium eltd-btn-solid eltd-btn-line-left\"  >    <span class=\"eltd-btn-text\">R\u00e9server<\/span>        <\/a><\/div>\n\t\t<\/div>\n\t<\/div>\n<\/div>[vc_empty_space][\/vc_column][\/vc_row]<\/p>\n","protected":false},"excerpt":{"rendered":"<p>[vc_row content_placement=\u00a0\u00bbtop\u00a0\u00bb][vc_column][vc_column_text] Chambre [\/vc_column_text][vc_column_text] Une [\/vc_column_text][\/vc_column][\/vc_row][vc_row type=\u00a0\u00bbmasonry\u00a0\u00bb item_type=\u00a0\u00bb\u00a0\u00bb number_of_columns=\u00a0\u00bb4&Prime; space_between_items=\u00a0\u00bbnormal\u00a0\u00bb number_of_items=\u00a0\u00bb-1&Prime; image_proportions=\u00a0\u00bbfull\u00a0\u00bb enable_fixed_proportions=\u00a0\u00bbyes\u00a0\u00bb enable_image_shadow=\u00a0\u00bbno\u00a0\u00bb orderby=\u00a0\u00bbdate\u00a0\u00bb order=\u00a0\u00bbASC\u00a0\u00bb item_style=\u00a0\u00bbgallery-overlay\u00a0\u00bb enable_title=\u00a0\u00bbyes\u00a0\u00bb title_tag=\u00a0\u00bb\u00a0\u00bb title_text_transform=\u00a0\u00bb\u00a0\u00bb enable_category=\u00a0\u00bbyes\u00a0\u00bb enable_count_images=\u00a0\u00bbno\u00a0\u00bb enable_excerpt=\u00a0\u00bbno\u00a0\u00bb pagination_type=\u00a0\u00bbno-pagination\u00a0\u00bb filter=\u00a0\u00bbno\u00a0\u00bb filter_order_by=\u00a0\u00bbname\u00a0\u00bb filter_text_transform=\u00a0\u00bb\u00a0\u00bb enable_article_animation=\u00a0\u00bbno\u00a0\u00bb category=\u00a0\u00bbrooms\u00a0\u00bb selected_projects=\u00a0\u00bb\u00a0\u00bb tag=\u00a0\u00bb\u00a0\u00bb excerpt_length=\u00a0\u00bb\u00a0\u00bb load_more_top_margin=\u00a0\u00bb\u00a0\u00bb filter_bottom_margin=\u00a0\u00bb\u00a0\u00bb][vc_column][vc_row_inner][vc_column_inner][vc_column_text]Situ\u00e9e au premier \u00e9tage de la maison [&hellip;]<\/p>\n","protected":false},"author":5,"featured_media":0,"parent":0,"menu_order":15,"comment_status":"closed","ping_status":"closed","template":"","meta":{"om_disable_all_campaigns":false,"jetpack_post_was_ever_published":false,"footnotes":""},"class_list":["post-9197","page","type-page","status-publish","hentry"],"yoast_head":"<!-- This site is optimized with the Yoast SEO plugin v26.7 - https:\/\/yoast.com\/wordpress\/plugins\/seo\/ -->\n<title>Chambre une fermelepavillon<\/title>\n<meta name=\"robots\" content=\"index, follow, max-snippet:-1, max-image-preview:large, max-video-preview:-1\" \/>\n<link rel=\"canonical\" href=\"https:\/\/www.fermelepavillon.com\/fr\/chambre-une\/\" \/>\n<meta property=\"og:locale\" content=\"fr_FR\" \/>\n<meta property=\"og:type\" content=\"article\" \/>\n<meta property=\"og:title\" content=\"Chambre une fermelepavillon\" \/>\n<meta property=\"og:description\" content=\"[vc_row content_placement=\u00a0\u00bbtop\u00a0\u00bb][vc_column][vc_column_text] Chambre [\/vc_column_text][vc_column_text] Une [\/vc_column_text][\/vc_column][\/vc_row][vc_row type=\u00a0\u00bbmasonry\u00a0\u00bb item_type=\u00a0\u00bb\u00a0\u00bb number_of_columns=\u00a0\u00bb4&Prime; space_between_items=\u00a0\u00bbnormal\u00a0\u00bb number_of_items=\u00a0\u00bb-1&Prime; image_proportions=\u00a0\u00bbfull\u00a0\u00bb enable_fixed_proportions=\u00a0\u00bbyes\u00a0\u00bb enable_image_shadow=\u00a0\u00bbno\u00a0\u00bb orderby=\u00a0\u00bbdate\u00a0\u00bb order=\u00a0\u00bbASC\u00a0\u00bb item_style=\u00a0\u00bbgallery-overlay\u00a0\u00bb enable_title=\u00a0\u00bbyes\u00a0\u00bb title_tag=\u00a0\u00bb\u00a0\u00bb title_text_transform=\u00a0\u00bb\u00a0\u00bb enable_category=\u00a0\u00bbyes\u00a0\u00bb enable_count_images=\u00a0\u00bbno\u00a0\u00bb enable_excerpt=\u00a0\u00bbno\u00a0\u00bb pagination_type=\u00a0\u00bbno-pagination\u00a0\u00bb filter=\u00a0\u00bbno\u00a0\u00bb filter_order_by=\u00a0\u00bbname\u00a0\u00bb filter_text_transform=\u00a0\u00bb\u00a0\u00bb enable_article_animation=\u00a0\u00bbno\u00a0\u00bb category=\u00a0\u00bbrooms\u00a0\u00bb selected_projects=\u00a0\u00bb\u00a0\u00bb tag=\u00a0\u00bb\u00a0\u00bb excerpt_length=\u00a0\u00bb\u00a0\u00bb load_more_top_margin=\u00a0\u00bb\u00a0\u00bb filter_bottom_margin=\u00a0\u00bb\u00a0\u00bb][vc_column][vc_row_inner][vc_column_inner][vc_column_text]Situ\u00e9e au premier \u00e9tage de la maison [&hellip;]\" \/>\n<meta property=\"og:url\" content=\"https:\/\/www.fermelepavillon.com\/fr\/chambre-une\/\" \/>\n<meta property=\"og:site_name\" content=\"fermelepavillon\" \/>\n<meta property=\"article:publisher\" content=\"https:\/\/www.facebook.com\/Ferme-le-Pavillon-511026409429922\/\" \/>\n<meta property=\"article:modified_time\" content=\"2026-01-16T06:54:45+00:00\" \/>\n<meta property=\"og:image\" content=\"https:\/\/i0.wp.com\/www.fermelepavillon.com\/wp-content\/uploads\/2025\/03\/Ferme-Le-Pavillon.webp?fit=710%2C512&ssl=1\" \/>\n\t<meta property=\"og:image:width\" content=\"710\" \/>\n\t<meta property=\"og:image:height\" content=\"512\" \/>\n\t<meta property=\"og:image:type\" content=\"image\/webp\" \/>\n<meta name=\"twitter:card\" content=\"summary_large_image\" \/>\n<meta name=\"twitter:label1\" content=\"Dur\u00e9e de lecture estim\u00e9e\" \/>\n\t<meta name=\"twitter:data1\" content=\"1 minute\" \/>\n<script type=\"application\/ld+json\" class=\"yoast-schema-graph\">{\"@context\":\"https:\/\/schema.org\",\"@graph\":[{\"@type\":\"WebPage\",\"@id\":\"https:\/\/www.fermelepavillon.com\/fr\/chambre-une\/\",\"url\":\"https:\/\/www.fermelepavillon.com\/fr\/chambre-une\/\",\"name\":\"Chambre une fermelepavillon\",\"isPartOf\":{\"@id\":\"https:\/\/www.fermelepavillon.com\/fr\/#website\"},\"datePublished\":\"2025-02-21T14:16:29+00:00\",\"dateModified\":\"2026-01-16T06:54:45+00:00\",\"breadcrumb\":{\"@id\":\"https:\/\/www.fermelepavillon.com\/fr\/chambre-une\/#breadcrumb\"},\"inLanguage\":\"fr-FR\",\"potentialAction\":[{\"@type\":\"ReadAction\",\"target\":[\"https:\/\/www.fermelepavillon.com\/fr\/chambre-une\/\"]}]},{\"@type\":\"BreadcrumbList\",\"@id\":\"https:\/\/www.fermelepavillon.com\/fr\/chambre-une\/#breadcrumb\",\"itemListElement\":[{\"@type\":\"ListItem\",\"position\":1,\"name\":\"Accueil\",\"item\":\"https:\/\/www.fermelepavillon.com\/fr\/home\/\"},{\"@type\":\"ListItem\",\"position\":2,\"name\":\"Chambre une\"}]},{\"@type\":\"WebSite\",\"@id\":\"https:\/\/www.fermelepavillon.com\/fr\/#website\",\"url\":\"https:\/\/www.fermelepavillon.com\/fr\/\",\"name\":\"Ferme Le Pavillon\",\"description\":\"Rooms &amp; Restaurant in the Southern France\",\"alternateName\":\"FLP\",\"potentialAction\":[{\"@type\":\"SearchAction\",\"target\":{\"@type\":\"EntryPoint\",\"urlTemplate\":\"https:\/\/www.fermelepavillon.com\/fr\/?s={search_term_string}\"},\"query-input\":{\"@type\":\"PropertyValueSpecification\",\"valueRequired\":true,\"valueName\":\"search_term_string\"}}],\"inLanguage\":\"fr-FR\"}]}<\/script>\n<!-- \/ Yoast SEO plugin. -->","yoast_head_json":{"title":"Chambre une fermelepavillon","robots":{"index":"index","follow":"follow","max-snippet":"max-snippet:-1","max-image-preview":"max-image-preview:large","max-video-preview":"max-video-preview:-1"},"canonical":"https:\/\/www.fermelepavillon.com\/fr\/chambre-une\/","og_locale":"fr_FR","og_type":"article","og_title":"Chambre une fermelepavillon","og_description":"[vc_row content_placement=\u00a0\u00bbtop\u00a0\u00bb][vc_column][vc_column_text] Chambre [\/vc_column_text][vc_column_text] Une [\/vc_column_text][\/vc_column][\/vc_row][vc_row type=\u00a0\u00bbmasonry\u00a0\u00bb item_type=\u00a0\u00bb\u00a0\u00bb number_of_columns=\u00a0\u00bb4&Prime; space_between_items=\u00a0\u00bbnormal\u00a0\u00bb number_of_items=\u00a0\u00bb-1&Prime; image_proportions=\u00a0\u00bbfull\u00a0\u00bb enable_fixed_proportions=\u00a0\u00bbyes\u00a0\u00bb enable_image_shadow=\u00a0\u00bbno\u00a0\u00bb orderby=\u00a0\u00bbdate\u00a0\u00bb order=\u00a0\u00bbASC\u00a0\u00bb item_style=\u00a0\u00bbgallery-overlay\u00a0\u00bb enable_title=\u00a0\u00bbyes\u00a0\u00bb title_tag=\u00a0\u00bb\u00a0\u00bb title_text_transform=\u00a0\u00bb\u00a0\u00bb enable_category=\u00a0\u00bbyes\u00a0\u00bb enable_count_images=\u00a0\u00bbno\u00a0\u00bb enable_excerpt=\u00a0\u00bbno\u00a0\u00bb pagination_type=\u00a0\u00bbno-pagination\u00a0\u00bb filter=\u00a0\u00bbno\u00a0\u00bb filter_order_by=\u00a0\u00bbname\u00a0\u00bb filter_text_transform=\u00a0\u00bb\u00a0\u00bb enable_article_animation=\u00a0\u00bbno\u00a0\u00bb category=\u00a0\u00bbrooms\u00a0\u00bb selected_projects=\u00a0\u00bb\u00a0\u00bb tag=\u00a0\u00bb\u00a0\u00bb excerpt_length=\u00a0\u00bb\u00a0\u00bb load_more_top_margin=\u00a0\u00bb\u00a0\u00bb filter_bottom_margin=\u00a0\u00bb\u00a0\u00bb][vc_column][vc_row_inner][vc_column_inner][vc_column_text]Situ\u00e9e au premier \u00e9tage de la maison [&hellip;]","og_url":"https:\/\/www.fermelepavillon.com\/fr\/chambre-une\/","og_site_name":"fermelepavillon","article_publisher":"https:\/\/www.facebook.com\/Ferme-le-Pavillon-511026409429922\/","article_modified_time":"2026-01-16T06:54:45+00:00","og_image":[{"width":710,"height":512,"url":"https:\/\/i0.wp.com\/www.fermelepavillon.com\/wp-content\/uploads\/2025\/03\/Ferme-Le-Pavillon.webp?fit=710%2C512&ssl=1","type":"image\/webp"}],"twitter_card":"summary_large_image","twitter_misc":{"Dur\u00e9e de lecture estim\u00e9e":"1 minute"},"schema":{"@context":"https:\/\/schema.org","@graph":[{"@type":"WebPage","@id":"https:\/\/www.fermelepavillon.com\/fr\/chambre-une\/","url":"https:\/\/www.fermelepavillon.com\/fr\/chambre-une\/","name":"Chambre une fermelepavillon","isPartOf":{"@id":"https:\/\/www.fermelepavillon.com\/fr\/#website"},"datePublished":"2025-02-21T14:16:29+00:00","dateModified":"2026-01-16T06:54:45+00:00","breadcrumb":{"@id":"https:\/\/www.fermelepavillon.com\/fr\/chambre-une\/#breadcrumb"},"inLanguage":"fr-FR","potentialAction":[{"@type":"ReadAction","target":["https:\/\/www.fermelepavillon.com\/fr\/chambre-une\/"]}]},{"@type":"BreadcrumbList","@id":"https:\/\/www.fermelepavillon.com\/fr\/chambre-une\/#breadcrumb","itemListElement":[{"@type":"ListItem","position":1,"name":"Accueil","item":"https:\/\/www.fermelepavillon.com\/fr\/home\/"},{"@type":"ListItem","position":2,"name":"Chambre une"}]},{"@type":"WebSite","@id":"https:\/\/www.fermelepavillon.com\/fr\/#website","url":"https:\/\/www.fermelepavillon.com\/fr\/","name":"Ferme Le Pavillon","description":"Rooms &amp; Restaurant in the Southern France","alternateName":"FLP","potentialAction":[{"@type":"SearchAction","target":{"@type":"EntryPoint","urlTemplate":"https:\/\/www.fermelepavillon.com\/fr\/?s={search_term_string}"},"query-input":{"@type":"PropertyValueSpecification","valueRequired":true,"valueName":"search_term_string"}}],"inLanguage":"fr-FR"}]}},"jetpack_sharing_enabled":true,"jetpack_shortlink":"https:\/\/wp.me\/PaSCF6-2ol","jetpack-related-posts":[{"id":7695,"url":"https:\/\/www.fermelepavillon.com\/fr\/decouvrir\/","url_meta":{"origin":9197,"position":0},"title":"D\u00e9couvrir","author":"Christel Nellemann","date":"7 mai 2020","format":false,"excerpt":"[vc_row simple_background_color=\"#f7f8f9\" css=\".vc_custom_1511187963893{padding-top: 130px !important;padding-bottom: 130px !important;}\"][vc_column][vc_row_inner row_content_width=\"grid\"][vc_column_inner][\/vc_column_inner][\/vc_row_inner][\/vc_column][\/vc_row]","rel":"","context":"Article similaire","block_context":{"text":"Article similaire","link":""},"img":{"alt_text":"","src":"","width":0,"height":0},"classes":[]},{"id":6473,"url":"https:\/\/www.fermelepavillon.com\/en\/about\/","url_meta":{"origin":9197,"position":1},"title":"About","author":"Christel Nellemann","date":"19 f\u00e9vrier 2019","format":false,"excerpt":"[vc_row simple_background_color=\"#f7f8f9\" css=\".vc_custom_1511187963893{padding-top: 130px !important;padding-bottom: 130px !important;}\"][vc_column][vc_row_inner row_content_width=\"grid\"][vc_column_inner][\/vc_column_inner][\/vc_row_inner][\/vc_column][\/vc_row]","rel":"","context":"Article similaire","block_context":{"text":"Article similaire","link":""},"img":{"alt_text":"","src":"","width":0,"height":0},"classes":[]},{"id":1089,"url":"https:\/\/www.fermelepavillon.com\/fr\/home-page\/","url_meta":{"origin":9197,"position":2},"title":"Ferme le Pavillon","author":"Christel Nellemann","date":"15 novembre 2017","format":false,"excerpt":"[vc_row][vc_column][\/vc_column][\/vc_row][vc_row row_content_width=\"grid\" css=\".vc_custom_1612519300178{padding-top: 40px !important;padding-bottom: 79px !important;}\"][vc_column width=\"1\/3\"][\/vc_column][vc_column width=\"2\/3\"][\/vc_column][\/vc_row][vc_row css=\".vc_custom_1511425817892{margin-right: 30px !important;margin-bottom: 30px !important;margin-left: 30px !important;background-color: #f8f6f8 !important;background-position: center !important;background-repeat: no-repeat !important;background-size: contain !important;}\"][vc_column][\/vc_column][\/vc_row][vc_row css=\".vc_custom_1511425817892{margin-right: 30px !important;margin-bottom: 30px !important;margin-left: 30px !important;background-color: #f8f6f8 !important;background-position: center !important;background-repeat: no-repeat !important;background-size: contain !important;}\"][vc_column][\/vc_column][\/vc_row][vc_row content_text_aligment=\"center\" parallax_background_image=\"6617\" css=\".vc_custom_1550679720952{margin-right: 30px !important;margin-bottom: 30px !important;margin-left: 30px !important;}\"][vc_column][\/vc_column][\/vc_row][vc_row][vc_column][vc_single_image image=\"8429\" img_size=\"full\"][\/vc_column][\/vc_row]","rel":"","context":"Article similaire","block_context":{"text":"Article similaire","link":""},"img":{"alt_text":"","src":"","width":0,"height":0},"classes":[]},{"id":7740,"url":"https:\/\/www.fermelepavillon.com\/fr\/chambres\/","url_meta":{"origin":9197,"position":3},"title":"Chambres","author":"Christel Nellemann","date":"7 mai 2020","format":false,"excerpt":"[vc_row row_content_width=\"grid\" css=\".vc_custom_1734002230538{padding-top: 92px !important;padding-bottom: 79px !important;}\"][vc_column width=\"1\/3\"][\/vc_column][vc_column width=\"2\/3\"][\/vc_column][\/vc_row][vc_row row_content_width=\"grid\" css=\".vc_custom_1511878612019{padding-right: 40px !important;padding-left: 40px !important;}\"][vc_column][\/vc_column][\/vc_row][vc_row][vc_column][\/vc_column][\/vc_row]","rel":"","context":"Article similaire","block_context":{"text":"Article similaire","link":""},"img":{"alt_text":"","src":"","width":0,"height":0},"classes":[]},{"id":7250,"url":"https:\/\/www.fermelepavillon.com\/da\/home-page-3-2\/","url_meta":{"origin":9197,"position":4},"title":"ancienne page home","author":"Christophe Vedel","date":"4 avril 2019","format":false,"excerpt":"[vc_row][vc_column][\/vc_column][\/vc_row][vc_row css=\".vc_custom_1511425817892{margin-right: 30px !important;margin-bottom: 30px !important;margin-left: 30px !important;background-color: #f8f6f8 !important;background-position: center !important;background-repeat: no-repeat !important;background-size: contain !important;}\"][vc_column][\/vc_column][\/vc_row][vc_row content_text_aligment=\"center\" parallax_background_image=\"6617\" css=\".vc_custom_1550679720952{margin-right: 30px !important;margin-bottom: 30px !important;margin-left: 30px !important;}\"][vc_column][\/vc_column][\/vc_row][vc_row][vc_column][\/vc_column][\/vc_row]","rel":"","context":"Article similaire","block_context":{"text":"Article similaire","link":""},"img":{"alt_text":"","src":"","width":0,"height":0},"classes":[]},{"id":7898,"url":"https:\/\/www.fermelepavillon.com\/fr\/sejour-ete\/","url_meta":{"origin":9197,"position":5},"title":"Chambre d&rsquo;h\u00f4te gourmand","author":"Christel Nellemann","date":"5 f\u00e9vrier 2021","format":false,"excerpt":"[vc_row row_content_width=\"grid\" css=\".vc_custom_1553868737741{padding-right: 80px !important;padding-left: 80px !important;}\"][vc_column css=\".vc_custom_1553869248858{padding-top: 150px !important;}\"][vc_empty_space height=\"30px\"][\/vc_column][\/vc_row]","rel":"","context":"Article similaire","block_context":{"text":"Article similaire","link":""},"img":{"alt_text":"","src":"","width":0,"height":0},"classes":[]}],"_links":{"self":[{"href":"https:\/\/www.fermelepavillon.com\/fr\/wp-json\/wp\/v2\/pages\/9197","targetHints":{"allow":["GET"]}}],"collection":[{"href":"https:\/\/www.fermelepavillon.com\/fr\/wp-json\/wp\/v2\/pages"}],"about":[{"href":"https:\/\/www.fermelepavillon.com\/fr\/wp-json\/wp\/v2\/types\/page"}],"author":[{"embeddable":true,"href":"https:\/\/www.fermelepavillon.com\/fr\/wp-json\/wp\/v2\/users\/5"}],"replies":[{"embeddable":true,"href":"https:\/\/www.fermelepavillon.com\/fr\/wp-json\/wp\/v2\/comments?post=9197"}],"version-history":[{"count":2,"href":"https:\/\/www.fermelepavillon.com\/fr\/wp-json\/wp\/v2\/pages\/9197\/revisions"}],"predecessor-version":[{"id":9285,"href":"https:\/\/www.fermelepavillon.com\/fr\/wp-json\/wp\/v2\/pages\/9197\/revisions\/9285"}],"wp:attachment":[{"href":"https:\/\/www.fermelepavillon.com\/fr\/wp-json\/wp\/v2\/media?parent=9197"}],"curies":[{"name":"wp","href":"https:\/\/api.w.org\/{rel}","templated":true}]}}